{"id":17693,"date":"2018-04-06T10:05:31","date_gmt":"2018-04-06T09:05:31","guid":{"rendered":"https:\/\/www.cetestgroup.com\/?page_id=17693"},"modified":"2023-03-22T12:35:10","modified_gmt":"2023-03-22T12:35:10","slug":"confort","status":"publish","type":"page","link":"https:\/\/www.cetestgroup.com\/es\/ensayos-ferroviarios\/comportamiento-dinamico-y-ensayos-estacionarios\/confort\/","title":{"rendered":"Confort"},"content":{"rendered":"<div class=\"wpb-content-wrapper\"><p>[vc_row][vc_column]<div class=\"ult-spacer spacer-69dcef25aced4\" data-id=\"69dcef25aced4\" data-height=\"30\" data-height-mobile=\"20\" data-height-tab=\"20\" data-height-tab-portrait=\"\" data-height-mobile-landscape=\"\" style=\"clear:both;display:block;\"><\/div><div class=\"dfd-heading-shortcode\"><div class=\"dfd-heading-module-wrap  text-center style_01 dfd-heading-69dcef25acf6b dfd-disable-resposive-headings\" id=\"dfd-heading-69dcef25acf6b\" ><div class=\"inline-block\"><div class=\"dfd-heading-module\"><h6 class=\"widget-title dfd-title \" style=\"font-family:PT Sans Narrow; font-weight:400; font-style:normal; font-size: 20px; color: #25bdd5 !important; line-height: 25px; \">CETEST est\u00e1 acreditado para llevar a cabo ensayos de evaluaci\u00f3n de la exposici\u00f3n humana a vibraciones seg\u00fan norma EN 12299, ISO 2631, ISO 5349, etc\u2026 principales entre otras.<\/h6><div class=\"dfd-heading-delimiter\"><\/div><\/div><\/div><\/div><script type=\"text\/javascript\">\r\n\t\t\t\t\t\t\t\t\t(function($) {\r\n\t\t\t\t\t\t\t\t\t\t$(\"head\").append(\"<style>.dfd-heading-69dcef25acf6b.dfd-heading-module-wrap .dfd-heading-module .dfd-heading-delimiter {border-bottom-style:solid;border-bottom-width:1px;width:100px;border-bottom-color:#dddddd;}.dfd-heading-69dcef25acf6b.dfd-heading-module-wrap .dfd-heading-module .dfd-heading-delimiter {margin-top:20px;margin-bottom:20px;}<\/style>\");\r\n\t\t\t\t\t\t\t\t\t})(jQuery);\r\n\t\t\t\t\t\t\t\t<\/script><\/div><div class=\"ult-spacer spacer-69dcef25ad077\" data-id=\"69dcef25ad077\" data-height=\"30\" data-height-mobile=\"20\" data-height-tab=\"20\" data-height-tab-portrait=\"\" data-height-mobile-landscape=\"\" style=\"clear:both;display:block;\"><\/div>[vc_row_inner][vc_column_inner width=\u00bb1\/3&#8243;][vc_column_text]Los ensayos de confort est\u00e1n dise\u00f1ados para cuantificar los niveles de confort debidos a los movimientos de la caja. Tambi\u00e9n se valoran otros factores como la temperatura, humedad, ruido, etc., conforme a criterios espec\u00edficos.[\/vc_column_text]<div class=\"ult-spacer spacer-69dcef25ad0a6\" data-id=\"69dcef25ad0a6\" data-height=\"20\" data-height-mobile=\"20\" data-height-tab=\"20\" data-height-tab-portrait=\"\" data-height-mobile-landscape=\"\" style=\"clear:both;display:block;\"><\/div>[vc_column_text]El comportamiento del veh\u00edculo depende de las condiciones de marcha: velocidad, carga, estado y trazado de la v\u00eda, entre otras. Todas ellas influyen en el confort percibido por los pasajeros. As\u00ed, se llevan a cabo ensayos en funci\u00f3n de cada una de las condiciones de valoraci\u00f3n siguiendo los m\u00e9todos definidos en las normas internacionales.[\/vc_column_text]<div class=\"ult-spacer spacer-69dcef25ad0cb\" data-id=\"69dcef25ad0cb\" data-height=\"20\" data-height-mobile=\"20\" data-height-tab=\"20\" data-height-tab-portrait=\"\" data-height-mobile-landscape=\"\" style=\"clear:both;display:block;\"><\/div>[vc_column_text]CETEST eval\u00faa el movimiento del veh\u00edculo midiendo las aceleraciones en el rango que afecta a la percepci\u00f3n humana del confort, que se procesan para obtener el \u00edndice de confort y la exposici\u00f3n a las vibraciones (pies, manos y transmisi\u00f3n del asiento).<\/p>\n<ul>\n<li>\u00cdndice de confort.<\/li>\n<li>\n<div class=\"QmZWSe\">\n<div class=\"DHcWmd\">Evaluaci\u00f3n de la exposici\u00f3n humana a las vibraciones en el lugar de trabajo (transmisi\u00f3n de pies, manos y asientos).<\/div>\n<\/div>\n<\/li>\n<\/ul>\n<p>[\/vc_column_text]<div class=\"ult-spacer spacer-69dcef25ad0ec\" data-id=\"69dcef25ad0ec\" data-height=\"20\" data-height-mobile=\"20\" data-height-tab=\"20\" data-height-tab-portrait=\"\" data-height-mobile-landscape=\"\" style=\"clear:both;display:block;\"><\/div>[\/vc_column_inner][vc_column_inner width=\u00bb2\/3&#8243; dfd_column_responsive_enable=\u00bbdfd-column-responsive-enable\u00bb css=\u00bb.vc_custom_1503901763609{padding-right: 5% !important;padding-left: 5% !important;}\u00bb responsive_styles=\u00bbpadding_left_mobile:10|padding_right_mobile:10&#8243;][vc_single_image image=\u00bb17283&#8243; img_size=\u00bbfull\u00bb alignment=\u00bbcenter\u00bb]<div class=\"ult-spacer spacer-69dcef25ad117\" data-id=\"69dcef25ad117\" data-height=\"10\" data-height-mobile=\"10\" data-height-tab=\"10\" data-height-tab-portrait=\"\" data-height-mobile-landscape=\"\" style=\"clear:both;display:block;\"><\/div><div id=\"dfd-announce-69dcef25ad140-5231\" class=\"dfd-announce-module-wrap align-left no_full_bg_class  style-3 layout-1\" ><div class=\"dfd-announce-module\"><div class=\"module-icon\" ><i class = \"dfd-icon-train_1\"><\/i><\/div><div class=\"module-text\" style=\"font-family:PT Sans; font-weight:400; font-style:normal; font-size: 18px; color: #25bdd5 !important; line-height: 22px; font-weight:bold; \">El comportamiento del veh\u00edculo depende de las condiciones de marcha: velocidad, carga, estado y trazado de la v\u00eda, entre otras.<\/div><\/div><\/div>[\/vc_column_inner][\/vc_row_inner]<div class=\"ult-spacer spacer-69dcef25ad18c\" data-id=\"69dcef25ad18c\" data-height=\"60\" data-height-mobile=\"20\" data-height-tab=\"30\" data-height-tab-portrait=\"\" data-height-mobile-landscape=\"\" style=\"clear:both;display:block;\"><\/div>[\/vc_column][\/vc_row]<\/p>\n<\/div>","protected":false},"excerpt":{"rendered":"<p>[vc_row][vc_column][vc_row_inner][vc_column_inner width=\u00bb1\/3&#8243;][vc_column_text]Los ensayos de confort est\u00e1n dise\u00f1ados para cuantificar los niveles de confort debidos a los movimientos de la caja. Tambi\u00e9n se valoran otros factores como la temperatura, humedad, ruido,<\/p>\n","protected":false},"author":1,"featured_media":0,"parent":17813,"menu_order":0,"comment_status":"closed","ping_status":"closed","template":"tmp-page-right-sidebar.php","meta":{"_acf_changed":false,"footnotes":""},"class_list":["post-17693","page","type-page","status-publish","hentry"],"acf":[],"yoast_head":"<!-- This site is optimized with the Yoast SEO plugin v27.3 - https:\/\/yoast.com\/product\/yoast-seo-wordpress\/ -->\n<title>Ensayos de Confort en Veh\u00edculos Ferroviarios | CETEST<\/title>\n<meta name=\"description\" content=\"CETEST est\u00e1 acreditado para llevar a cabo ensayos de evaluaci\u00f3n del confort conforme a la norma EN 12299, dise\u00f1ados para cuantificar los niveles de confort debidos a los movimientos de la caja. Tambi\u00e9n se valoran otros factores como la temperatura, humedad, ruido, etc., conforme a criterios espec\u00edficos.\" \/>\n<meta name=\"robots\" content=\"index, follow, max-snippet:-1, max-image-preview:large, max-video-preview:-1\" \/>\n<link rel=\"canonical\" href=\"https:\/\/www.cetestgroup.com\/es\/ensayos-ferroviarios\/comportamiento-dinamico-y-ensayos-estacionarios\/confort\/\" \/>\n<meta property=\"og:locale\" content=\"es_ES\" \/>\n<meta property=\"og:type\" content=\"article\" \/>\n<meta property=\"og:title\" content=\"Ensayos de Confort en Veh\u00edculos Ferroviarios | CETEST\" \/>\n<meta property=\"og:description\" content=\"CETEST est\u00e1 acreditado para llevar a cabo ensayos de evaluaci\u00f3n del confort conforme a la norma EN 12299, dise\u00f1ados para cuantificar los niveles de confort debidos a los movimientos de la caja. Tambi\u00e9n se valoran otros factores como la temperatura, humedad, ruido, etc., conforme a criterios espec\u00edficos.\" \/>\n<meta property=\"og:url\" content=\"https:\/\/www.cetestgroup.com\/es\/ensayos-ferroviarios\/comportamiento-dinamico-y-ensayos-estacionarios\/confort\/\" \/>\n<meta property=\"og:site_name\" content=\"CETEST\" \/>\n<meta property=\"article:modified_time\" content=\"2023-03-22T12:35:10+00:00\" \/>\n<meta name=\"twitter:card\" content=\"summary_large_image\" \/>\n<meta name=\"twitter:label1\" content=\"Tiempo de lectura\" \/>\n\t<meta name=\"twitter:data1\" content=\"2 minutos\" \/>\n<script type=\"application\/ld+json\" class=\"yoast-schema-graph\">{\"@context\":\"https:\\\/\\\/schema.org\",\"@graph\":[{\"@type\":\"WebPage\",\"@id\":\"https:\\\/\\\/www.cetestgroup.com\\\/es\\\/ensayos-ferroviarios\\\/comportamiento-dinamico-y-ensayos-estacionarios\\\/confort\\\/\",\"url\":\"https:\\\/\\\/www.cetestgroup.com\\\/es\\\/ensayos-ferroviarios\\\/comportamiento-dinamico-y-ensayos-estacionarios\\\/confort\\\/\",\"name\":\"Ensayos de Confort en Veh\u00edculos Ferroviarios | CETEST\",\"isPartOf\":{\"@id\":\"https:\\\/\\\/www.cetestgroup.com\\\/es\\\/#website\"},\"datePublished\":\"2018-04-06T09:05:31+00:00\",\"dateModified\":\"2023-03-22T12:35:10+00:00\",\"description\":\"CETEST est\u00e1 acreditado para llevar a cabo ensayos de evaluaci\u00f3n del confort conforme a la norma EN 12299, dise\u00f1ados para cuantificar los niveles de confort debidos a los movimientos de la caja. Tambi\u00e9n se valoran otros factores como la temperatura, humedad, ruido, etc., conforme a criterios espec\u00edficos.\",\"breadcrumb\":{\"@id\":\"https:\\\/\\\/www.cetestgroup.com\\\/es\\\/ensayos-ferroviarios\\\/comportamiento-dinamico-y-ensayos-estacionarios\\\/confort\\\/#breadcrumb\"},\"inLanguage\":\"es\",\"potentialAction\":[{\"@type\":\"ReadAction\",\"target\":[\"https:\\\/\\\/www.cetestgroup.com\\\/es\\\/ensayos-ferroviarios\\\/comportamiento-dinamico-y-ensayos-estacionarios\\\/confort\\\/\"]}]},{\"@type\":\"BreadcrumbList\",\"@id\":\"https:\\\/\\\/www.cetestgroup.com\\\/es\\\/ensayos-ferroviarios\\\/comportamiento-dinamico-y-ensayos-estacionarios\\\/confort\\\/#breadcrumb\",\"itemListElement\":[{\"@type\":\"ListItem\",\"position\":1,\"name\":\"Home\",\"item\":\"https:\\\/\\\/www.cetestgroup.com\\\/es\\\/\"},{\"@type\":\"ListItem\",\"position\":2,\"name\":\"Ensayos Ferroviarios\",\"item\":\"https:\\\/\\\/www.cetestgroup.com\\\/es\\\/ensayos-ferroviarios\\\/\"},{\"@type\":\"ListItem\",\"position\":3,\"name\":\"Comportamiento din\u00e1mico\",\"item\":\"https:\\\/\\\/www.cetestgroup.com\\\/es\\\/ensayos-ferroviarios\\\/comportamiento-dinamico-y-ensayos-estacionarios\\\/\"},{\"@type\":\"ListItem\",\"position\":4,\"name\":\"Confort\"}]},{\"@type\":\"WebSite\",\"@id\":\"https:\\\/\\\/www.cetestgroup.com\\\/es\\\/#website\",\"url\":\"https:\\\/\\\/www.cetestgroup.com\\\/es\\\/\",\"name\":\"CETEST\",\"description\":\"CETEST is a fully accredited independent test laboratory offering services for design verification, model validation, developmental testing and\\\/or answers to help you identify failure root causes. We carry out tests in our facilities as well as on site as required by customer needs.\",\"potentialAction\":[{\"@type\":\"SearchAction\",\"target\":{\"@type\":\"EntryPoint\",\"urlTemplate\":\"https:\\\/\\\/www.cetestgroup.com\\\/es\\\/?s={search_term_string}\"},\"query-input\":{\"@type\":\"PropertyValueSpecification\",\"valueRequired\":true,\"valueName\":\"search_term_string\"}}],\"inLanguage\":\"es\"}]}<\/script>\n<!-- \/ Yoast SEO plugin. -->","yoast_head_json":{"title":"Ensayos de Confort en Veh\u00edculos Ferroviarios | CETEST","description":"CETEST est\u00e1 acreditado para llevar a cabo ensayos de evaluaci\u00f3n del confort conforme a la norma EN 12299, dise\u00f1ados para cuantificar los niveles de confort debidos a los movimientos de la caja. Tambi\u00e9n se valoran otros factores como la temperatura, humedad, ruido, etc., conforme a criterios espec\u00edficos.","robots":{"index":"index","follow":"follow","max-snippet":"max-snippet:-1","max-image-preview":"max-image-preview:large","max-video-preview":"max-video-preview:-1"},"canonical":"https:\/\/www.cetestgroup.com\/es\/ensayos-ferroviarios\/comportamiento-dinamico-y-ensayos-estacionarios\/confort\/","og_locale":"es_ES","og_type":"article","og_title":"Ensayos de Confort en Veh\u00edculos Ferroviarios | CETEST","og_description":"CETEST est\u00e1 acreditado para llevar a cabo ensayos de evaluaci\u00f3n del confort conforme a la norma EN 12299, dise\u00f1ados para cuantificar los niveles de confort debidos a los movimientos de la caja. Tambi\u00e9n se valoran otros factores como la temperatura, humedad, ruido, etc., conforme a criterios espec\u00edficos.","og_url":"https:\/\/www.cetestgroup.com\/es\/ensayos-ferroviarios\/comportamiento-dinamico-y-ensayos-estacionarios\/confort\/","og_site_name":"CETEST","article_modified_time":"2023-03-22T12:35:10+00:00","twitter_card":"summary_large_image","twitter_misc":{"Tiempo de lectura":"2 minutos"},"schema":{"@context":"https:\/\/schema.org","@graph":[{"@type":"WebPage","@id":"https:\/\/www.cetestgroup.com\/es\/ensayos-ferroviarios\/comportamiento-dinamico-y-ensayos-estacionarios\/confort\/","url":"https:\/\/www.cetestgroup.com\/es\/ensayos-ferroviarios\/comportamiento-dinamico-y-ensayos-estacionarios\/confort\/","name":"Ensayos de Confort en Veh\u00edculos Ferroviarios | CETEST","isPartOf":{"@id":"https:\/\/www.cetestgroup.com\/es\/#website"},"datePublished":"2018-04-06T09:05:31+00:00","dateModified":"2023-03-22T12:35:10+00:00","description":"CETEST est\u00e1 acreditado para llevar a cabo ensayos de evaluaci\u00f3n del confort conforme a la norma EN 12299, dise\u00f1ados para cuantificar los niveles de confort debidos a los movimientos de la caja. Tambi\u00e9n se valoran otros factores como la temperatura, humedad, ruido, etc., conforme a criterios espec\u00edficos.","breadcrumb":{"@id":"https:\/\/www.cetestgroup.com\/es\/ensayos-ferroviarios\/comportamiento-dinamico-y-ensayos-estacionarios\/confort\/#breadcrumb"},"inLanguage":"es","potentialAction":[{"@type":"ReadAction","target":["https:\/\/www.cetestgroup.com\/es\/ensayos-ferroviarios\/comportamiento-dinamico-y-ensayos-estacionarios\/confort\/"]}]},{"@type":"BreadcrumbList","@id":"https:\/\/www.cetestgroup.com\/es\/ensayos-ferroviarios\/comportamiento-dinamico-y-ensayos-estacionarios\/confort\/#breadcrumb","itemListElement":[{"@type":"ListItem","position":1,"name":"Home","item":"https:\/\/www.cetestgroup.com\/es\/"},{"@type":"ListItem","position":2,"name":"Ensayos Ferroviarios","item":"https:\/\/www.cetestgroup.com\/es\/ensayos-ferroviarios\/"},{"@type":"ListItem","position":3,"name":"Comportamiento din\u00e1mico","item":"https:\/\/www.cetestgroup.com\/es\/ensayos-ferroviarios\/comportamiento-dinamico-y-ensayos-estacionarios\/"},{"@type":"ListItem","position":4,"name":"Confort"}]},{"@type":"WebSite","@id":"https:\/\/www.cetestgroup.com\/es\/#website","url":"https:\/\/www.cetestgroup.com\/es\/","name":"CETEST","description":"CETEST is a fully accredited independent test laboratory offering services for design verification, model validation, developmental testing and\/or answers to help you identify failure root causes. We carry out tests in our facilities as well as on site as required by customer needs.","potentialAction":[{"@type":"SearchAction","target":{"@type":"EntryPoint","urlTemplate":"https:\/\/www.cetestgroup.com\/es\/?s={search_term_string}"},"query-input":{"@type":"PropertyValueSpecification","valueRequired":true,"valueName":"search_term_string"}}],"inLanguage":"es"}]}},"_links":{"self":[{"href":"https:\/\/www.cetestgroup.com\/es\/wp-json\/wp\/v2\/pages\/17693","targetHints":{"allow":["GET"]}}],"collection":[{"href":"https:\/\/www.cetestgroup.com\/es\/wp-json\/wp\/v2\/pages"}],"about":[{"href":"https:\/\/www.cetestgroup.com\/es\/wp-json\/wp\/v2\/types\/page"}],"author":[{"embeddable":true,"href":"https:\/\/www.cetestgroup.com\/es\/wp-json\/wp\/v2\/users\/1"}],"replies":[{"embeddable":true,"href":"https:\/\/www.cetestgroup.com\/es\/wp-json\/wp\/v2\/comments?post=17693"}],"version-history":[{"count":2,"href":"https:\/\/www.cetestgroup.com\/es\/wp-json\/wp\/v2\/pages\/17693\/revisions"}],"predecessor-version":[{"id":19731,"href":"https:\/\/www.cetestgroup.com\/es\/wp-json\/wp\/v2\/pages\/17693\/revisions\/19731"}],"up":[{"embeddable":true,"href":"https:\/\/www.cetestgroup.com\/es\/wp-json\/wp\/v2\/pages\/17813"}],"wp:attachment":[{"href":"https:\/\/www.cetestgroup.com\/es\/wp-json\/wp\/v2\/media?parent=17693"}],"curies":[{"name":"wp","href":"https:\/\/api.w.org\/{rel}","templated":true}]}}