{"id":17673,"date":"2018-04-05T15:03:35","date_gmt":"2018-04-05T14:03:35","guid":{"rendered":"https:\/\/www.cetestgroup.com\/?page_id=17673"},"modified":"2018-05-16T11:32:51","modified_gmt":"2018-05-16T10:32:51","slug":"ensayos-climaticos-simplificados","status":"publish","type":"page","link":"https:\/\/www.cetestgroup.com\/es\/ensayos-ferroviarios\/ensayos-climaticos\/ensayos-climaticos-simplificados\/","title":{"rendered":"Ensayos Clim\u00e1ticos Simplificados"},"content":{"rendered":"<div class=\"wpb-content-wrapper\"><p>[vc_row][vc_column]<div class=\"ult-spacer spacer-69dd19602843f\" data-id=\"69dd19602843f\" data-height=\"30\" data-height-mobile=\"20\" data-height-tab=\"20\" data-height-tab-portrait=\"\" data-height-mobile-landscape=\"\" style=\"clear:both;display:block;\"><\/div><div class=\"dfd-heading-shortcode\"><div class=\"dfd-heading-module-wrap  text-center style_01 dfd-heading-69dd1960284da dfd-disable-resposive-headings\" id=\"dfd-heading-69dd1960284da\" ><div class=\"inline-block\"><div class=\"dfd-heading-module\"><h6 class=\"widget-title dfd-title \" style=\"font-family:PT Sans Narrow; font-weight:400; font-style:normal; font-size: 20px; color: #25bdd5 !important; line-height: 25px; \">En CETEST somos expertos en el campo de ensayos de climatizaci\u00f3n y ventilaci\u00f3n. Ayudamos a nuestro cliente durante el proceso de homologaci\u00f3n y a resolver problemas asociados con el sistema de climatizaci\u00f3n siguiendo las directrices establecidas por las diversas normas (como la EN14750).<\/h6><div class=\"dfd-heading-delimiter\"><\/div><\/div><\/div><\/div><script type=\"text\/javascript\">\r\n\t\t\t\t\t\t\t\t\t(function($) {\r\n\t\t\t\t\t\t\t\t\t\t$(\"head\").append(\"<style>.dfd-heading-69dd1960284da.dfd-heading-module-wrap .dfd-heading-module .dfd-heading-delimiter {border-bottom-style:solid;border-bottom-width:1px;width:100px;border-bottom-color:#dddddd;}.dfd-heading-69dd1960284da.dfd-heading-module-wrap .dfd-heading-module .dfd-heading-delimiter {margin-top:20px;margin-bottom:20px;}<\/style>\");\r\n\t\t\t\t\t\t\t\t\t})(jQuery);\r\n\t\t\t\t\t\t\t\t<\/script><\/div><div class=\"ult-spacer spacer-69dd1960285ce\" data-id=\"69dd1960285ce\" data-height=\"30\" data-height-mobile=\"20\" data-height-tab=\"20\" data-height-tab-portrait=\"\" data-height-mobile-landscape=\"\" style=\"clear:both;display:block;\"><\/div>[vc_row_inner][vc_column_inner width=\u00bb1\/2&#8243;]<div class=\"ult-spacer spacer-69dd1960285fe\" data-id=\"69dd1960285fe\" data-height=\"20\" data-height-mobile=\"10\" data-height-tab=\"20\" data-height-tab-portrait=\"\" data-height-mobile-landscape=\"\" style=\"clear:both;display:block;\"><\/div>[vc_column_text]Podemos llevar a cabo diversas mediciones para evaluar el funcionamiento de la calefacci\u00f3n y el aire acondicionado. Para ello, se completan diferentes ciclos de calentamiento y enfriamiento conforme a las especificaciones del cliente, simulando el calor aportado por los pasajeros, etc. Entre otros, podemos realizar los siguientes ensayos:<\/p>\n<ul>\n<li>Ensayo de transferencia del calor del veh\u00edculo (determinaci\u00f3n del coeficiente k\/ valor UA) en espacios debidamente preparados, bien en las instalaciones del cliente como en nuestra propia c\u00e1mara clim\u00e1tica.<\/li>\n<li>Presurizaci\u00f3n del veh\u00edculo y detecci\u00f3n de fugas.<\/li>\n<li>Ensayos de balance de aire (mediciones del flujo del aire fresco y del retorno del flujo de climatizaci\u00f3n).<\/li>\n<li>Mediciones de la velocidad del aire en el interior del veh\u00edculo.<\/li>\n<li>Mediciones de consumo.<\/li>\n<li>Evaluaci\u00f3n del funcionamiento del sistema de climatizaci\u00f3n y del confort t\u00e9rmico.<\/li>\n<li>Ensayos funcionales de diferentes componentes sujetos a condiciones clim\u00e1ticas extremas.<\/li>\n<li>Mediciones t\u00e9rmicas y soluci\u00f3n de problemas en componentes (discos de freno, ruedas, compresores, sistemas de transmisi\u00f3n, sistemas de calefacci\u00f3n).<\/li>\n<li>Correlaci\u00f3n de las simulaciones CFD en prototipos.<\/li>\n<\/ul>\n<p>[\/vc_column_text][\/vc_column_inner][vc_column_inner width=\u00bb1\/2&#8243; css=\u00bb.vc_custom_1501153082267{padding-right: 5% !important;padding-left: 5% !important;}\u00bb]<div class=\"ult-spacer spacer-69dd196028622\" data-id=\"69dd196028622\" data-height=\"20\" data-height-mobile=\"20\" data-height-tab=\"20\" data-height-tab-portrait=\"\" data-height-mobile-landscape=\"\" style=\"clear:both;display:block;\"><\/div><div id=\"dfd-carousel-69dd196028698\" class=\"dfd-carousel-wrapper\"><div class=\"dfd-carousel-module-wrapper  dfd-carousel-horizontal dfd-arrows_aside2 dfdfillsquare dfd-arrows-style_4 dfd-arrows-enabled dfd-dots-enabled\" ><div class=\"dfd-carousel\">[vc_single_image image=\u00bb15805&#8243; img_size=\u00bbfull\u00bb alignment=\u00bbcenter\u00bb][vc_single_image image=\u00bb15954&#8243; img_size=\u00bbfull\u00bb alignment=\u00bbcenter\u00bb]<\/div><a href=\"#\" class=\"dfd-slider-control prev\" title=\"Previous slide\"><i class=\"dfd-added-font-icon-left-open2\"><\/i><\/a><a href=\"#\" class=\"dfd-slider-control next\" title=\"Next slide\"><i class=\"dfd-added-font-icon-right-open2\"><\/i><\/a><\/div>\t\t\t\t<script type=\"text\/javascript\">\r\n\t\t\t\t\t(function($) {\r\n\t\t\t\t\t\t\"use strict\";\r\n\t\t\t\t\t\tvar $carousel = $('#dfd-carousel-69dd196028698').find('.dfd-carousel');\r\n\t\t\t\t\t\t$(document).ready(function() {\r\n\t\t\t\t\t\t\tvar $initialized = ($('body').hasClass('page-template-tmp-side-by-side')) ? $carousel.not('.slick-initialized') : $carousel;\r\n\t\t\t\t\t\t\t\t\t\t\t\t\t\t$carousel.siblings('.dfd-slider-control.prev').click(function(e) {\r\n\t\t\t\t\t\t\t\te.preventDefault();\r\n\t\t\t\t\t\t\t\t$carousel.eq(0).slick('slickPrev');\r\n\t\t\t\t\t\t\t});\r\n\t\t\t\t\t\t\t$carousel.siblings('.dfd-slider-control.next').click(function(e) {\r\n\t\t\t\t\t\t\t\te.preventDefault();\r\n\t\t\t\t\t\t\t\t$carousel.eq(0).slick('slickNext');\r\n\t\t\t\t\t\t\t});\r\n\t\t\t\t\t\t\t$initialized.slick({arrows: false,dotsClass: 'dfd-slick-dots',slidesToScroll: 1,autoplay: true,autoplaySpeed: 5000,dots: true,customPaging: function(slider, i) {\r\n\t\t\t\t\t\t\t\t\treturn '<span data-role=\"none\" role=\"button\" aria-required=\"false\" tabindex=\"0\"><\/span>';\r\n\t\t\t\t\t\t\t\t},infinite: true,slidesToShow: 1,speed: 300,swipe: true,draggable: true,adaptiveHeight: true,responsive: [\r\n\t\t\t\t\t\t\t{\r\n\t\t\t\t\t\t\t\tbreakpoint: 1024,\r\n\t\t\t\t\t\t\t\tsettings: {\r\n\t\t\t\t\t\t\t\t\tslidesToShow: 1,\r\n\t\t\t\t\t\t\t\t\tslidesToScroll: 1,\r\n\t\t\t\t\t\t\t\t}\r\n\t\t\t\t\t\t\t},\r\n\t\t\t\t\t\t\t{\r\n\t\t\t\t\t\t\t\tbreakpoint: 800,\r\n\t\t\t\t\t\t\t\tsettings: {\r\n\t\t\t\t\t\t\t\t\tslidesToShow: 1,\r\n\t\t\t\t\t\t\t\t\tslidesToScroll: 1,\r\n\t\t\t\t\t\t\t\t}\r\n\t\t\t\t\t\t\t},\r\n\t\t\t\t\t\t\t{\r\n\t\t\t\t\t\t\t\tbreakpoint: 480,\r\n\t\t\t\t\t\t\t\tsettings: {\r\n\t\t\t\t\t\t\t\t\tslidesToShow: 1,\r\n\t\t\t\t\t\t\t\t\tslidesToScroll: 1,\r\n\t\t\t\t\t\t\t\t}\r\n\t\t\t\t\t\t\t},]});\r\n\t\t\t\t\t\t\t$(\"head\").append(\"<style>#dfd-carousel-69dd196028698 > .dfd-carousel-module-wrapper > .dfd-carousel > .slick-list > .slick-track > .dfd-item-wrap > .cover {padding: 10px;}#dfd-carousel-69dd196028698 {margin: -10px;}<\/style>\")\t\t\t\t\t\t});\r\n\t\t\t\t\t})(jQuery);\r\n\t\t\t\t<\/script>\r\n            <\/div><div class=\"ult-spacer spacer-69dd196028742\" data-id=\"69dd196028742\" data-height=\"10\" data-height-mobile=\"10\" data-height-tab=\"10\" data-height-tab-portrait=\"\" data-height-mobile-landscape=\"\" style=\"clear:both;display:block;\"><\/div><div id=\"dfd-announce-69dd196028772-763\" class=\"dfd-announce-module-wrap align-left no_full_bg_class  style-3 layout-1\" ><div class=\"dfd-announce-module\"><div class=\"module-icon\" ><i class = \"dfd-icon-train_1\"><\/i><\/div><div class=\"module-text\" style=\"font-family:PT Sans; font-weight:400; font-style:normal; font-size: 18px; color: #25bdd5 !important; line-height: 22px; font-weight:bold; \">Podemos llevar a cabo diversas mediciones para evaluar el funcionamiento de la calefacci\u00f3n y el aire acondicionado.<\/div><\/div><\/div><div class=\"ult-spacer spacer-69dd1960287c1\" data-id=\"69dd1960287c1\" data-height=\"20\" data-height-mobile=\"20\" data-height-tab=\"20\" data-height-tab-portrait=\"\" data-height-mobile-landscape=\"\" style=\"clear:both;display:block;\"><\/div>[\/vc_column_inner][\/vc_row_inner]<div class=\"ult-spacer spacer-69dd1960287e3\" data-id=\"69dd1960287e3\" data-height=\"60\" data-height-mobile=\"20\" data-height-tab=\"30\" data-height-tab-portrait=\"\" data-height-mobile-landscape=\"\" style=\"clear:both;display:block;\"><\/div>[\/vc_column][\/vc_row]<\/p>\n<\/div>","protected":false},"excerpt":{"rendered":"<p>[vc_row][vc_column][vc_row_inner][vc_column_inner width=\u00bb1\/2&#8243;][vc_column_text]Podemos llevar a cabo diversas mediciones para evaluar el funcionamiento de la calefacci\u00f3n y el aire acondicionado. Para ello, se completan diferentes ciclos de calentamiento y enfriamiento conforme a<\/p>\n","protected":false},"author":1,"featured_media":0,"parent":17807,"menu_order":0,"comment_status":"closed","ping_status":"closed","template":"tmp-page-right-sidebar.php","meta":{"_acf_changed":false,"footnotes":""},"class_list":["post-17673","page","type-page","status-publish","hentry"],"acf":[],"yoast_head":"<!-- This site is optimized with the Yoast SEO plugin v27.3 - https:\/\/yoast.com\/product\/yoast-seo-wordpress\/ -->\n<title>Ensayos Clim\u00e1ticos Simplificados en el Sector Ferroviario | CETEST<\/title>\n<meta name=\"description\" content=\"En CETEST somos expertos en el campo de ensayos de climatizaci\u00f3n y ventilaci\u00f3n. Ayudamos a nuestro cliente durante el proceso de homologaci\u00f3n y a resolver problemas asociados con el sistema de climatizaci\u00f3n siguiendo las directrices establecidas por las diversas normas (como la EN14750).\" \/>\n<meta name=\"robots\" content=\"index, follow, max-snippet:-1, max-image-preview:large, max-video-preview:-1\" \/>\n<link rel=\"canonical\" href=\"https:\/\/www.cetestgroup.com\/es\/ensayos-ferroviarios\/ensayos-climaticos\/ensayos-climaticos-simplificados\/\" \/>\n<meta property=\"og:locale\" content=\"es_ES\" \/>\n<meta property=\"og:type\" content=\"article\" \/>\n<meta property=\"og:title\" content=\"Ensayos Clim\u00e1ticos Simplificados en el Sector Ferroviario | CETEST\" \/>\n<meta property=\"og:description\" content=\"En CETEST somos expertos en el campo de ensayos de climatizaci\u00f3n y ventilaci\u00f3n. Ayudamos a nuestro cliente durante el proceso de homologaci\u00f3n y a resolver problemas asociados con el sistema de climatizaci\u00f3n siguiendo las directrices establecidas por las diversas normas (como la EN14750).\" \/>\n<meta property=\"og:url\" content=\"https:\/\/www.cetestgroup.com\/es\/ensayos-ferroviarios\/ensayos-climaticos\/ensayos-climaticos-simplificados\/\" \/>\n<meta property=\"og:site_name\" content=\"CETEST\" \/>\n<meta property=\"article:modified_time\" content=\"2018-05-16T10:32:51+00:00\" \/>\n<meta name=\"twitter:card\" content=\"summary_large_image\" \/>\n<meta name=\"twitter:label1\" content=\"Tiempo de lectura\" \/>\n\t<meta name=\"twitter:data1\" content=\"2 minutos\" \/>\n<script type=\"application\/ld+json\" class=\"yoast-schema-graph\">{\"@context\":\"https:\\\/\\\/schema.org\",\"@graph\":[{\"@type\":\"WebPage\",\"@id\":\"https:\\\/\\\/www.cetestgroup.com\\\/es\\\/ensayos-ferroviarios\\\/ensayos-climaticos\\\/ensayos-climaticos-simplificados\\\/\",\"url\":\"https:\\\/\\\/www.cetestgroup.com\\\/es\\\/ensayos-ferroviarios\\\/ensayos-climaticos\\\/ensayos-climaticos-simplificados\\\/\",\"name\":\"Ensayos Clim\u00e1ticos Simplificados en el Sector Ferroviario | CETEST\",\"isPartOf\":{\"@id\":\"https:\\\/\\\/www.cetestgroup.com\\\/es\\\/#website\"},\"datePublished\":\"2018-04-05T14:03:35+00:00\",\"dateModified\":\"2018-05-16T10:32:51+00:00\",\"description\":\"En CETEST somos expertos en el campo de ensayos de climatizaci\u00f3n y ventilaci\u00f3n. Ayudamos a nuestro cliente durante el proceso de homologaci\u00f3n y a resolver problemas asociados con el sistema de climatizaci\u00f3n siguiendo las directrices establecidas por las diversas normas (como la EN14750).\",\"breadcrumb\":{\"@id\":\"https:\\\/\\\/www.cetestgroup.com\\\/es\\\/ensayos-ferroviarios\\\/ensayos-climaticos\\\/ensayos-climaticos-simplificados\\\/#breadcrumb\"},\"inLanguage\":\"es\",\"potentialAction\":[{\"@type\":\"ReadAction\",\"target\":[\"https:\\\/\\\/www.cetestgroup.com\\\/es\\\/ensayos-ferroviarios\\\/ensayos-climaticos\\\/ensayos-climaticos-simplificados\\\/\"]}]},{\"@type\":\"BreadcrumbList\",\"@id\":\"https:\\\/\\\/www.cetestgroup.com\\\/es\\\/ensayos-ferroviarios\\\/ensayos-climaticos\\\/ensayos-climaticos-simplificados\\\/#breadcrumb\",\"itemListElement\":[{\"@type\":\"ListItem\",\"position\":1,\"name\":\"Home\",\"item\":\"https:\\\/\\\/www.cetestgroup.com\\\/es\\\/\"},{\"@type\":\"ListItem\",\"position\":2,\"name\":\"Ensayos Ferroviarios\",\"item\":\"https:\\\/\\\/www.cetestgroup.com\\\/es\\\/ensayos-ferroviarios\\\/\"},{\"@type\":\"ListItem\",\"position\":3,\"name\":\"Ensayos Clim\u00e1ticos\",\"item\":\"https:\\\/\\\/www.cetestgroup.com\\\/es\\\/ensayos-ferroviarios\\\/ensayos-climaticos\\\/\"},{\"@type\":\"ListItem\",\"position\":4,\"name\":\"Ensayos Clim\u00e1ticos Simplificados\"}]},{\"@type\":\"WebSite\",\"@id\":\"https:\\\/\\\/www.cetestgroup.com\\\/es\\\/#website\",\"url\":\"https:\\\/\\\/www.cetestgroup.com\\\/es\\\/\",\"name\":\"CETEST\",\"description\":\"CETEST is a fully accredited independent test laboratory offering services for design verification, model validation, developmental testing and\\\/or answers to help you identify failure root causes. We carry out tests in our facilities as well as on site as required by customer needs.\",\"potentialAction\":[{\"@type\":\"SearchAction\",\"target\":{\"@type\":\"EntryPoint\",\"urlTemplate\":\"https:\\\/\\\/www.cetestgroup.com\\\/es\\\/?s={search_term_string}\"},\"query-input\":{\"@type\":\"PropertyValueSpecification\",\"valueRequired\":true,\"valueName\":\"search_term_string\"}}],\"inLanguage\":\"es\"}]}<\/script>\n<!-- \/ Yoast SEO plugin. -->","yoast_head_json":{"title":"Ensayos Clim\u00e1ticos Simplificados en el Sector Ferroviario | CETEST","description":"En CETEST somos expertos en el campo de ensayos de climatizaci\u00f3n y ventilaci\u00f3n. Ayudamos a nuestro cliente durante el proceso de homologaci\u00f3n y a resolver problemas asociados con el sistema de climatizaci\u00f3n siguiendo las directrices establecidas por las diversas normas (como la EN14750).","robots":{"index":"index","follow":"follow","max-snippet":"max-snippet:-1","max-image-preview":"max-image-preview:large","max-video-preview":"max-video-preview:-1"},"canonical":"https:\/\/www.cetestgroup.com\/es\/ensayos-ferroviarios\/ensayos-climaticos\/ensayos-climaticos-simplificados\/","og_locale":"es_ES","og_type":"article","og_title":"Ensayos Clim\u00e1ticos Simplificados en el Sector Ferroviario | CETEST","og_description":"En CETEST somos expertos en el campo de ensayos de climatizaci\u00f3n y ventilaci\u00f3n. Ayudamos a nuestro cliente durante el proceso de homologaci\u00f3n y a resolver problemas asociados con el sistema de climatizaci\u00f3n siguiendo las directrices establecidas por las diversas normas (como la EN14750).","og_url":"https:\/\/www.cetestgroup.com\/es\/ensayos-ferroviarios\/ensayos-climaticos\/ensayos-climaticos-simplificados\/","og_site_name":"CETEST","article_modified_time":"2018-05-16T10:32:51+00:00","twitter_card":"summary_large_image","twitter_misc":{"Tiempo de lectura":"2 minutos"},"schema":{"@context":"https:\/\/schema.org","@graph":[{"@type":"WebPage","@id":"https:\/\/www.cetestgroup.com\/es\/ensayos-ferroviarios\/ensayos-climaticos\/ensayos-climaticos-simplificados\/","url":"https:\/\/www.cetestgroup.com\/es\/ensayos-ferroviarios\/ensayos-climaticos\/ensayos-climaticos-simplificados\/","name":"Ensayos Clim\u00e1ticos Simplificados en el Sector Ferroviario | CETEST","isPartOf":{"@id":"https:\/\/www.cetestgroup.com\/es\/#website"},"datePublished":"2018-04-05T14:03:35+00:00","dateModified":"2018-05-16T10:32:51+00:00","description":"En CETEST somos expertos en el campo de ensayos de climatizaci\u00f3n y ventilaci\u00f3n. Ayudamos a nuestro cliente durante el proceso de homologaci\u00f3n y a resolver problemas asociados con el sistema de climatizaci\u00f3n siguiendo las directrices establecidas por las diversas normas (como la EN14750).","breadcrumb":{"@id":"https:\/\/www.cetestgroup.com\/es\/ensayos-ferroviarios\/ensayos-climaticos\/ensayos-climaticos-simplificados\/#breadcrumb"},"inLanguage":"es","potentialAction":[{"@type":"ReadAction","target":["https:\/\/www.cetestgroup.com\/es\/ensayos-ferroviarios\/ensayos-climaticos\/ensayos-climaticos-simplificados\/"]}]},{"@type":"BreadcrumbList","@id":"https:\/\/www.cetestgroup.com\/es\/ensayos-ferroviarios\/ensayos-climaticos\/ensayos-climaticos-simplificados\/#breadcrumb","itemListElement":[{"@type":"ListItem","position":1,"name":"Home","item":"https:\/\/www.cetestgroup.com\/es\/"},{"@type":"ListItem","position":2,"name":"Ensayos Ferroviarios","item":"https:\/\/www.cetestgroup.com\/es\/ensayos-ferroviarios\/"},{"@type":"ListItem","position":3,"name":"Ensayos Clim\u00e1ticos","item":"https:\/\/www.cetestgroup.com\/es\/ensayos-ferroviarios\/ensayos-climaticos\/"},{"@type":"ListItem","position":4,"name":"Ensayos Clim\u00e1ticos Simplificados"}]},{"@type":"WebSite","@id":"https:\/\/www.cetestgroup.com\/es\/#website","url":"https:\/\/www.cetestgroup.com\/es\/","name":"CETEST","description":"CETEST is a fully accredited independent test laboratory offering services for design verification, model validation, developmental testing and\/or answers to help you identify failure root causes. We carry out tests in our facilities as well as on site as required by customer needs.","potentialAction":[{"@type":"SearchAction","target":{"@type":"EntryPoint","urlTemplate":"https:\/\/www.cetestgroup.com\/es\/?s={search_term_string}"},"query-input":{"@type":"PropertyValueSpecification","valueRequired":true,"valueName":"search_term_string"}}],"inLanguage":"es"}]}},"_links":{"self":[{"href":"https:\/\/www.cetestgroup.com\/es\/wp-json\/wp\/v2\/pages\/17673","targetHints":{"allow":["GET"]}}],"collection":[{"href":"https:\/\/www.cetestgroup.com\/es\/wp-json\/wp\/v2\/pages"}],"about":[{"href":"https:\/\/www.cetestgroup.com\/es\/wp-json\/wp\/v2\/types\/page"}],"author":[{"embeddable":true,"href":"https:\/\/www.cetestgroup.com\/es\/wp-json\/wp\/v2\/users\/1"}],"replies":[{"embeddable":true,"href":"https:\/\/www.cetestgroup.com\/es\/wp-json\/wp\/v2\/comments?post=17673"}],"version-history":[{"count":3,"href":"https:\/\/www.cetestgroup.com\/es\/wp-json\/wp\/v2\/pages\/17673\/revisions"}],"predecessor-version":[{"id":17676,"href":"https:\/\/www.cetestgroup.com\/es\/wp-json\/wp\/v2\/pages\/17673\/revisions\/17676"}],"up":[{"embeddable":true,"href":"https:\/\/www.cetestgroup.com\/es\/wp-json\/wp\/v2\/pages\/17807"}],"wp:attachment":[{"href":"https:\/\/www.cetestgroup.com\/es\/wp-json\/wp\/v2\/media?parent=17673"}],"curies":[{"name":"wp","href":"https:\/\/api.w.org\/{rel}","templated":true}]}}