{"id":17670,"date":"2018-04-05T14:49:52","date_gmt":"2018-04-05T13:49:52","guid":{"rendered":"https:\/\/www.cetestgroup.com\/?page_id=17670"},"modified":"2018-05-16T11:32:17","modified_gmt":"2018-05-16T10:32:17","slug":"camara-climatica","status":"publish","type":"page","link":"https:\/\/www.cetestgroup.com\/es\/ensayos-ferroviarios\/ensayos-climaticos\/camara-climatica\/","title":{"rendered":"C\u00e1mara Clim\u00e1tica"},"content":{"rendered":"<div class=\"wpb-content-wrapper\"><p>[vc_row][vc_column]<div class=\"ult-spacer spacer-69dd08f8c4523\" data-id=\"69dd08f8c4523\" data-height=\"30\" data-height-mobile=\"20\" data-height-tab=\"20\" data-height-tab-portrait=\"\" data-height-mobile-landscape=\"\" style=\"clear:both;display:block;\"><\/div><div class=\"dfd-heading-shortcode\"><div class=\"dfd-heading-module-wrap  text-center style_01 dfd-heading-69dd08f8c45c2 dfd-disable-resposive-headings\" id=\"dfd-heading-69dd08f8c45c2\" ><div class=\"inline-block\"><div class=\"dfd-heading-module\"><h6 class=\"widget-title dfd-title \" style=\"font-family:PT Sans Narrow; font-weight:400; font-style:normal; font-size: 20px; color: #25bdd5 !important; line-height: 25px; \">CETEST lleva a cabo campa\u00f1as completas de ensayo de los sistemas de calefacci\u00f3n y aire acondicionado, analizando el balance de aire, el confort t\u00e9rmico y el consumo.<\/h6><div class=\"dfd-heading-delimiter\"><\/div><\/div><\/div><\/div><script type=\"text\/javascript\">\r\n\t\t\t\t\t\t\t\t\t(function($) {\r\n\t\t\t\t\t\t\t\t\t\t$(\"head\").append(\"<style>.dfd-heading-69dd08f8c45c2.dfd-heading-module-wrap .dfd-heading-module .dfd-heading-delimiter {border-bottom-style:solid;border-bottom-width:1px;width:100px;border-bottom-color:#dddddd;}.dfd-heading-69dd08f8c45c2.dfd-heading-module-wrap .dfd-heading-module .dfd-heading-delimiter {margin-top:20px;margin-bottom:20px;}<\/style>\");\r\n\t\t\t\t\t\t\t\t\t})(jQuery);\r\n\t\t\t\t\t\t\t\t<\/script><\/div><div class=\"ult-spacer spacer-69dd08f8c46d3\" data-id=\"69dd08f8c46d3\" data-height=\"30\" data-height-mobile=\"20\" data-height-tab=\"20\" data-height-tab-portrait=\"\" data-height-mobile-landscape=\"\" style=\"clear:both;display:block;\"><\/div>[vc_row_inner][vc_column_inner][vc_column_text]El objeto de este ensayo es verificar el funcionamiento del sistema de climatizaci\u00f3n en todo el espectro de cargas internas, simul\u00e1ndose las condiciones ambientales externas para las que ha sido dise\u00f1ado el veh\u00edculo. Adem\u00e1s, estas series de ensayos determinan las caracter\u00edsticas de transmisi\u00f3n de calor (factor UA, coeficiente k) que se dan en toda la caja.<\/p>\n<p>CETEST prepara, facilita la instrumentaci\u00f3n y ejecuta los ensayos, conforme a un proceso previamente acordado con el cliente. A continuaci\u00f3n se generan los informes donde se incluyen los resultados y conclusiones del ensayo.[\/vc_column_text][\/vc_column_inner][\/vc_row_inner]<div class=\"ult-spacer spacer-69dd08f8c471f\" data-id=\"69dd08f8c471f\" data-height=\"30\" data-height-mobile=\"20\" data-height-tab=\"20\" data-height-tab-portrait=\"\" data-height-mobile-landscape=\"\" style=\"clear:both;display:block;\"><\/div>[vc_row_inner][vc_column_inner width=\u00bb1\/2&#8243;]<div class=\"ult-spacer spacer-69dd08f8c4749\" data-id=\"69dd08f8c4749\" data-height=\"20\" data-height-mobile=\"10\" data-height-tab=\"20\" data-height-tab-portrait=\"\" data-height-mobile-landscape=\"\" style=\"clear:both;display:block;\"><\/div><div id=\"dfd-carousel-69dd08f8c47c7\" class=\"dfd-carousel-wrapper\"><div class=\"dfd-carousel-module-wrapper  dfd-carousel-horizontal dfd-arrows_aside2 dfdfillsquare dfd-arrows-style_4 dfd-arrows-enabled dfd-dots-enabled\" ><div class=\"dfd-carousel\">[vc_single_image image=\u00bb15663&#8243; img_size=\u00bbfull\u00bb alignment=\u00bbcenter\u00bb][vc_single_image image=\u00bb15664&#8243; img_size=\u00bbfull\u00bb alignment=\u00bbcenter\u00bb][vc_single_image image=\u00bb15671&#8243; img_size=\u00bbfull\u00bb alignment=\u00bbcenter\u00bb]<\/div><a href=\"#\" class=\"dfd-slider-control prev\" title=\"Previous slide\"><i class=\"dfd-added-font-icon-left-open2\"><\/i><\/a><a href=\"#\" class=\"dfd-slider-control next\" title=\"Next slide\"><i class=\"dfd-added-font-icon-right-open2\"><\/i><\/a><\/div>\t\t\t\t<script type=\"text\/javascript\">\r\n\t\t\t\t\t(function($) {\r\n\t\t\t\t\t\t\"use strict\";\r\n\t\t\t\t\t\tvar $carousel = $('#dfd-carousel-69dd08f8c47c7').find('.dfd-carousel');\r\n\t\t\t\t\t\t$(document).ready(function() {\r\n\t\t\t\t\t\t\tvar $initialized = ($('body').hasClass('page-template-tmp-side-by-side')) ? $carousel.not('.slick-initialized') : $carousel;\r\n\t\t\t\t\t\t\t\t\t\t\t\t\t\t$carousel.siblings('.dfd-slider-control.prev').click(function(e) {\r\n\t\t\t\t\t\t\t\te.preventDefault();\r\n\t\t\t\t\t\t\t\t$carousel.eq(0).slick('slickPrev');\r\n\t\t\t\t\t\t\t});\r\n\t\t\t\t\t\t\t$carousel.siblings('.dfd-slider-control.next').click(function(e) {\r\n\t\t\t\t\t\t\t\te.preventDefault();\r\n\t\t\t\t\t\t\t\t$carousel.eq(0).slick('slickNext');\r\n\t\t\t\t\t\t\t});\r\n\t\t\t\t\t\t\t$initialized.slick({arrows: false,dotsClass: 'dfd-slick-dots',slidesToScroll: 1,autoplay: true,autoplaySpeed: 5000,dots: true,customPaging: function(slider, i) {\r\n\t\t\t\t\t\t\t\t\treturn '<span data-role=\"none\" role=\"button\" aria-required=\"false\" tabindex=\"0\"><\/span>';\r\n\t\t\t\t\t\t\t\t},infinite: true,slidesToShow: 1,speed: 300,swipe: true,draggable: true,adaptiveHeight: true,responsive: [\r\n\t\t\t\t\t\t\t{\r\n\t\t\t\t\t\t\t\tbreakpoint: 1024,\r\n\t\t\t\t\t\t\t\tsettings: {\r\n\t\t\t\t\t\t\t\t\tslidesToShow: 1,\r\n\t\t\t\t\t\t\t\t\tslidesToScroll: 1,\r\n\t\t\t\t\t\t\t\t}\r\n\t\t\t\t\t\t\t},\r\n\t\t\t\t\t\t\t{\r\n\t\t\t\t\t\t\t\tbreakpoint: 800,\r\n\t\t\t\t\t\t\t\tsettings: {\r\n\t\t\t\t\t\t\t\t\tslidesToShow: 1,\r\n\t\t\t\t\t\t\t\t\tslidesToScroll: 1,\r\n\t\t\t\t\t\t\t\t}\r\n\t\t\t\t\t\t\t},\r\n\t\t\t\t\t\t\t{\r\n\t\t\t\t\t\t\t\tbreakpoint: 480,\r\n\t\t\t\t\t\t\t\tsettings: {\r\n\t\t\t\t\t\t\t\t\tslidesToShow: 1,\r\n\t\t\t\t\t\t\t\t\tslidesToScroll: 1,\r\n\t\t\t\t\t\t\t\t}\r\n\t\t\t\t\t\t\t},]});\r\n\t\t\t\t\t\t\t$(\"head\").append(\"<style>#dfd-carousel-69dd08f8c47c7 > .dfd-carousel-module-wrapper > .dfd-carousel > .slick-list > .slick-track > .dfd-item-wrap > .cover {padding: 10px;}#dfd-carousel-69dd08f8c47c7 {margin: -10px;}<\/style>\")\t\t\t\t\t\t});\r\n\t\t\t\t\t})(jQuery);\r\n\t\t\t\t<\/script>\r\n            <\/div>[\/vc_column_inner][vc_column_inner width=\u00bb1\/2&#8243; css=\u00bb.vc_custom_1501153082267{padding-right: 5% !important;padding-left: 5% !important;}\u00bb]<div class=\"ult-spacer spacer-69dd08f8c4854\" data-id=\"69dd08f8c4854\" data-height=\"20\" data-height-mobile=\"10\" data-height-tab=\"20\" data-height-tab-portrait=\"\" data-height-mobile-landscape=\"\" style=\"clear:both;display:block;\"><\/div>[vc_column_text]Igualmente, y de forma sincronizada con el resto de lecturas, se realizan mediciones continuas de temperatura y de niveles de humedad en la c\u00e1mara. Utilizamos tambi\u00e9n otra instrumentaci\u00f3n como anem\u00f3metros, man\u00f3metros, campanas de flujo, caudal\u00edmetros de aire, sondas de tensi\u00f3n diferencial, pinzas amperim\u00e9tricas, tac\u00f3metros, fon\u00f3metros, etc.[\/vc_column_text]<div class=\"ult-spacer spacer-69dd08f8c487b\" data-id=\"69dd08f8c487b\" data-height=\"20\" data-height-mobile=\"10\" data-height-tab=\"20\" data-height-tab-portrait=\"\" data-height-mobile-landscape=\"\" style=\"clear:both;display:block;\"><\/div><div id=\"dfd-announce-69dd08f8c48a5-9747\" class=\"dfd-announce-module-wrap align-left no_full_bg_class  style-3 layout-1\" ><div class=\"dfd-announce-module\"><div class=\"module-icon\" ><i class = \"dfd-icon-train_1\"><\/i><\/div><div class=\"module-text\" style=\"font-family:PT Sans; font-weight:400; font-style:normal; font-size: 18px; color: #25bdd5 !important; line-height: 22px; font-weight:bold; \">CETEST prepara, facilita la instrumentaci\u00f3n y ejecuta los ensayos, conforme a un proceso previamente acordado con el cliente.<\/div><\/div><\/div><div class=\"ult-spacer spacer-69dd08f8c48f3\" data-id=\"69dd08f8c48f3\" data-height=\"20\" data-height-mobile=\"10\" data-height-tab=\"20\" data-height-tab-portrait=\"\" data-height-mobile-landscape=\"\" style=\"clear:both;display:block;\"><\/div>[vc_column_text]Los datos recogidos tambi\u00e9n pueden ser analizados y sometidos a postratamiento, si es necesario. Otra opci\u00f3n disponible es la correlaci\u00f3n con las simulaciones CFD en prototipos.<\/p>\n<p>Los ensayos clim\u00e1ticos pueden realizarse en la c\u00e1mara clim\u00e1tica de Elmira, NY (EE.UU.), conforme a un acuerdo marco que define a CETEST como el \u00fanico operador de dicha instalaci\u00f3n.[\/vc_column_text]<div class=\"ult-spacer spacer-69dd08f8c4915\" data-id=\"69dd08f8c4915\" data-height=\"30\" data-height-mobile=\"30\" data-height-tab=\"30\" data-height-tab-portrait=\"\" data-height-mobile-landscape=\"\" style=\"clear:both;display:block;\"><\/div>[\/vc_column_inner][\/vc_row_inner][vc_row_inner][vc_column_inner width=\u00bb1\/2&#8243; css=\u00bb.vc_custom_1504165616442{margin-bottom: 20px !important;padding-top: 5% !important;padding-right: 5% !important;padding-bottom: 5% !important;padding-left: 5% !important;background-color: #f4f4f4 !important;}\u00bb]<div class=\"dfd-heading-shortcode\"><div class=\"dfd-heading-module-wrap  text-left style_02 dfd-heading-69dd08f8c496b dfd-disable-resposive-headings\" id=\"dfd-heading-69dd08f8c496b\" ><div class=\"inline-block\"><div class=\"dfd-heading-module\"><h6 class=\"widget-title dfd-title \" style=\"font-size: 20px; color: #25bdd5 !important; \">CARACTER\u00cdSTICAS DE LA C\u00c1MARA CLIM\u00c1TICA DE CETEST<\/h6><div class=\"dfd-heading-delimiter\"><\/div><\/div><\/div><\/div><script type=\"text\/javascript\">\r\n\t\t\t\t\t\t\t\t\t(function($) {\r\n\t\t\t\t\t\t\t\t\t\t$(\"head\").append(\"<style>.dfd-heading-69dd08f8c496b.dfd-heading-module-wrap .dfd-heading-module .dfd-heading-delimiter {border-bottom-style:solid;border-bottom-width:1px;width:100px;border-bottom-color:#dddddd;}.dfd-heading-69dd08f8c496b.dfd-heading-module-wrap .dfd-heading-module .dfd-heading-delimiter {margin-top:10px;margin-bottom:10px;}<\/style>\");\r\n\t\t\t\t\t\t\t\t\t})(jQuery);\r\n\t\t\t\t\t\t\t\t<\/script><\/div><div class=\"ult-spacer spacer-69dd08f8c4a1d\" data-id=\"69dd08f8c4a1d\" data-height=\"10\" data-height-mobile=\"10\" data-height-tab=\"10\" data-height-tab-portrait=\"\" data-height-mobile-landscape=\"\" style=\"clear:both;display:block;\"><\/div>[vc_column_text]<\/p>\n<ul>\n<li>Dimensiones interiores:\n<ul>\n<li>Ancho: 6,0 m<\/li>\n<li>Alto: 6,8 m<\/li>\n<li>Largo: 34,8 m<\/li>\n<\/ul>\n<\/li>\n<li>V\u00edas de ancho habitual: 1,435 m<\/li>\n<li>Control automatizado de la temperatura y de los par\u00e1metros de humedad.<\/li>\n<li>Rango de temperaturas: -40\u00baC a +70 \u00b0C.<\/li>\n<li>Rango de humedad: 0 &#8211; 95%<\/li>\n<li>M\u00e1s de 300 canales de adquisici\u00f3n de datos.<\/li>\n<li>Sistemas de calefacci\u00f3n independientes: Carga de pasajeros latente y sensible.<\/li>\n<li>Acceso a la v\u00eda y al bogie.<\/li>\n<li>Acumulaci\u00f3n de hielo y nieve.<\/li>\n<\/ul>\n<p>[\/vc_column_text][\/vc_column_inner][vc_column_inner width=\u00bb1\/2&#8243; dfd_column_responsive_enable=\u00bbdfd-column-responsive-enable\u00bb css=\u00bb.vc_custom_1502282649545{padding-right: 5% !important;padding-left: 5% !important;}\u00bb responsive_styles=\u00bbpadding_left_desktop:10|padding_right_desktop:10&#8243;][vc_single_image image=\u00bb15660&#8243; img_size=\u00bbfull\u00bb alignment=\u00bbcenter\u00bb]<div class=\"ult-spacer spacer-69dd08f8c4a46\" data-id=\"69dd08f8c4a46\" data-height=\"20\" data-height-mobile=\"10\" data-height-tab=\"20\" data-height-tab-portrait=\"\" data-height-mobile-landscape=\"\" style=\"clear:both;display:block;\"><\/div>[vc_single_image image=\u00bb15669&#8243; img_size=\u00bbfull\u00bb alignment=\u00bbcenter\u00bb][\/vc_column_inner][\/vc_row_inner]<div class=\"ult-spacer spacer-69dd08f8c4a66\" data-id=\"69dd08f8c4a66\" data-height=\"60\" data-height-mobile=\"20\" data-height-tab=\"30\" data-height-tab-portrait=\"\" data-height-mobile-landscape=\"\" style=\"clear:both;display:block;\"><\/div>[\/vc_column][\/vc_row]<\/p>\n<\/div>","protected":false},"excerpt":{"rendered":"<p>[vc_row][vc_column][vc_row_inner][vc_column_inner][vc_column_text]El objeto de este ensayo es verificar el funcionamiento del sistema de climatizaci\u00f3n en todo el espectro de cargas internas, simul\u00e1ndose las condiciones ambientales externas para las que ha sido<\/p>\n","protected":false},"author":1,"featured_media":0,"parent":17807,"menu_order":0,"comment_status":"closed","ping_status":"closed","template":"tmp-page-right-sidebar.php","meta":{"_acf_changed":false,"footnotes":""},"class_list":["post-17670","page","type-page","status-publish","hentry"],"acf":[],"yoast_head":"<!-- This site is optimized with the Yoast SEO plugin v27.3 - https:\/\/yoast.com\/product\/yoast-seo-wordpress\/ -->\n<title>Ensayos Ferroviarios en C\u00e1mara Clim\u00e1tica | CETEST<\/title>\n<meta name=\"description\" content=\"CETEST lleva a cabo campa\u00f1as completas de ensayo de los sistemas de calefacci\u00f3n y aire acondicionado, analizando el balance de aire, el confort t\u00e9rmico y el consumo. CETEST prepara, facilita la instrumentaci\u00f3n y ejecuta los ensayos conforme a un proceso previamente acordado con el cliente.\" \/>\n<meta name=\"robots\" content=\"index, follow, max-snippet:-1, max-image-preview:large, max-video-preview:-1\" \/>\n<link rel=\"canonical\" href=\"https:\/\/www.cetestgroup.com\/es\/ensayos-ferroviarios\/ensayos-climaticos\/camara-climatica\/\" \/>\n<meta property=\"og:locale\" content=\"es_ES\" \/>\n<meta property=\"og:type\" content=\"article\" \/>\n<meta property=\"og:title\" content=\"Ensayos Ferroviarios en C\u00e1mara Clim\u00e1tica | CETEST\" \/>\n<meta property=\"og:description\" content=\"CETEST lleva a cabo campa\u00f1as completas de ensayo de los sistemas de calefacci\u00f3n y aire acondicionado, analizando el balance de aire, el confort t\u00e9rmico y el consumo. CETEST prepara, facilita la instrumentaci\u00f3n y ejecuta los ensayos conforme a un proceso previamente acordado con el cliente.\" \/>\n<meta property=\"og:url\" content=\"https:\/\/www.cetestgroup.com\/es\/ensayos-ferroviarios\/ensayos-climaticos\/camara-climatica\/\" \/>\n<meta property=\"og:site_name\" content=\"CETEST\" \/>\n<meta property=\"article:modified_time\" content=\"2018-05-16T10:32:17+00:00\" \/>\n<meta name=\"twitter:card\" content=\"summary_large_image\" \/>\n<meta name=\"twitter:label1\" content=\"Tiempo de lectura\" \/>\n\t<meta name=\"twitter:data1\" content=\"4 minutos\" \/>\n<script type=\"application\/ld+json\" class=\"yoast-schema-graph\">{\"@context\":\"https:\\\/\\\/schema.org\",\"@graph\":[{\"@type\":\"WebPage\",\"@id\":\"https:\\\/\\\/www.cetestgroup.com\\\/es\\\/ensayos-ferroviarios\\\/ensayos-climaticos\\\/camara-climatica\\\/\",\"url\":\"https:\\\/\\\/www.cetestgroup.com\\\/es\\\/ensayos-ferroviarios\\\/ensayos-climaticos\\\/camara-climatica\\\/\",\"name\":\"Ensayos Ferroviarios en C\u00e1mara Clim\u00e1tica | CETEST\",\"isPartOf\":{\"@id\":\"https:\\\/\\\/www.cetestgroup.com\\\/es\\\/#website\"},\"datePublished\":\"2018-04-05T13:49:52+00:00\",\"dateModified\":\"2018-05-16T10:32:17+00:00\",\"description\":\"CETEST lleva a cabo campa\u00f1as completas de ensayo de los sistemas de calefacci\u00f3n y aire acondicionado, analizando el balance de aire, el confort t\u00e9rmico y el consumo. CETEST prepara, facilita la instrumentaci\u00f3n y ejecuta los ensayos conforme a un proceso previamente acordado con el cliente.\",\"breadcrumb\":{\"@id\":\"https:\\\/\\\/www.cetestgroup.com\\\/es\\\/ensayos-ferroviarios\\\/ensayos-climaticos\\\/camara-climatica\\\/#breadcrumb\"},\"inLanguage\":\"es\",\"potentialAction\":[{\"@type\":\"ReadAction\",\"target\":[\"https:\\\/\\\/www.cetestgroup.com\\\/es\\\/ensayos-ferroviarios\\\/ensayos-climaticos\\\/camara-climatica\\\/\"]}]},{\"@type\":\"BreadcrumbList\",\"@id\":\"https:\\\/\\\/www.cetestgroup.com\\\/es\\\/ensayos-ferroviarios\\\/ensayos-climaticos\\\/camara-climatica\\\/#breadcrumb\",\"itemListElement\":[{\"@type\":\"ListItem\",\"position\":1,\"name\":\"Home\",\"item\":\"https:\\\/\\\/www.cetestgroup.com\\\/es\\\/\"},{\"@type\":\"ListItem\",\"position\":2,\"name\":\"Ensayos Ferroviarios\",\"item\":\"https:\\\/\\\/www.cetestgroup.com\\\/es\\\/ensayos-ferroviarios\\\/\"},{\"@type\":\"ListItem\",\"position\":3,\"name\":\"Ensayos Clim\u00e1ticos\",\"item\":\"https:\\\/\\\/www.cetestgroup.com\\\/es\\\/ensayos-ferroviarios\\\/ensayos-climaticos\\\/\"},{\"@type\":\"ListItem\",\"position\":4,\"name\":\"C\u00e1mara Clim\u00e1tica\"}]},{\"@type\":\"WebSite\",\"@id\":\"https:\\\/\\\/www.cetestgroup.com\\\/es\\\/#website\",\"url\":\"https:\\\/\\\/www.cetestgroup.com\\\/es\\\/\",\"name\":\"CETEST\",\"description\":\"CETEST is a fully accredited independent test laboratory offering services for design verification, model validation, developmental testing and\\\/or answers to help you identify failure root causes. We carry out tests in our facilities as well as on site as required by customer needs.\",\"potentialAction\":[{\"@type\":\"SearchAction\",\"target\":{\"@type\":\"EntryPoint\",\"urlTemplate\":\"https:\\\/\\\/www.cetestgroup.com\\\/es\\\/?s={search_term_string}\"},\"query-input\":{\"@type\":\"PropertyValueSpecification\",\"valueRequired\":true,\"valueName\":\"search_term_string\"}}],\"inLanguage\":\"es\"}]}<\/script>\n<!-- \/ Yoast SEO plugin. -->","yoast_head_json":{"title":"Ensayos Ferroviarios en C\u00e1mara Clim\u00e1tica | CETEST","description":"CETEST lleva a cabo campa\u00f1as completas de ensayo de los sistemas de calefacci\u00f3n y aire acondicionado, analizando el balance de aire, el confort t\u00e9rmico y el consumo. CETEST prepara, facilita la instrumentaci\u00f3n y ejecuta los ensayos conforme a un proceso previamente acordado con el cliente.","robots":{"index":"index","follow":"follow","max-snippet":"max-snippet:-1","max-image-preview":"max-image-preview:large","max-video-preview":"max-video-preview:-1"},"canonical":"https:\/\/www.cetestgroup.com\/es\/ensayos-ferroviarios\/ensayos-climaticos\/camara-climatica\/","og_locale":"es_ES","og_type":"article","og_title":"Ensayos Ferroviarios en C\u00e1mara Clim\u00e1tica | CETEST","og_description":"CETEST lleva a cabo campa\u00f1as completas de ensayo de los sistemas de calefacci\u00f3n y aire acondicionado, analizando el balance de aire, el confort t\u00e9rmico y el consumo. CETEST prepara, facilita la instrumentaci\u00f3n y ejecuta los ensayos conforme a un proceso previamente acordado con el cliente.","og_url":"https:\/\/www.cetestgroup.com\/es\/ensayos-ferroviarios\/ensayos-climaticos\/camara-climatica\/","og_site_name":"CETEST","article_modified_time":"2018-05-16T10:32:17+00:00","twitter_card":"summary_large_image","twitter_misc":{"Tiempo de lectura":"4 minutos"},"schema":{"@context":"https:\/\/schema.org","@graph":[{"@type":"WebPage","@id":"https:\/\/www.cetestgroup.com\/es\/ensayos-ferroviarios\/ensayos-climaticos\/camara-climatica\/","url":"https:\/\/www.cetestgroup.com\/es\/ensayos-ferroviarios\/ensayos-climaticos\/camara-climatica\/","name":"Ensayos Ferroviarios en C\u00e1mara Clim\u00e1tica | CETEST","isPartOf":{"@id":"https:\/\/www.cetestgroup.com\/es\/#website"},"datePublished":"2018-04-05T13:49:52+00:00","dateModified":"2018-05-16T10:32:17+00:00","description":"CETEST lleva a cabo campa\u00f1as completas de ensayo de los sistemas de calefacci\u00f3n y aire acondicionado, analizando el balance de aire, el confort t\u00e9rmico y el consumo. CETEST prepara, facilita la instrumentaci\u00f3n y ejecuta los ensayos conforme a un proceso previamente acordado con el cliente.","breadcrumb":{"@id":"https:\/\/www.cetestgroup.com\/es\/ensayos-ferroviarios\/ensayos-climaticos\/camara-climatica\/#breadcrumb"},"inLanguage":"es","potentialAction":[{"@type":"ReadAction","target":["https:\/\/www.cetestgroup.com\/es\/ensayos-ferroviarios\/ensayos-climaticos\/camara-climatica\/"]}]},{"@type":"BreadcrumbList","@id":"https:\/\/www.cetestgroup.com\/es\/ensayos-ferroviarios\/ensayos-climaticos\/camara-climatica\/#breadcrumb","itemListElement":[{"@type":"ListItem","position":1,"name":"Home","item":"https:\/\/www.cetestgroup.com\/es\/"},{"@type":"ListItem","position":2,"name":"Ensayos Ferroviarios","item":"https:\/\/www.cetestgroup.com\/es\/ensayos-ferroviarios\/"},{"@type":"ListItem","position":3,"name":"Ensayos Clim\u00e1ticos","item":"https:\/\/www.cetestgroup.com\/es\/ensayos-ferroviarios\/ensayos-climaticos\/"},{"@type":"ListItem","position":4,"name":"C\u00e1mara Clim\u00e1tica"}]},{"@type":"WebSite","@id":"https:\/\/www.cetestgroup.com\/es\/#website","url":"https:\/\/www.cetestgroup.com\/es\/","name":"CETEST","description":"CETEST is a fully accredited independent test laboratory offering services for design verification, model validation, developmental testing and\/or answers to help you identify failure root causes. We carry out tests in our facilities as well as on site as required by customer needs.","potentialAction":[{"@type":"SearchAction","target":{"@type":"EntryPoint","urlTemplate":"https:\/\/www.cetestgroup.com\/es\/?s={search_term_string}"},"query-input":{"@type":"PropertyValueSpecification","valueRequired":true,"valueName":"search_term_string"}}],"inLanguage":"es"}]}},"_links":{"self":[{"href":"https:\/\/www.cetestgroup.com\/es\/wp-json\/wp\/v2\/pages\/17670","targetHints":{"allow":["GET"]}}],"collection":[{"href":"https:\/\/www.cetestgroup.com\/es\/wp-json\/wp\/v2\/pages"}],"about":[{"href":"https:\/\/www.cetestgroup.com\/es\/wp-json\/wp\/v2\/types\/page"}],"author":[{"embeddable":true,"href":"https:\/\/www.cetestgroup.com\/es\/wp-json\/wp\/v2\/users\/1"}],"replies":[{"embeddable":true,"href":"https:\/\/www.cetestgroup.com\/es\/wp-json\/wp\/v2\/comments?post=17670"}],"version-history":[{"count":2,"href":"https:\/\/www.cetestgroup.com\/es\/wp-json\/wp\/v2\/pages\/17670\/revisions"}],"predecessor-version":[{"id":17672,"href":"https:\/\/www.cetestgroup.com\/es\/wp-json\/wp\/v2\/pages\/17670\/revisions\/17672"}],"up":[{"embeddable":true,"href":"https:\/\/www.cetestgroup.com\/es\/wp-json\/wp\/v2\/pages\/17807"}],"wp:attachment":[{"href":"https:\/\/www.cetestgroup.com\/es\/wp-json\/wp\/v2\/media?parent=17670"}],"curies":[{"name":"wp","href":"https:\/\/api.w.org\/{rel}","templated":true}]}}