{"id":17657,"date":"2018-04-05T12:44:26","date_gmt":"2018-04-05T11:44:26","guid":{"rendered":"https:\/\/www.cetestgroup.com\/?page_id=17657"},"modified":"2018-04-05T12:44:26","modified_gmt":"2018-04-05T11:44:26","slug":"instalaciones-instrumentacion-e-inspeccion","status":"publish","type":"page","link":"https:\/\/www.cetestgroup.com\/es\/ensayos-aeronauticos-y-otros\/instalaciones-instrumentacion-e-inspeccion\/","title":{"rendered":"Instalaciones, Instrumentaci\u00f3n e Inspecci\u00f3n"},"content":{"rendered":"<div class=\"wpb-content-wrapper\"><p>[vc_row][vc_column]<div class=\"ult-spacer spacer-69dca2b7c0da9\" data-id=\"69dca2b7c0da9\" data-height=\"30\" data-height-mobile=\"20\" data-height-tab=\"20\" data-height-tab-portrait=\"\" data-height-mobile-landscape=\"\" style=\"clear:both;display:block;\"><\/div><div id=\"dfd-carousel-69dca2b7c0e54\" class=\"dfd-carousel-wrapper\"><div class=\"dfd-carousel-module-wrapper  dfd-carousel-horizontal dfd-arrows_aside2 dfdfillsquare dfd-arrows-style_4 dfd-arrows-enabled dfd-dots-enabled\" ><div class=\"dfd-carousel\">[vc_single_image image=\u00bb16185&#8243; img_size=\u00bbfull\u00bb alignment=\u00bbcenter\u00bb][vc_single_image image=\u00bb16183&#8243; img_size=\u00bbfull\u00bb alignment=\u00bbcenter\u00bb]<\/div><a href=\"#\" class=\"dfd-slider-control prev\" title=\"Previous slide\"><i class=\"dfd-added-font-icon-left-open2\"><\/i><\/a><a href=\"#\" class=\"dfd-slider-control next\" title=\"Next slide\"><i class=\"dfd-added-font-icon-right-open2\"><\/i><\/a><\/div>\t\t\t\t<script type=\"text\/javascript\">\r\n\t\t\t\t\t(function($) {\r\n\t\t\t\t\t\t\"use strict\";\r\n\t\t\t\t\t\tvar $carousel = $('#dfd-carousel-69dca2b7c0e54').find('.dfd-carousel');\r\n\t\t\t\t\t\t$(document).ready(function() {\r\n\t\t\t\t\t\t\tvar $initialized = ($('body').hasClass('page-template-tmp-side-by-side')) ? $carousel.not('.slick-initialized') : $carousel;\r\n\t\t\t\t\t\t\t\t\t\t\t\t\t\t$carousel.siblings('.dfd-slider-control.prev').click(function(e) {\r\n\t\t\t\t\t\t\t\te.preventDefault();\r\n\t\t\t\t\t\t\t\t$carousel.eq(0).slick('slickPrev');\r\n\t\t\t\t\t\t\t});\r\n\t\t\t\t\t\t\t$carousel.siblings('.dfd-slider-control.next').click(function(e) {\r\n\t\t\t\t\t\t\t\te.preventDefault();\r\n\t\t\t\t\t\t\t\t$carousel.eq(0).slick('slickNext');\r\n\t\t\t\t\t\t\t});\r\n\t\t\t\t\t\t\t$initialized.slick({arrows: false,dotsClass: 'dfd-slick-dots',slidesToScroll: 1,autoplay: true,autoplaySpeed: 5000,dots: true,customPaging: function(slider, i) {\r\n\t\t\t\t\t\t\t\t\treturn '<span data-role=\"none\" role=\"button\" aria-required=\"false\" tabindex=\"0\"><\/span>';\r\n\t\t\t\t\t\t\t\t},infinite: true,slidesToShow: 1,speed: 300,swipe: true,draggable: true,adaptiveHeight: true,responsive: [\r\n\t\t\t\t\t\t\t{\r\n\t\t\t\t\t\t\t\tbreakpoint: 1024,\r\n\t\t\t\t\t\t\t\tsettings: {\r\n\t\t\t\t\t\t\t\t\tslidesToShow: 1,\r\n\t\t\t\t\t\t\t\t\tslidesToScroll: 1,\r\n\t\t\t\t\t\t\t\t}\r\n\t\t\t\t\t\t\t},\r\n\t\t\t\t\t\t\t{\r\n\t\t\t\t\t\t\t\tbreakpoint: 800,\r\n\t\t\t\t\t\t\t\tsettings: {\r\n\t\t\t\t\t\t\t\t\tslidesToShow: 1,\r\n\t\t\t\t\t\t\t\t\tslidesToScroll: 1,\r\n\t\t\t\t\t\t\t\t}\r\n\t\t\t\t\t\t\t},\r\n\t\t\t\t\t\t\t{\r\n\t\t\t\t\t\t\t\tbreakpoint: 480,\r\n\t\t\t\t\t\t\t\tsettings: {\r\n\t\t\t\t\t\t\t\t\tslidesToShow: 1,\r\n\t\t\t\t\t\t\t\t\tslidesToScroll: 1,\r\n\t\t\t\t\t\t\t\t}\r\n\t\t\t\t\t\t\t},]});\r\n\t\t\t\t\t\t\t$(\"head\").append(\"<style>#dfd-carousel-69dca2b7c0e54 > .dfd-carousel-module-wrapper > .dfd-carousel > .slick-list > .slick-track > .dfd-item-wrap > .cover {padding: 10px;}#dfd-carousel-69dca2b7c0e54 {margin: -10px;}<\/style>\")\t\t\t\t\t\t});\r\n\t\t\t\t\t})(jQuery);\r\n\t\t\t\t<\/script>\r\n            <\/div><div class=\"ult-spacer spacer-69dca2b7c0eef\" data-id=\"69dca2b7c0eef\" data-height=\"30\" data-height-mobile=\"20\" data-height-tab=\"20\" data-height-tab-portrait=\"\" data-height-mobile-landscape=\"\" style=\"clear:both;display:block;\"><\/div>[\/vc_column][\/vc_row][vc_row][vc_column width=\u00bb1\/2&#8243;][vc_column_text]En CETEST ofrecemos un espacio \u00fanico y unas potentes capacidades para la instalaci\u00f3n de montajes de ensayo modulares que acomodan cualquier configuraci\u00f3n de ensayo que demanden nuestros clientes:<\/p>\n<ul>\n<li>Edificio principal: 120 x 30 m<sup>2<\/sup> de espacio di\u00e1fano cubierto.<\/li>\n<li>Gr\u00faas: 2 gr\u00faas de 50 Ton.<\/li>\n<li>3 placas universales de ensayo aisladas de 16&#215;8 m<sup>2<\/sup>, 8&#215;8 m<sup>2<\/sup> y 6&#215;8 m<sup>2<\/sup>.<\/li>\n<li>1600 l\/min de potencia hidr\u00e1ulica para ensayos din\u00e1micos.<\/li>\n<li>Una amplia variedad de actuadores hidr\u00e1ulicos (de 15 kN a 2000 kN) y capacidad de inversi\u00f3n para nuevos proyectos.<\/li>\n<li>16 estaciones de trabajo para sistemas de control.<\/li>\n<\/ul>\n<p>[\/vc_column_text]<div class=\"ult-spacer spacer-69dca2b7c0f1c\" data-id=\"69dca2b7c0f1c\" data-height=\"30\" data-height-mobile=\"20\" data-height-tab=\"30\" data-height-tab-portrait=\"\" data-height-mobile-landscape=\"\" style=\"clear:both;display:block;\"><\/div>[\/vc_column][vc_column width=\u00bb1\/2&#8243;]<div id=\"dfd-carousel-69dca2b7c0f7d\" class=\"dfd-carousel-wrapper\"><div class=\"dfd-carousel-module-wrapper  dfd-carousel-horizontal dfd-arrows_aside2 dfdfillsquare dfd-arrows-style_4 dfd-arrows-enabled dfd-dots-enabled\" ><div class=\"dfd-carousel\">[vc_single_image image=\u00bb16184&#8243; img_size=\u00bbfull\u00bb alignment=\u00bbcenter\u00bb][vc_single_image image=\u00bb16182&#8243; img_size=\u00bbfull\u00bb alignment=\u00bbcenter\u00bb]<\/div><a href=\"#\" class=\"dfd-slider-control prev\" title=\"Previous slide\"><i class=\"dfd-added-font-icon-left-open2\"><\/i><\/a><a href=\"#\" class=\"dfd-slider-control next\" title=\"Next slide\"><i class=\"dfd-added-font-icon-right-open2\"><\/i><\/a><\/div>\t\t\t\t<script type=\"text\/javascript\">\r\n\t\t\t\t\t(function($) {\r\n\t\t\t\t\t\t\"use strict\";\r\n\t\t\t\t\t\tvar $carousel = $('#dfd-carousel-69dca2b7c0f7d').find('.dfd-carousel');\r\n\t\t\t\t\t\t$(document).ready(function() {\r\n\t\t\t\t\t\t\tvar $initialized = ($('body').hasClass('page-template-tmp-side-by-side')) ? $carousel.not('.slick-initialized') : $carousel;\r\n\t\t\t\t\t\t\t\t\t\t\t\t\t\t$carousel.siblings('.dfd-slider-control.prev').click(function(e) {\r\n\t\t\t\t\t\t\t\te.preventDefault();\r\n\t\t\t\t\t\t\t\t$carousel.eq(0).slick('slickPrev');\r\n\t\t\t\t\t\t\t});\r\n\t\t\t\t\t\t\t$carousel.siblings('.dfd-slider-control.next').click(function(e) {\r\n\t\t\t\t\t\t\t\te.preventDefault();\r\n\t\t\t\t\t\t\t\t$carousel.eq(0).slick('slickNext');\r\n\t\t\t\t\t\t\t});\r\n\t\t\t\t\t\t\t$initialized.slick({arrows: false,dotsClass: 'dfd-slick-dots',slidesToScroll: 1,autoplay: true,autoplaySpeed: 5000,dots: true,customPaging: function(slider, i) {\r\n\t\t\t\t\t\t\t\t\treturn '<span data-role=\"none\" role=\"button\" aria-required=\"false\" tabindex=\"0\"><\/span>';\r\n\t\t\t\t\t\t\t\t},infinite: true,slidesToShow: 1,speed: 300,swipe: true,draggable: true,adaptiveHeight: true,responsive: [\r\n\t\t\t\t\t\t\t{\r\n\t\t\t\t\t\t\t\tbreakpoint: 1024,\r\n\t\t\t\t\t\t\t\tsettings: {\r\n\t\t\t\t\t\t\t\t\tslidesToShow: 1,\r\n\t\t\t\t\t\t\t\t\tslidesToScroll: 1,\r\n\t\t\t\t\t\t\t\t}\r\n\t\t\t\t\t\t\t},\r\n\t\t\t\t\t\t\t{\r\n\t\t\t\t\t\t\t\tbreakpoint: 800,\r\n\t\t\t\t\t\t\t\tsettings: {\r\n\t\t\t\t\t\t\t\t\tslidesToShow: 1,\r\n\t\t\t\t\t\t\t\t\tslidesToScroll: 1,\r\n\t\t\t\t\t\t\t\t}\r\n\t\t\t\t\t\t\t},\r\n\t\t\t\t\t\t\t{\r\n\t\t\t\t\t\t\t\tbreakpoint: 480,\r\n\t\t\t\t\t\t\t\tsettings: {\r\n\t\t\t\t\t\t\t\t\tslidesToShow: 1,\r\n\t\t\t\t\t\t\t\t\tslidesToScroll: 1,\r\n\t\t\t\t\t\t\t\t}\r\n\t\t\t\t\t\t\t},]});\r\n\t\t\t\t\t\t\t$(\"head\").append(\"<style>#dfd-carousel-69dca2b7c0f7d > .dfd-carousel-module-wrapper > .dfd-carousel > .slick-list > .slick-track > .dfd-item-wrap > .cover {padding: 10px;}#dfd-carousel-69dca2b7c0f7d {margin: -10px;}<\/style>\")\t\t\t\t\t\t});\r\n\t\t\t\t\t})(jQuery);\r\n\t\t\t\t<\/script>\r\n            <\/div>[\/vc_column][\/vc_row][vc_row][vc_column]<div class=\"ult-spacer spacer-69dca2b7c0feb\" data-id=\"69dca2b7c0feb\" data-height=\"30\" data-height-mobile=\"20\" data-height-tab=\"30\" data-height-tab-portrait=\"\" data-height-mobile-landscape=\"\" style=\"clear:both;display:block;\"><\/div>[vc_column_text][\/vc_column_text]<div class=\"ult-spacer spacer-69dca2b7c1012\" data-id=\"69dca2b7c1012\" data-height=\"30\" data-height-mobile=\"20\" data-height-tab=\"30\" data-height-tab-portrait=\"\" data-height-mobile-landscape=\"\" style=\"clear:both;display:block;\"><\/div>[\/vc_column][\/vc_row][vc_row css=\u00bb.vc_custom_1504006915213{padding-top: 5% !important;padding-right: 5% !important;padding-bottom: 5% !important;padding-left: 5% !important;background-color: #f4f4f4 !important;background-position: center !important;background-repeat: no-repeat !important;background-size: cover !important;}\u00bb][vc_column]<div class=\"dfd-heading-shortcode\"><div class=\"dfd-heading-module-wrap  text-left style_10 dfd-heading-69dca2b7c108d dfd-disable-resposive-headings\" id=\"dfd-heading-69dca2b7c108d\" ><div class=\"inline-block\"><div class=\"dfd-heading-module\"><div class=\"title-wrap\"><h6 class=\"widget-title dfd-title \" style=\"font-family:PT Sans; font-weight:400; font-style:normal; font-size: 20px; color: #25bdd5 !important; \">Instrumentaci\u00f3n e inspecci\u00f3n<\/h6><div class=\"dfd-heading-delimiter\"><\/div><\/div><\/div><\/div><\/div><script type=\"text\/javascript\">\r\n\t\t\t\t\t\t\t\t\t(function($) {\r\n\t\t\t\t\t\t\t\t\t\t$(\"head\").append(\"<style>.dfd-heading-69dca2b7c108d.dfd-heading-module-wrap .dfd-heading-module .dfd-heading-delimiter {border-bottom-style:solid;border-bottom-width:1px;width:100px;border-bottom-color:#dddddd;}.dfd-heading-69dca2b7c108d.dfd-heading-module-wrap .dfd-heading-module .dfd-heading-delimiter {margin-top:10px;margin-bottom:10px;}<\/style>\");\r\n\t\t\t\t\t\t\t\t\t})(jQuery);\r\n\t\t\t\t\t\t\t\t<\/script><\/div><div class=\"ult-spacer spacer-69dca2b7c1188\" data-id=\"69dca2b7c1188\" data-height=\"10\" data-height-mobile=\"10\" data-height-tab=\"10\" data-height-tab-portrait=\"\" data-height-mobile-landscape=\"\" style=\"clear:both;display:block;\"><\/div>[vc_column_text]Hasta 2.000 canales de adquisici\u00f3n simult\u00e1nea (ampliable a lo que precise el cliente) con m\u00faltiples sistemas de adquisici\u00f3n de datos. Los sensores incluyen, entre otros, una variedad de:[\/vc_column_text]<div class=\"ult-spacer spacer-69dca2b7c11b5\" data-id=\"69dca2b7c11b5\" data-height=\"30\" data-height-mobile=\"20\" data-height-tab=\"30\" data-height-tab-portrait=\"\" data-height-mobile-landscape=\"\" style=\"clear:both;display:block;\"><\/div>[vc_row_inner][vc_column_inner width=\u00bb1\/3&#8243;][vc_column_text]<\/p>\n<ul>\n<li>Galgas extensiom\u00e9tricas<\/li>\n<li>C\u00e9lulas de carga<\/li>\n<li>Aceler\u00f3metros<\/li>\n<li>Sensores de desplazamiento<\/li>\n<li>Inclin\u00f3metros<\/li>\n<li>Transductores de presi\u00f3n<\/li>\n<\/ul>\n<p>[\/vc_column_text][\/vc_column_inner][vc_column_inner width=\u00bb1\/3&#8243;][vc_column_text]<\/p>\n<ul>\n<li>Transductores de temperatura<\/li>\n<li>Equipo de termograf\u00eda<\/li>\n<li>Micr\u00f3fonos y arrays<\/li>\n<li>Antenas<\/li>\n<li>Tubos Pitot<\/li>\n<li>Anem\u00f3metros Ultras\u00f3nicos<\/li>\n<\/ul>\n<p>[\/vc_column_text][\/vc_column_inner][vc_column_inner width=\u00bb1\/3&#8243;][vc_column_text]<\/p>\n<ul>\n<li>Sondas de corriente<\/li>\n<li>Sondas de RF<\/li>\n<li>Transductores de par<\/li>\n<li>Etc.<\/li>\n<\/ul>\n<p>[\/vc_column_text][\/vc_column_inner][\/vc_row_inner]<div class=\"ult-spacer spacer-69dca2b7c11d9\" data-id=\"69dca2b7c11d9\" data-height=\"30\" data-height-mobile=\"20\" data-height-tab=\"30\" data-height-tab-portrait=\"\" data-height-mobile-landscape=\"\" style=\"clear:both;display:block;\"><\/div>[vc_column_text]Capacidad y experiencia en dise\u00f1o de sensores a medida en nuestras instalaciones para las necesidades espec\u00edficas de los clientes. Sistemas de telemetr\u00eda avanzada para aplicaciones inal\u00e1mbricas. Inspecci\u00f3n NDT (visual, magn\u00e9tica, por ultrasonidos) para el an\u00e1lisis del crecimiento y propagaci\u00f3n de grietas.[\/vc_column_text]<div class=\"ult-spacer spacer-69dca2b7c11f9\" data-id=\"69dca2b7c11f9\" data-height=\"10\" data-height-mobile=\"10\" data-height-tab=\"10\" data-height-tab-portrait=\"\" data-height-mobile-landscape=\"\" style=\"clear:both;display:block;\"><\/div>[vc_column_text el_class=\u00bbtextCita\u00bb]* Se garantiza la necesaria inversi\u00f3n en instrumentaci\u00f3n en funci\u00f3n de las necesidades del proyecto.[\/vc_column_text][\/vc_column][\/vc_row][vc_row][vc_column]<div class=\"ult-spacer spacer-69dca2b7c1217\" data-id=\"69dca2b7c1217\" data-height=\"60\" data-height-mobile=\"20\" data-height-tab=\"30\" data-height-tab-portrait=\"\" data-height-mobile-landscape=\"\" style=\"clear:both;display:block;\"><\/div>[\/vc_column][\/vc_row]<\/p>\n<\/div>","protected":false},"excerpt":{"rendered":"<p>[vc_row][vc_column][\/vc_column][\/vc_row][vc_row][vc_column width=\u00bb1\/2&#8243;][vc_column_text]En CETEST ofrecemos un espacio \u00fanico y unas potentes capacidades para la instalaci\u00f3n de montajes de ensayo modulares que acomodan cualquier configuraci\u00f3n de ensayo que demanden nuestros clientes: Edificio<\/p>\n","protected":false},"author":1,"featured_media":0,"parent":17900,"menu_order":0,"comment_status":"closed","ping_status":"closed","template":"tmp-page-right-sidebar.php","meta":{"_acf_changed":false,"footnotes":""},"class_list":["post-17657","page","type-page","status-publish","hentry"],"acf":[],"yoast_head":"<!-- This site is optimized with the Yoast SEO plugin v27.3 - https:\/\/yoast.com\/product\/yoast-seo-wordpress\/ -->\n<title>Instalaciones, Instrumentaci\u00f3n e Inspecci\u00f3n | CETEST<\/title>\n<meta name=\"description\" content=\"En CETEST ofrecemos un espacio \u00fanico y potentes capacidades para la instalaci\u00f3n de montajes de ensayo modulares que acomodan cualquier configuraci\u00f3n de ensayo que demanden nuestros clientes.\" \/>\n<meta name=\"robots\" content=\"index, follow, max-snippet:-1, max-image-preview:large, max-video-preview:-1\" \/>\n<link rel=\"canonical\" href=\"https:\/\/www.cetestgroup.com\/es\/ensayos-aeronauticos-y-otros\/instalaciones-instrumentacion-e-inspeccion\/\" \/>\n<meta property=\"og:locale\" content=\"es_ES\" \/>\n<meta property=\"og:type\" content=\"article\" \/>\n<meta property=\"og:title\" content=\"Instalaciones, Instrumentaci\u00f3n e Inspecci\u00f3n | CETEST\" \/>\n<meta property=\"og:description\" content=\"En CETEST ofrecemos un espacio \u00fanico y potentes capacidades para la instalaci\u00f3n de montajes de ensayo modulares que acomodan cualquier configuraci\u00f3n de ensayo que demanden nuestros clientes.\" \/>\n<meta property=\"og:url\" content=\"https:\/\/www.cetestgroup.com\/es\/ensayos-aeronauticos-y-otros\/instalaciones-instrumentacion-e-inspeccion\/\" \/>\n<meta property=\"og:site_name\" content=\"CETEST\" \/>\n<meta name=\"twitter:card\" content=\"summary_large_image\" \/>\n<meta name=\"twitter:label1\" content=\"Tiempo de lectura\" \/>\n\t<meta name=\"twitter:data1\" content=\"3 minutos\" \/>\n<script type=\"application\/ld+json\" class=\"yoast-schema-graph\">{\"@context\":\"https:\\\/\\\/schema.org\",\"@graph\":[{\"@type\":\"WebPage\",\"@id\":\"https:\\\/\\\/www.cetestgroup.com\\\/es\\\/ensayos-aeronauticos-y-otros\\\/instalaciones-instrumentacion-e-inspeccion\\\/\",\"url\":\"https:\\\/\\\/www.cetestgroup.com\\\/es\\\/ensayos-aeronauticos-y-otros\\\/instalaciones-instrumentacion-e-inspeccion\\\/\",\"name\":\"Instalaciones, Instrumentaci\u00f3n e Inspecci\u00f3n | CETEST\",\"isPartOf\":{\"@id\":\"https:\\\/\\\/www.cetestgroup.com\\\/es\\\/#website\"},\"datePublished\":\"2018-04-05T11:44:26+00:00\",\"description\":\"En CETEST ofrecemos un espacio \u00fanico y potentes capacidades para la instalaci\u00f3n de montajes de ensayo modulares que acomodan cualquier configuraci\u00f3n de ensayo que demanden nuestros clientes.\",\"breadcrumb\":{\"@id\":\"https:\\\/\\\/www.cetestgroup.com\\\/es\\\/ensayos-aeronauticos-y-otros\\\/instalaciones-instrumentacion-e-inspeccion\\\/#breadcrumb\"},\"inLanguage\":\"es\",\"potentialAction\":[{\"@type\":\"ReadAction\",\"target\":[\"https:\\\/\\\/www.cetestgroup.com\\\/es\\\/ensayos-aeronauticos-y-otros\\\/instalaciones-instrumentacion-e-inspeccion\\\/\"]}]},{\"@type\":\"BreadcrumbList\",\"@id\":\"https:\\\/\\\/www.cetestgroup.com\\\/es\\\/ensayos-aeronauticos-y-otros\\\/instalaciones-instrumentacion-e-inspeccion\\\/#breadcrumb\",\"itemListElement\":[{\"@type\":\"ListItem\",\"position\":1,\"name\":\"Home\",\"item\":\"https:\\\/\\\/www.cetestgroup.com\\\/es\\\/\"},{\"@type\":\"ListItem\",\"position\":2,\"name\":\"Ensayos Aeron\u00e1uticos y Otros\",\"item\":\"https:\\\/\\\/www.cetestgroup.com\\\/es\\\/ensayos-aeronauticos-y-otros\\\/\"},{\"@type\":\"ListItem\",\"position\":3,\"name\":\"Instalaciones, Instrumentaci\u00f3n e Inspecci\u00f3n\"}]},{\"@type\":\"WebSite\",\"@id\":\"https:\\\/\\\/www.cetestgroup.com\\\/es\\\/#website\",\"url\":\"https:\\\/\\\/www.cetestgroup.com\\\/es\\\/\",\"name\":\"CETEST\",\"description\":\"CETEST is a fully accredited independent test laboratory offering services for design verification, model validation, developmental testing and\\\/or answers to help you identify failure root causes. We carry out tests in our facilities as well as on site as required by customer needs.\",\"potentialAction\":[{\"@type\":\"SearchAction\",\"target\":{\"@type\":\"EntryPoint\",\"urlTemplate\":\"https:\\\/\\\/www.cetestgroup.com\\\/es\\\/?s={search_term_string}\"},\"query-input\":{\"@type\":\"PropertyValueSpecification\",\"valueRequired\":true,\"valueName\":\"search_term_string\"}}],\"inLanguage\":\"es\"}]}<\/script>\n<!-- \/ Yoast SEO plugin. -->","yoast_head_json":{"title":"Instalaciones, Instrumentaci\u00f3n e Inspecci\u00f3n | CETEST","description":"En CETEST ofrecemos un espacio \u00fanico y potentes capacidades para la instalaci\u00f3n de montajes de ensayo modulares que acomodan cualquier configuraci\u00f3n de ensayo que demanden nuestros clientes.","robots":{"index":"index","follow":"follow","max-snippet":"max-snippet:-1","max-image-preview":"max-image-preview:large","max-video-preview":"max-video-preview:-1"},"canonical":"https:\/\/www.cetestgroup.com\/es\/ensayos-aeronauticos-y-otros\/instalaciones-instrumentacion-e-inspeccion\/","og_locale":"es_ES","og_type":"article","og_title":"Instalaciones, Instrumentaci\u00f3n e Inspecci\u00f3n | CETEST","og_description":"En CETEST ofrecemos un espacio \u00fanico y potentes capacidades para la instalaci\u00f3n de montajes de ensayo modulares que acomodan cualquier configuraci\u00f3n de ensayo que demanden nuestros clientes.","og_url":"https:\/\/www.cetestgroup.com\/es\/ensayos-aeronauticos-y-otros\/instalaciones-instrumentacion-e-inspeccion\/","og_site_name":"CETEST","twitter_card":"summary_large_image","twitter_misc":{"Tiempo de lectura":"3 minutos"},"schema":{"@context":"https:\/\/schema.org","@graph":[{"@type":"WebPage","@id":"https:\/\/www.cetestgroup.com\/es\/ensayos-aeronauticos-y-otros\/instalaciones-instrumentacion-e-inspeccion\/","url":"https:\/\/www.cetestgroup.com\/es\/ensayos-aeronauticos-y-otros\/instalaciones-instrumentacion-e-inspeccion\/","name":"Instalaciones, Instrumentaci\u00f3n e Inspecci\u00f3n | CETEST","isPartOf":{"@id":"https:\/\/www.cetestgroup.com\/es\/#website"},"datePublished":"2018-04-05T11:44:26+00:00","description":"En CETEST ofrecemos un espacio \u00fanico y potentes capacidades para la instalaci\u00f3n de montajes de ensayo modulares que acomodan cualquier configuraci\u00f3n de ensayo que demanden nuestros clientes.","breadcrumb":{"@id":"https:\/\/www.cetestgroup.com\/es\/ensayos-aeronauticos-y-otros\/instalaciones-instrumentacion-e-inspeccion\/#breadcrumb"},"inLanguage":"es","potentialAction":[{"@type":"ReadAction","target":["https:\/\/www.cetestgroup.com\/es\/ensayos-aeronauticos-y-otros\/instalaciones-instrumentacion-e-inspeccion\/"]}]},{"@type":"BreadcrumbList","@id":"https:\/\/www.cetestgroup.com\/es\/ensayos-aeronauticos-y-otros\/instalaciones-instrumentacion-e-inspeccion\/#breadcrumb","itemListElement":[{"@type":"ListItem","position":1,"name":"Home","item":"https:\/\/www.cetestgroup.com\/es\/"},{"@type":"ListItem","position":2,"name":"Ensayos Aeron\u00e1uticos y Otros","item":"https:\/\/www.cetestgroup.com\/es\/ensayos-aeronauticos-y-otros\/"},{"@type":"ListItem","position":3,"name":"Instalaciones, Instrumentaci\u00f3n e Inspecci\u00f3n"}]},{"@type":"WebSite","@id":"https:\/\/www.cetestgroup.com\/es\/#website","url":"https:\/\/www.cetestgroup.com\/es\/","name":"CETEST","description":"CETEST is a fully accredited independent test laboratory offering services for design verification, model validation, developmental testing and\/or answers to help you identify failure root causes. We carry out tests in our facilities as well as on site as required by customer needs.","potentialAction":[{"@type":"SearchAction","target":{"@type":"EntryPoint","urlTemplate":"https:\/\/www.cetestgroup.com\/es\/?s={search_term_string}"},"query-input":{"@type":"PropertyValueSpecification","valueRequired":true,"valueName":"search_term_string"}}],"inLanguage":"es"}]}},"_links":{"self":[{"href":"https:\/\/www.cetestgroup.com\/es\/wp-json\/wp\/v2\/pages\/17657","targetHints":{"allow":["GET"]}}],"collection":[{"href":"https:\/\/www.cetestgroup.com\/es\/wp-json\/wp\/v2\/pages"}],"about":[{"href":"https:\/\/www.cetestgroup.com\/es\/wp-json\/wp\/v2\/types\/page"}],"author":[{"embeddable":true,"href":"https:\/\/www.cetestgroup.com\/es\/wp-json\/wp\/v2\/users\/1"}],"replies":[{"embeddable":true,"href":"https:\/\/www.cetestgroup.com\/es\/wp-json\/wp\/v2\/comments?post=17657"}],"version-history":[{"count":2,"href":"https:\/\/www.cetestgroup.com\/es\/wp-json\/wp\/v2\/pages\/17657\/revisions"}],"predecessor-version":[{"id":17659,"href":"https:\/\/www.cetestgroup.com\/es\/wp-json\/wp\/v2\/pages\/17657\/revisions\/17659"}],"up":[{"embeddable":true,"href":"https:\/\/www.cetestgroup.com\/es\/wp-json\/wp\/v2\/pages\/17900"}],"wp:attachment":[{"href":"https:\/\/www.cetestgroup.com\/es\/wp-json\/wp\/v2\/media?parent=17657"}],"curies":[{"name":"wp","href":"https:\/\/api.w.org\/{rel}","templated":true}]}}