{"id":17654,"date":"2018-04-05T12:26:19","date_gmt":"2018-04-05T11:26:19","guid":{"rendered":"https:\/\/www.cetestgroup.com\/?page_id=17654"},"modified":"2018-04-05T12:26:19","modified_gmt":"2018-04-05T11:26:19","slug":"analisis-modal","status":"publish","type":"page","link":"https:\/\/www.cetestgroup.com\/es\/ensayos-aeronauticos-y-otros\/analisis-modal\/","title":{"rendered":"An\u00e1lisis Modal"},"content":{"rendered":"<div class=\"wpb-content-wrapper\"><p>[vc_row][vc_column]<div class=\"ult-spacer spacer-69dd093ac44a1\" data-id=\"69dd093ac44a1\" data-height=\"30\" data-height-mobile=\"20\" data-height-tab=\"20\" data-height-tab-portrait=\"\" data-height-mobile-landscape=\"\" style=\"clear:both;display:block;\"><\/div><div id=\"dfd-carousel-69dd093ac4546\" class=\"dfd-carousel-wrapper\"><div class=\"dfd-carousel-module-wrapper  dfd-carousel-horizontal dfd-arrows_aside2 dfdfillsquare dfd-arrows-style_4 dfd-arrows-enabled dfd-dots-enabled\" ><div class=\"dfd-carousel\">[vc_single_image image=\u00bb16175&#8243; img_size=\u00bbfull\u00bb alignment=\u00bbcenter\u00bb][vc_single_image image=\u00bb16174&#8243; img_size=\u00bbfull\u00bb alignment=\u00bbcenter\u00bb]<\/div><a href=\"#\" class=\"dfd-slider-control prev\" title=\"Previous slide\"><i class=\"dfd-added-font-icon-left-open2\"><\/i><\/a><a href=\"#\" class=\"dfd-slider-control next\" title=\"Next slide\"><i class=\"dfd-added-font-icon-right-open2\"><\/i><\/a><\/div>\t\t\t\t<script type=\"text\/javascript\">\r\n\t\t\t\t\t(function($) {\r\n\t\t\t\t\t\t\"use strict\";\r\n\t\t\t\t\t\tvar $carousel = $('#dfd-carousel-69dd093ac4546').find('.dfd-carousel');\r\n\t\t\t\t\t\t$(document).ready(function() {\r\n\t\t\t\t\t\t\tvar $initialized = ($('body').hasClass('page-template-tmp-side-by-side')) ? $carousel.not('.slick-initialized') : $carousel;\r\n\t\t\t\t\t\t\t\t\t\t\t\t\t\t$carousel.siblings('.dfd-slider-control.prev').click(function(e) {\r\n\t\t\t\t\t\t\t\te.preventDefault();\r\n\t\t\t\t\t\t\t\t$carousel.eq(0).slick('slickPrev');\r\n\t\t\t\t\t\t\t});\r\n\t\t\t\t\t\t\t$carousel.siblings('.dfd-slider-control.next').click(function(e) {\r\n\t\t\t\t\t\t\t\te.preventDefault();\r\n\t\t\t\t\t\t\t\t$carousel.eq(0).slick('slickNext');\r\n\t\t\t\t\t\t\t});\r\n\t\t\t\t\t\t\t$initialized.slick({arrows: false,dotsClass: 'dfd-slick-dots',slidesToScroll: 1,autoplay: true,autoplaySpeed: 5000,dots: true,customPaging: function(slider, i) {\r\n\t\t\t\t\t\t\t\t\treturn '<span data-role=\"none\" role=\"button\" aria-required=\"false\" tabindex=\"0\"><\/span>';\r\n\t\t\t\t\t\t\t\t},infinite: true,slidesToShow: 1,speed: 300,swipe: true,draggable: true,adaptiveHeight: true,responsive: [\r\n\t\t\t\t\t\t\t{\r\n\t\t\t\t\t\t\t\tbreakpoint: 1024,\r\n\t\t\t\t\t\t\t\tsettings: {\r\n\t\t\t\t\t\t\t\t\tslidesToShow: 1,\r\n\t\t\t\t\t\t\t\t\tslidesToScroll: 1,\r\n\t\t\t\t\t\t\t\t}\r\n\t\t\t\t\t\t\t},\r\n\t\t\t\t\t\t\t{\r\n\t\t\t\t\t\t\t\tbreakpoint: 800,\r\n\t\t\t\t\t\t\t\tsettings: {\r\n\t\t\t\t\t\t\t\t\tslidesToShow: 1,\r\n\t\t\t\t\t\t\t\t\tslidesToScroll: 1,\r\n\t\t\t\t\t\t\t\t}\r\n\t\t\t\t\t\t\t},\r\n\t\t\t\t\t\t\t{\r\n\t\t\t\t\t\t\t\tbreakpoint: 480,\r\n\t\t\t\t\t\t\t\tsettings: {\r\n\t\t\t\t\t\t\t\t\tslidesToShow: 1,\r\n\t\t\t\t\t\t\t\t\tslidesToScroll: 1,\r\n\t\t\t\t\t\t\t\t}\r\n\t\t\t\t\t\t\t},]});\r\n\t\t\t\t\t\t\t$(\"head\").append(\"<style>#dfd-carousel-69dd093ac4546 > .dfd-carousel-module-wrapper > .dfd-carousel > .slick-list > .slick-track > .dfd-item-wrap > .cover {padding: 10px;}#dfd-carousel-69dd093ac4546 {margin: -10px;}<\/style>\")\t\t\t\t\t\t});\r\n\t\t\t\t\t})(jQuery);\r\n\t\t\t\t<\/script>\r\n            <\/div><div class=\"ult-spacer spacer-69dd093ac45d9\" data-id=\"69dd093ac45d9\" data-height=\"30\" data-height-mobile=\"20\" data-height-tab=\"20\" data-height-tab-portrait=\"\" data-height-mobile-landscape=\"\" style=\"clear:both;display:block;\"><\/div>[\/vc_column][\/vc_row][vc_row][vc_column][vc_column_text]En CETEST tenemos una amplia experiencia en an\u00e1lisis modal. Llevamos a cabo distintos tipos de an\u00e1lisis modales:[\/vc_column_text]<div class=\"ult-spacer spacer-69dd093ac4604\" data-id=\"69dd093ac4604\" data-height=\"30\" data-height-mobile=\"20\" data-height-tab=\"30\" data-height-tab-portrait=\"\" data-height-mobile-landscape=\"\" style=\"clear:both;display:block;\"><\/div>[vc_row_inner][vc_column_inner width=\u00bb1\/2&#8243;][vc_single_image image=\u00bb16179&#8243; img_size=\u00bbfull\u00bb]<div class=\"ult-spacer spacer-69dd093ac4629\" data-id=\"69dd093ac4629\" data-height=\"20\" data-height-mobile=\"20\" data-height-tab=\"20\" data-height-tab-portrait=\"\" data-height-mobile-landscape=\"\" style=\"clear:both;display:block;\"><\/div><div class=\"dfd-heading-shortcode\"><div class=\"dfd-heading-module-wrap center text-center style_01 dfd-heading-69dd093ac468a dfd-disable-resposive-headings\" id=\"dfd-heading-69dd093ac468a\" ><div class=\"inline-block\"><div class=\"dfd-heading-module\"><h6 class=\"widget-title dfd-title \" style=\"font-family:PT Sans; font-weight:400; font-style:normal; font-size: 20px; color: #25bdd5 !important; \">An\u00e1lisis Modal Experimental (EMA)<\/h6><\/div><\/div><\/div><script type=\"text\/javascript\">\r\n\t\t\t\t\t\t\t\t\t(function($) {\r\n\t\t\t\t\t\t\t\t\t\t$(\"head\").append(\"<style>.dfd-heading-69dd093ac468a.dfd-heading-module-wrap .dfd-heading-module .dfd-heading-delimiter {margin-top:10px;margin-bottom:10px;}<\/style>\");\r\n\t\t\t\t\t\t\t\t\t})(jQuery);\r\n\t\t\t\t\t\t\t\t<\/script><\/div><div class=\"ult-spacer spacer-69dd093ac478b\" data-id=\"69dd093ac478b\" data-height=\"10\" data-height-mobile=\"10\" data-height-tab=\"10\" data-height-tab-portrait=\"\" data-height-mobile-landscape=\"\" style=\"clear:both;display:block;\"><\/div>[vc_column_text]En este tipo de an\u00e1lisis, se aplica una excitaci\u00f3n conocida al componente sometido al ensayo por medio de un martillo instrumentado, excitadores o mediante el impacto de una masa conocida. Este an\u00e1lisis es m\u00e1s adecuado para elementos de dimensiones reducidas o con un factor de amortiguaci\u00f3n bajo. CETEST dispone de m\u00faltiples tipos de elementos de excitaci\u00f3n para la aplicaci\u00f3n de la excitaci\u00f3n m\u00e1s adecuada al componente sometido al ensayo.[\/vc_column_text]<div class=\"ult-spacer spacer-69dd093ac47b8\" data-id=\"69dd093ac47b8\" data-height=\"30\" data-height-mobile=\"20\" data-height-tab=\"30\" data-height-tab-portrait=\"\" data-height-mobile-landscape=\"\" style=\"clear:both;display:block;\"><\/div>[\/vc_column_inner][vc_column_inner width=\u00bb1\/2&#8243;][vc_single_image image=\u00bb17048&#8243; img_size=\u00bbfull\u00bb]<div class=\"ult-spacer spacer-69dd093ac47da\" data-id=\"69dd093ac47da\" data-height=\"20\" data-height-mobile=\"20\" data-height-tab=\"20\" data-height-tab-portrait=\"\" data-height-mobile-landscape=\"\" style=\"clear:both;display:block;\"><\/div><div class=\"dfd-heading-shortcode\"><div class=\"dfd-heading-module-wrap center text-center style_01 dfd-heading-69dd093ac4839 dfd-disable-resposive-headings\" id=\"dfd-heading-69dd093ac4839\" ><div class=\"inline-block\"><div class=\"dfd-heading-module\"><h6 class=\"widget-title dfd-title \" style=\"font-family:PT Sans; font-weight:400; font-style:normal; font-size: 20px; color: #25bdd5 !important; \">An\u00e1lisis Modal Operacional (OMA)<\/h6><\/div><\/div><\/div><script type=\"text\/javascript\">\r\n\t\t\t\t\t\t\t\t\t(function($) {\r\n\t\t\t\t\t\t\t\t\t\t$(\"head\").append(\"<style>.dfd-heading-69dd093ac4839.dfd-heading-module-wrap .dfd-heading-module .dfd-heading-delimiter {margin-top:10px;margin-bottom:10px;}<\/style>\");\r\n\t\t\t\t\t\t\t\t\t})(jQuery);\r\n\t\t\t\t\t\t\t\t<\/script><\/div><div class=\"ult-spacer spacer-69dd093ac492b\" data-id=\"69dd093ac492b\" data-height=\"10\" data-height-mobile=\"10\" data-height-tab=\"10\" data-height-tab-portrait=\"\" data-height-mobile-landscape=\"\" style=\"clear:both;display:block;\"><\/div>[vc_column_text]El sistema se estudia en condiciones operativas normales y se supone que la excitaci\u00f3n recibida puede modelarse como un ruido blanco. Este an\u00e1lisis se recomienda para elementos de grandes dimensiones en los que la excitaci\u00f3n ambiente es constante en el rango de frecuencia del estudio. Este an\u00e1lisis permite el estudio de elementos que son imposibles de estudiar con los m\u00e9todos convencionales, como las torres de energ\u00eda e\u00f3lica, los puentes, etc.[\/vc_column_text][\/vc_column_inner][\/vc_row_inner][\/vc_column][\/vc_row][vc_row][vc_column]<div class=\"ult-spacer spacer-69dd093ac4955\" data-id=\"69dd093ac4955\" data-height=\"60\" data-height-mobile=\"20\" data-height-tab=\"30\" data-height-tab-portrait=\"\" data-height-mobile-landscape=\"\" style=\"clear:both;display:block;\"><\/div>[\/vc_column][\/vc_row]<\/p>\n<\/div>","protected":false},"excerpt":{"rendered":"<p>[vc_row][vc_column][\/vc_column][\/vc_row][vc_row][vc_column][vc_column_text]En CETEST tenemos una amplia experiencia en an\u00e1lisis modal. Llevamos a cabo distintos tipos de an\u00e1lisis modales:[\/vc_column_text][vc_row_inner][vc_column_inner width=\u00bb1\/2&#8243;][vc_single_image image=\u00bb16179&#8243; img_size=\u00bbfull\u00bb][vc_column_text]En este tipo de an\u00e1lisis, se aplica una excitaci\u00f3n conocida al<\/p>\n","protected":false},"author":1,"featured_media":0,"parent":17900,"menu_order":0,"comment_status":"closed","ping_status":"closed","template":"tmp-page-right-sidebar.php","meta":{"_acf_changed":false,"footnotes":""},"class_list":["post-17654","page","type-page","status-publish","hentry"],"acf":[],"yoast_head":"<!-- This site is optimized with the Yoast SEO plugin v27.3 - https:\/\/yoast.com\/product\/yoast-seo-wordpress\/ -->\n<title>An\u00e1lisis Modal en Aeron\u00e1utica y otros sectores | CETEST<\/title>\n<meta name=\"description\" content=\"En CETEST tenemos una amplia experiencia en an\u00e1lisis modal: An\u00e1lisis Modal Experimental (EMA) para elementos de dimensiones reducidas o con un factor de amortiguaci\u00f3n bajo. An\u00e1lisis Modal Operacional (OMA) para elementos imposibles de estudiar con m\u00e9todos convencionales, como torres de energ\u00eda e\u00f3lica, puentes, etc.\" \/>\n<meta name=\"robots\" content=\"index, follow, max-snippet:-1, max-image-preview:large, max-video-preview:-1\" \/>\n<link rel=\"canonical\" href=\"https:\/\/www.cetestgroup.com\/es\/ensayos-aeronauticos-y-otros\/analisis-modal\/\" \/>\n<meta property=\"og:locale\" content=\"es_ES\" \/>\n<meta property=\"og:type\" content=\"article\" \/>\n<meta property=\"og:title\" content=\"An\u00e1lisis Modal en Aeron\u00e1utica y otros sectores | CETEST\" \/>\n<meta property=\"og:description\" content=\"En CETEST tenemos una amplia experiencia en an\u00e1lisis modal: An\u00e1lisis Modal Experimental (EMA) para elementos de dimensiones reducidas o con un factor de amortiguaci\u00f3n bajo. An\u00e1lisis Modal Operacional (OMA) para elementos imposibles de estudiar con m\u00e9todos convencionales, como torres de energ\u00eda e\u00f3lica, puentes, etc.\" \/>\n<meta property=\"og:url\" content=\"https:\/\/www.cetestgroup.com\/es\/ensayos-aeronauticos-y-otros\/analisis-modal\/\" \/>\n<meta property=\"og:site_name\" content=\"CETEST\" \/>\n<meta name=\"twitter:card\" content=\"summary_large_image\" \/>\n<meta name=\"twitter:label1\" content=\"Tiempo de lectura\" \/>\n\t<meta name=\"twitter:data1\" content=\"3 minutos\" \/>\n<script type=\"application\/ld+json\" class=\"yoast-schema-graph\">{\"@context\":\"https:\\\/\\\/schema.org\",\"@graph\":[{\"@type\":\"WebPage\",\"@id\":\"https:\\\/\\\/www.cetestgroup.com\\\/es\\\/ensayos-aeronauticos-y-otros\\\/analisis-modal\\\/\",\"url\":\"https:\\\/\\\/www.cetestgroup.com\\\/es\\\/ensayos-aeronauticos-y-otros\\\/analisis-modal\\\/\",\"name\":\"An\u00e1lisis Modal en Aeron\u00e1utica y otros sectores | CETEST\",\"isPartOf\":{\"@id\":\"https:\\\/\\\/www.cetestgroup.com\\\/es\\\/#website\"},\"datePublished\":\"2018-04-05T11:26:19+00:00\",\"description\":\"En CETEST tenemos una amplia experiencia en an\u00e1lisis modal: An\u00e1lisis Modal Experimental (EMA) para elementos de dimensiones reducidas o con un factor de amortiguaci\u00f3n bajo. An\u00e1lisis Modal Operacional (OMA) para elementos imposibles de estudiar con m\u00e9todos convencionales, como torres de energ\u00eda e\u00f3lica, puentes, etc.\",\"breadcrumb\":{\"@id\":\"https:\\\/\\\/www.cetestgroup.com\\\/es\\\/ensayos-aeronauticos-y-otros\\\/analisis-modal\\\/#breadcrumb\"},\"inLanguage\":\"es\",\"potentialAction\":[{\"@type\":\"ReadAction\",\"target\":[\"https:\\\/\\\/www.cetestgroup.com\\\/es\\\/ensayos-aeronauticos-y-otros\\\/analisis-modal\\\/\"]}]},{\"@type\":\"BreadcrumbList\",\"@id\":\"https:\\\/\\\/www.cetestgroup.com\\\/es\\\/ensayos-aeronauticos-y-otros\\\/analisis-modal\\\/#breadcrumb\",\"itemListElement\":[{\"@type\":\"ListItem\",\"position\":1,\"name\":\"Home\",\"item\":\"https:\\\/\\\/www.cetestgroup.com\\\/es\\\/\"},{\"@type\":\"ListItem\",\"position\":2,\"name\":\"Ensayos Aeron\u00e1uticos y Otros\",\"item\":\"https:\\\/\\\/www.cetestgroup.com\\\/es\\\/ensayos-aeronauticos-y-otros\\\/\"},{\"@type\":\"ListItem\",\"position\":3,\"name\":\"An\u00e1lisis Modal\"}]},{\"@type\":\"WebSite\",\"@id\":\"https:\\\/\\\/www.cetestgroup.com\\\/es\\\/#website\",\"url\":\"https:\\\/\\\/www.cetestgroup.com\\\/es\\\/\",\"name\":\"CETEST\",\"description\":\"CETEST is a fully accredited independent test laboratory offering services for design verification, model validation, developmental testing and\\\/or answers to help you identify failure root causes. We carry out tests in our facilities as well as on site as required by customer needs.\",\"potentialAction\":[{\"@type\":\"SearchAction\",\"target\":{\"@type\":\"EntryPoint\",\"urlTemplate\":\"https:\\\/\\\/www.cetestgroup.com\\\/es\\\/?s={search_term_string}\"},\"query-input\":{\"@type\":\"PropertyValueSpecification\",\"valueRequired\":true,\"valueName\":\"search_term_string\"}}],\"inLanguage\":\"es\"}]}<\/script>\n<!-- \/ Yoast SEO plugin. -->","yoast_head_json":{"title":"An\u00e1lisis Modal en Aeron\u00e1utica y otros sectores | CETEST","description":"En CETEST tenemos una amplia experiencia en an\u00e1lisis modal: An\u00e1lisis Modal Experimental (EMA) para elementos de dimensiones reducidas o con un factor de amortiguaci\u00f3n bajo. An\u00e1lisis Modal Operacional (OMA) para elementos imposibles de estudiar con m\u00e9todos convencionales, como torres de energ\u00eda e\u00f3lica, puentes, etc.","robots":{"index":"index","follow":"follow","max-snippet":"max-snippet:-1","max-image-preview":"max-image-preview:large","max-video-preview":"max-video-preview:-1"},"canonical":"https:\/\/www.cetestgroup.com\/es\/ensayos-aeronauticos-y-otros\/analisis-modal\/","og_locale":"es_ES","og_type":"article","og_title":"An\u00e1lisis Modal en Aeron\u00e1utica y otros sectores | CETEST","og_description":"En CETEST tenemos una amplia experiencia en an\u00e1lisis modal: An\u00e1lisis Modal Experimental (EMA) para elementos de dimensiones reducidas o con un factor de amortiguaci\u00f3n bajo. An\u00e1lisis Modal Operacional (OMA) para elementos imposibles de estudiar con m\u00e9todos convencionales, como torres de energ\u00eda e\u00f3lica, puentes, etc.","og_url":"https:\/\/www.cetestgroup.com\/es\/ensayos-aeronauticos-y-otros\/analisis-modal\/","og_site_name":"CETEST","twitter_card":"summary_large_image","twitter_misc":{"Tiempo de lectura":"3 minutos"},"schema":{"@context":"https:\/\/schema.org","@graph":[{"@type":"WebPage","@id":"https:\/\/www.cetestgroup.com\/es\/ensayos-aeronauticos-y-otros\/analisis-modal\/","url":"https:\/\/www.cetestgroup.com\/es\/ensayos-aeronauticos-y-otros\/analisis-modal\/","name":"An\u00e1lisis Modal en Aeron\u00e1utica y otros sectores | CETEST","isPartOf":{"@id":"https:\/\/www.cetestgroup.com\/es\/#website"},"datePublished":"2018-04-05T11:26:19+00:00","description":"En CETEST tenemos una amplia experiencia en an\u00e1lisis modal: An\u00e1lisis Modal Experimental (EMA) para elementos de dimensiones reducidas o con un factor de amortiguaci\u00f3n bajo. An\u00e1lisis Modal Operacional (OMA) para elementos imposibles de estudiar con m\u00e9todos convencionales, como torres de energ\u00eda e\u00f3lica, puentes, etc.","breadcrumb":{"@id":"https:\/\/www.cetestgroup.com\/es\/ensayos-aeronauticos-y-otros\/analisis-modal\/#breadcrumb"},"inLanguage":"es","potentialAction":[{"@type":"ReadAction","target":["https:\/\/www.cetestgroup.com\/es\/ensayos-aeronauticos-y-otros\/analisis-modal\/"]}]},{"@type":"BreadcrumbList","@id":"https:\/\/www.cetestgroup.com\/es\/ensayos-aeronauticos-y-otros\/analisis-modal\/#breadcrumb","itemListElement":[{"@type":"ListItem","position":1,"name":"Home","item":"https:\/\/www.cetestgroup.com\/es\/"},{"@type":"ListItem","position":2,"name":"Ensayos Aeron\u00e1uticos y Otros","item":"https:\/\/www.cetestgroup.com\/es\/ensayos-aeronauticos-y-otros\/"},{"@type":"ListItem","position":3,"name":"An\u00e1lisis Modal"}]},{"@type":"WebSite","@id":"https:\/\/www.cetestgroup.com\/es\/#website","url":"https:\/\/www.cetestgroup.com\/es\/","name":"CETEST","description":"CETEST is a fully accredited independent test laboratory offering services for design verification, model validation, developmental testing and\/or answers to help you identify failure root causes. We carry out tests in our facilities as well as on site as required by customer needs.","potentialAction":[{"@type":"SearchAction","target":{"@type":"EntryPoint","urlTemplate":"https:\/\/www.cetestgroup.com\/es\/?s={search_term_string}"},"query-input":{"@type":"PropertyValueSpecification","valueRequired":true,"valueName":"search_term_string"}}],"inLanguage":"es"}]}},"_links":{"self":[{"href":"https:\/\/www.cetestgroup.com\/es\/wp-json\/wp\/v2\/pages\/17654","targetHints":{"allow":["GET"]}}],"collection":[{"href":"https:\/\/www.cetestgroup.com\/es\/wp-json\/wp\/v2\/pages"}],"about":[{"href":"https:\/\/www.cetestgroup.com\/es\/wp-json\/wp\/v2\/types\/page"}],"author":[{"embeddable":true,"href":"https:\/\/www.cetestgroup.com\/es\/wp-json\/wp\/v2\/users\/1"}],"replies":[{"embeddable":true,"href":"https:\/\/www.cetestgroup.com\/es\/wp-json\/wp\/v2\/comments?post=17654"}],"version-history":[{"count":2,"href":"https:\/\/www.cetestgroup.com\/es\/wp-json\/wp\/v2\/pages\/17654\/revisions"}],"predecessor-version":[{"id":17656,"href":"https:\/\/www.cetestgroup.com\/es\/wp-json\/wp\/v2\/pages\/17654\/revisions\/17656"}],"up":[{"embeddable":true,"href":"https:\/\/www.cetestgroup.com\/es\/wp-json\/wp\/v2\/pages\/17900"}],"wp:attachment":[{"href":"https:\/\/www.cetestgroup.com\/es\/wp-json\/wp\/v2\/media?parent=17654"}],"curies":[{"name":"wp","href":"https:\/\/api.w.org\/{rel}","templated":true}]}}