{"id":17651,"date":"2018-04-05T12:11:48","date_gmt":"2018-04-05T11:11:48","guid":{"rendered":"https:\/\/www.cetestgroup.com\/?page_id=17651"},"modified":"2018-04-05T12:11:48","modified_gmt":"2018-04-05T11:11:48","slug":"ruido-y-vibraciones","status":"publish","type":"page","link":"https:\/\/www.cetestgroup.com\/es\/ensayos-aeronauticos-y-otros\/ruido-y-vibraciones\/","title":{"rendered":"Ruido y Vibraciones"},"content":{"rendered":"<div class=\"wpb-content-wrapper\"><p>[vc_row][vc_column]<div class=\"ult-spacer spacer-69dca178488d5\" data-id=\"69dca178488d5\" data-height=\"30\" data-height-mobile=\"20\" data-height-tab=\"20\" data-height-tab-portrait=\"\" data-height-mobile-landscape=\"\" style=\"clear:both;display:block;\"><\/div>[\/vc_column][\/vc_row][vc_row][vc_column width=\u00bb1\/2&#8243;][vc_column_text]Ensayos de verificaci\u00f3n y validaci\u00f3n conforme a las principales normas internacionales y\/o las necesidades del cliente.<\/p>\n<p>Para los ensayos de ruido se estudia el sistema completo, as\u00ed como el efecto en los diferentes subsistemas y auxiliares.<\/p>\n<p>Adem\u00e1s, llevamos a cabo ensayos para la medici\u00f3n y caracterizaci\u00f3n ac\u00fastica de equipos independientes.[\/vc_column_text]<div class=\"ult-spacer spacer-69dca17848922\" data-id=\"69dca17848922\" data-height=\"30\" data-height-mobile=\"20\" data-height-tab=\"30\" data-height-tab-portrait=\"\" data-height-mobile-landscape=\"\" style=\"clear:both;display:block;\"><\/div>[vc_column_text]<strong>Instrumentaci\u00f3n:<\/strong> amplia gama de micr\u00f3fonos para mediciones puntuales o configuraciones de micr\u00f3fonos, junto con herramientas avanzadas de an\u00e1lisis.<br \/>\n[\/vc_column_text]<div class=\"ult-spacer spacer-69dca17848950\" data-id=\"69dca17848950\" data-height=\"30\" data-height-mobile=\"20\" data-height-tab=\"30\" data-height-tab-portrait=\"\" data-height-mobile-landscape=\"\" style=\"clear:both;display:block;\"><\/div>[\/vc_column][vc_column width=\u00bb1\/2&#8243;][vc_single_image image=\u00bb16171&#8243; img_size=\u00bbfull\u00bb alignment=\u00bbcenter\u00bb][\/vc_column][\/vc_row][vc_row][vc_column]<div class=\"ult-spacer spacer-69dca17848978\" data-id=\"69dca17848978\" data-height=\"30\" data-height-mobile=\"20\" data-height-tab=\"30\" data-height-tab-portrait=\"\" data-height-mobile-landscape=\"\" style=\"clear:both;display:block;\"><\/div>[vc_column_text]En CETEST desarrollamos m\u00faltiples tipos de mediciones y an\u00e1lisis de vibraciones. Algunos ejemplos son:[\/vc_column_text]<div class=\"ult-spacer spacer-69dca1784899c\" data-id=\"69dca1784899c\" data-height=\"30\" data-height-mobile=\"20\" data-height-tab=\"30\" data-height-tab-portrait=\"\" data-height-mobile-landscape=\"\" style=\"clear:both;display:block;\"><\/div>[vc_row_inner][vc_column_inner width=\u00bb1\/3&#8243;][vc_single_image image=\u00bb16170&#8243; img_size=\u00bbfull\u00bb]<div class=\"ult-spacer spacer-69dca178489bf\" data-id=\"69dca178489bf\" data-height=\"20\" data-height-mobile=\"20\" data-height-tab=\"20\" data-height-tab-portrait=\"\" data-height-mobile-landscape=\"\" style=\"clear:both;display:block;\"><\/div><div class=\"dfd-heading-shortcode\"><div class=\"dfd-heading-module-wrap center text-center style_01 dfd-heading-69dca17848a33 dfd-disable-resposive-headings\" id=\"dfd-heading-69dca17848a33\" ><div class=\"inline-block\"><div class=\"dfd-heading-module\"><h6 class=\"widget-title dfd-title \" style=\"font-family:PT Sans; font-weight:400; font-style:normal; font-size: 20px; color: #25bdd5 !important; \">An\u00e1lisis de frecuencia<\/h6><\/div><\/div><\/div><script type=\"text\/javascript\">\r\n\t\t\t\t\t\t\t\t\t(function($) {\r\n\t\t\t\t\t\t\t\t\t\t$(\"head\").append(\"<style>.dfd-heading-69dca17848a33.dfd-heading-module-wrap .dfd-heading-module .dfd-heading-delimiter {margin-top:10px;margin-bottom:10px;}<\/style>\");\r\n\t\t\t\t\t\t\t\t\t})(jQuery);\r\n\t\t\t\t\t\t\t\t<\/script><\/div><div class=\"ult-spacer spacer-69dca17848b43\" data-id=\"69dca17848b43\" data-height=\"10\" data-height-mobile=\"10\" data-height-tab=\"10\" data-height-tab-portrait=\"\" data-height-mobile-landscape=\"\" style=\"clear:both;display:block;\"><\/div>[vc_column_text]Este an\u00e1lisis puede ser una herramienta muy \u00fatil para comparar el contenido de la frecuencia de las vibraciones con curvas de referencia, y para evaluar la fuente principal de las vibraciones.[\/vc_column_text]<div class=\"ult-spacer spacer-69dca17848b70\" data-id=\"69dca17848b70\" data-height=\"30\" data-height-mobile=\"20\" data-height-tab=\"30\" data-height-tab-portrait=\"\" data-height-mobile-landscape=\"\" style=\"clear:both;display:block;\"><\/div>[\/vc_column_inner][vc_column_inner width=\u00bb1\/3&#8243;][vc_single_image image=\u00bb16169&#8243; img_size=\u00bbfull\u00bb]<div class=\"ult-spacer spacer-69dca17848b93\" data-id=\"69dca17848b93\" data-height=\"20\" data-height-mobile=\"20\" data-height-tab=\"20\" data-height-tab-portrait=\"\" data-height-mobile-landscape=\"\" style=\"clear:both;display:block;\"><\/div><div class=\"dfd-heading-shortcode\"><div class=\"dfd-heading-module-wrap center text-center style_01 dfd-heading-69dca17848bf2 dfd-disable-resposive-headings\" id=\"dfd-heading-69dca17848bf2\" ><div class=\"inline-block\"><div class=\"dfd-heading-module\"><h6 class=\"widget-title dfd-title \" style=\"font-family:PT Sans; font-weight:400; font-style:normal; font-size: 20px; color: #25bdd5 !important; \">C\u00e1lculo de la FRF<\/h6><h6 class=\"widget-sub-title dfd-sub-title \" style=\"font-family:PT Sans; font-weight:400; font-style:normal; font-size: 14px; font-weight:bold; \">(Funci\u00f3n de Respuesta en Frecuencia)<\/h6><\/div><\/div><\/div><script type=\"text\/javascript\">\r\n\t\t\t\t\t\t\t\t\t(function($) {\r\n\t\t\t\t\t\t\t\t\t\t$(\"head\").append(\"<style>.dfd-heading-69dca17848bf2.dfd-heading-module-wrap .dfd-heading-module .dfd-heading-delimiter {margin-top:10px;margin-bottom:10px;}<\/style>\");\r\n\t\t\t\t\t\t\t\t\t})(jQuery);\r\n\t\t\t\t\t\t\t\t<\/script><\/div><div class=\"ult-spacer spacer-69dca17848cec\" data-id=\"69dca17848cec\" data-height=\"10\" data-height-mobile=\"10\" data-height-tab=\"10\" data-height-tab-portrait=\"\" data-height-mobile-landscape=\"\" style=\"clear:both;display:block;\"><\/div>[vc_column_text]Utilizada para determinar la transmisi\u00f3n de la vibraci\u00f3n entre los distintos componentes. Este an\u00e1lisis aporta informaci\u00f3n \u00fatil sobre la trayectoria de transmisi\u00f3n de las vibraciones.[\/vc_column_text]<div class=\"ult-spacer spacer-69dca17848d17\" data-id=\"69dca17848d17\" data-height=\"30\" data-height-mobile=\"20\" data-height-tab=\"30\" data-height-tab-portrait=\"\" data-height-mobile-landscape=\"\" style=\"clear:both;display:block;\"><\/div>[\/vc_column_inner][vc_column_inner width=\u00bb1\/3&#8243;][vc_single_image image=\u00bb16168&#8243; img_size=\u00bbfull\u00bb]<div class=\"ult-spacer spacer-69dca17848d39\" data-id=\"69dca17848d39\" data-height=\"20\" data-height-mobile=\"20\" data-height-tab=\"20\" data-height-tab-portrait=\"\" data-height-mobile-landscape=\"\" style=\"clear:both;display:block;\"><\/div><div class=\"dfd-heading-shortcode\"><div class=\"dfd-heading-module-wrap center text-center style_01 dfd-heading-69dca17848d91 dfd-disable-resposive-headings\" id=\"dfd-heading-69dca17848d91\" ><div class=\"inline-block\"><div class=\"dfd-heading-module\"><h6 class=\"widget-title dfd-title \" style=\"font-family:PT Sans; font-weight:400; font-style:normal; font-size: 20px; color: #25bdd5 !important; \">An\u00e1lisis de \u00f3rdenes<\/h6><\/div><\/div><\/div><script type=\"text\/javascript\">\r\n\t\t\t\t\t\t\t\t\t(function($) {\r\n\t\t\t\t\t\t\t\t\t\t$(\"head\").append(\"<style>.dfd-heading-69dca17848d91.dfd-heading-module-wrap .dfd-heading-module .dfd-heading-delimiter {margin-top:10px;margin-bottom:10px;}<\/style>\");\r\n\t\t\t\t\t\t\t\t\t})(jQuery);\r\n\t\t\t\t\t\t\t\t<\/script><\/div><div class=\"ult-spacer spacer-69dca17848e44\" data-id=\"69dca17848e44\" data-height=\"10\" data-height-mobile=\"10\" data-height-tab=\"10\" data-height-tab-portrait=\"\" data-height-mobile-landscape=\"\" style=\"clear:both;display:block;\"><\/div>[vc_column_text]Este an\u00e1lisis compara los niveles de vibraci\u00f3n del dominio de la frecuencia con la velocidad de rotaci\u00f3n. Podr\u00eda ser esencial para la detecci\u00f3n de problemas o fallos en los elementos rotatorios, como motores y reductoras.[\/vc_column_text]<div class=\"ult-spacer spacer-69dca17848e83\" data-id=\"69dca17848e83\" data-height=\"30\" data-height-mobile=\"20\" data-height-tab=\"30\" data-height-tab-portrait=\"\" data-height-mobile-landscape=\"\" style=\"clear:both;display:block;\"><\/div>[\/vc_column_inner][\/vc_row_inner][\/vc_column][\/vc_row][vc_row][vc_column]<div class=\"ult-spacer spacer-69dca17848ea5\" data-id=\"69dca17848ea5\" data-height=\"60\" data-height-mobile=\"20\" data-height-tab=\"30\" data-height-tab-portrait=\"\" data-height-mobile-landscape=\"\" style=\"clear:both;display:block;\"><\/div>[\/vc_column][\/vc_row]<\/p>\n<\/div>","protected":false},"excerpt":{"rendered":"<p>[vc_row][vc_column][\/vc_column][\/vc_row][vc_row][vc_column width=\u00bb1\/2&#8243;][vc_column_text]Ensayos de verificaci\u00f3n y validaci\u00f3n conforme a las principales normas internacionales y\/o las necesidades del cliente. Para los ensayos de ruido se estudia el sistema completo, as\u00ed como el<\/p>\n","protected":false},"author":1,"featured_media":0,"parent":17900,"menu_order":0,"comment_status":"closed","ping_status":"closed","template":"tmp-page-right-sidebar.php","meta":{"_acf_changed":false,"footnotes":""},"class_list":["post-17651","page","type-page","status-publish","hentry"],"acf":[],"yoast_head":"<!-- This site is optimized with the Yoast SEO plugin v27.3 - https:\/\/yoast.com\/product\/yoast-seo-wordpress\/ -->\n<title>Ruido y Vibraciones, Ensayos de verificaci\u00f3n y validaci\u00f3n | CETEST<\/title>\n<meta name=\"description\" content=\"En CETEST desarrollamos Ensayos de verificaci\u00f3n y validaci\u00f3n conforme a las principales normas internacionales y\/o las necesidades del cliente: An\u00e1lisis de frecuencia, C\u00e1lculo de la FRF (Funci\u00f3n de Respuesta en Frecuencia), An\u00e1lisis de \u00f3rdenes.\" \/>\n<meta name=\"robots\" content=\"index, follow, max-snippet:-1, max-image-preview:large, max-video-preview:-1\" \/>\n<link rel=\"canonical\" href=\"https:\/\/www.cetestgroup.com\/es\/ensayos-aeronauticos-y-otros\/ruido-y-vibraciones\/\" \/>\n<meta property=\"og:locale\" content=\"es_ES\" \/>\n<meta property=\"og:type\" content=\"article\" \/>\n<meta property=\"og:title\" content=\"Ruido y Vibraciones, Ensayos de verificaci\u00f3n y validaci\u00f3n | CETEST\" \/>\n<meta property=\"og:description\" content=\"En CETEST desarrollamos Ensayos de verificaci\u00f3n y validaci\u00f3n conforme a las principales normas internacionales y\/o las necesidades del cliente: An\u00e1lisis de frecuencia, C\u00e1lculo de la FRF (Funci\u00f3n de Respuesta en Frecuencia), An\u00e1lisis de \u00f3rdenes.\" \/>\n<meta property=\"og:url\" content=\"https:\/\/www.cetestgroup.com\/es\/ensayos-aeronauticos-y-otros\/ruido-y-vibraciones\/\" \/>\n<meta property=\"og:site_name\" content=\"CETEST\" \/>\n<meta name=\"twitter:card\" content=\"summary_large_image\" \/>\n<meta name=\"twitter:label1\" content=\"Tiempo de lectura\" \/>\n\t<meta name=\"twitter:data1\" content=\"3 minutos\" \/>\n<script type=\"application\/ld+json\" class=\"yoast-schema-graph\">{\"@context\":\"https:\\\/\\\/schema.org\",\"@graph\":[{\"@type\":\"WebPage\",\"@id\":\"https:\\\/\\\/www.cetestgroup.com\\\/es\\\/ensayos-aeronauticos-y-otros\\\/ruido-y-vibraciones\\\/\",\"url\":\"https:\\\/\\\/www.cetestgroup.com\\\/es\\\/ensayos-aeronauticos-y-otros\\\/ruido-y-vibraciones\\\/\",\"name\":\"Ruido y Vibraciones, Ensayos de verificaci\u00f3n y validaci\u00f3n | CETEST\",\"isPartOf\":{\"@id\":\"https:\\\/\\\/www.cetestgroup.com\\\/es\\\/#website\"},\"datePublished\":\"2018-04-05T11:11:48+00:00\",\"description\":\"En CETEST desarrollamos Ensayos de verificaci\u00f3n y validaci\u00f3n conforme a las principales normas internacionales y\\\/o las necesidades del cliente: An\u00e1lisis de frecuencia, C\u00e1lculo de la FRF (Funci\u00f3n de Respuesta en Frecuencia), An\u00e1lisis de \u00f3rdenes.\",\"breadcrumb\":{\"@id\":\"https:\\\/\\\/www.cetestgroup.com\\\/es\\\/ensayos-aeronauticos-y-otros\\\/ruido-y-vibraciones\\\/#breadcrumb\"},\"inLanguage\":\"es\",\"potentialAction\":[{\"@type\":\"ReadAction\",\"target\":[\"https:\\\/\\\/www.cetestgroup.com\\\/es\\\/ensayos-aeronauticos-y-otros\\\/ruido-y-vibraciones\\\/\"]}]},{\"@type\":\"BreadcrumbList\",\"@id\":\"https:\\\/\\\/www.cetestgroup.com\\\/es\\\/ensayos-aeronauticos-y-otros\\\/ruido-y-vibraciones\\\/#breadcrumb\",\"itemListElement\":[{\"@type\":\"ListItem\",\"position\":1,\"name\":\"Home\",\"item\":\"https:\\\/\\\/www.cetestgroup.com\\\/es\\\/\"},{\"@type\":\"ListItem\",\"position\":2,\"name\":\"Ensayos Aeron\u00e1uticos y Otros\",\"item\":\"https:\\\/\\\/www.cetestgroup.com\\\/es\\\/ensayos-aeronauticos-y-otros\\\/\"},{\"@type\":\"ListItem\",\"position\":3,\"name\":\"Ruido y Vibraciones\"}]},{\"@type\":\"WebSite\",\"@id\":\"https:\\\/\\\/www.cetestgroup.com\\\/es\\\/#website\",\"url\":\"https:\\\/\\\/www.cetestgroup.com\\\/es\\\/\",\"name\":\"CETEST\",\"description\":\"CETEST is a fully accredited independent test laboratory offering services for design verification, model validation, developmental testing and\\\/or answers to help you identify failure root causes. We carry out tests in our facilities as well as on site as required by customer needs.\",\"potentialAction\":[{\"@type\":\"SearchAction\",\"target\":{\"@type\":\"EntryPoint\",\"urlTemplate\":\"https:\\\/\\\/www.cetestgroup.com\\\/es\\\/?s={search_term_string}\"},\"query-input\":{\"@type\":\"PropertyValueSpecification\",\"valueRequired\":true,\"valueName\":\"search_term_string\"}}],\"inLanguage\":\"es\"}]}<\/script>\n<!-- \/ Yoast SEO plugin. -->","yoast_head_json":{"title":"Ruido y Vibraciones, Ensayos de verificaci\u00f3n y validaci\u00f3n | CETEST","description":"En CETEST desarrollamos Ensayos de verificaci\u00f3n y validaci\u00f3n conforme a las principales normas internacionales y\/o las necesidades del cliente: An\u00e1lisis de frecuencia, C\u00e1lculo de la FRF (Funci\u00f3n de Respuesta en Frecuencia), An\u00e1lisis de \u00f3rdenes.","robots":{"index":"index","follow":"follow","max-snippet":"max-snippet:-1","max-image-preview":"max-image-preview:large","max-video-preview":"max-video-preview:-1"},"canonical":"https:\/\/www.cetestgroup.com\/es\/ensayos-aeronauticos-y-otros\/ruido-y-vibraciones\/","og_locale":"es_ES","og_type":"article","og_title":"Ruido y Vibraciones, Ensayos de verificaci\u00f3n y validaci\u00f3n | CETEST","og_description":"En CETEST desarrollamos Ensayos de verificaci\u00f3n y validaci\u00f3n conforme a las principales normas internacionales y\/o las necesidades del cliente: An\u00e1lisis de frecuencia, C\u00e1lculo de la FRF (Funci\u00f3n de Respuesta en Frecuencia), An\u00e1lisis de \u00f3rdenes.","og_url":"https:\/\/www.cetestgroup.com\/es\/ensayos-aeronauticos-y-otros\/ruido-y-vibraciones\/","og_site_name":"CETEST","twitter_card":"summary_large_image","twitter_misc":{"Tiempo de lectura":"3 minutos"},"schema":{"@context":"https:\/\/schema.org","@graph":[{"@type":"WebPage","@id":"https:\/\/www.cetestgroup.com\/es\/ensayos-aeronauticos-y-otros\/ruido-y-vibraciones\/","url":"https:\/\/www.cetestgroup.com\/es\/ensayos-aeronauticos-y-otros\/ruido-y-vibraciones\/","name":"Ruido y Vibraciones, Ensayos de verificaci\u00f3n y validaci\u00f3n | CETEST","isPartOf":{"@id":"https:\/\/www.cetestgroup.com\/es\/#website"},"datePublished":"2018-04-05T11:11:48+00:00","description":"En CETEST desarrollamos Ensayos de verificaci\u00f3n y validaci\u00f3n conforme a las principales normas internacionales y\/o las necesidades del cliente: An\u00e1lisis de frecuencia, C\u00e1lculo de la FRF (Funci\u00f3n de Respuesta en Frecuencia), An\u00e1lisis de \u00f3rdenes.","breadcrumb":{"@id":"https:\/\/www.cetestgroup.com\/es\/ensayos-aeronauticos-y-otros\/ruido-y-vibraciones\/#breadcrumb"},"inLanguage":"es","potentialAction":[{"@type":"ReadAction","target":["https:\/\/www.cetestgroup.com\/es\/ensayos-aeronauticos-y-otros\/ruido-y-vibraciones\/"]}]},{"@type":"BreadcrumbList","@id":"https:\/\/www.cetestgroup.com\/es\/ensayos-aeronauticos-y-otros\/ruido-y-vibraciones\/#breadcrumb","itemListElement":[{"@type":"ListItem","position":1,"name":"Home","item":"https:\/\/www.cetestgroup.com\/es\/"},{"@type":"ListItem","position":2,"name":"Ensayos Aeron\u00e1uticos y Otros","item":"https:\/\/www.cetestgroup.com\/es\/ensayos-aeronauticos-y-otros\/"},{"@type":"ListItem","position":3,"name":"Ruido y Vibraciones"}]},{"@type":"WebSite","@id":"https:\/\/www.cetestgroup.com\/es\/#website","url":"https:\/\/www.cetestgroup.com\/es\/","name":"CETEST","description":"CETEST is a fully accredited independent test laboratory offering services for design verification, model validation, developmental testing and\/or answers to help you identify failure root causes. We carry out tests in our facilities as well as on site as required by customer needs.","potentialAction":[{"@type":"SearchAction","target":{"@type":"EntryPoint","urlTemplate":"https:\/\/www.cetestgroup.com\/es\/?s={search_term_string}"},"query-input":{"@type":"PropertyValueSpecification","valueRequired":true,"valueName":"search_term_string"}}],"inLanguage":"es"}]}},"_links":{"self":[{"href":"https:\/\/www.cetestgroup.com\/es\/wp-json\/wp\/v2\/pages\/17651","targetHints":{"allow":["GET"]}}],"collection":[{"href":"https:\/\/www.cetestgroup.com\/es\/wp-json\/wp\/v2\/pages"}],"about":[{"href":"https:\/\/www.cetestgroup.com\/es\/wp-json\/wp\/v2\/types\/page"}],"author":[{"embeddable":true,"href":"https:\/\/www.cetestgroup.com\/es\/wp-json\/wp\/v2\/users\/1"}],"replies":[{"embeddable":true,"href":"https:\/\/www.cetestgroup.com\/es\/wp-json\/wp\/v2\/comments?post=17651"}],"version-history":[{"count":2,"href":"https:\/\/www.cetestgroup.com\/es\/wp-json\/wp\/v2\/pages\/17651\/revisions"}],"predecessor-version":[{"id":17653,"href":"https:\/\/www.cetestgroup.com\/es\/wp-json\/wp\/v2\/pages\/17651\/revisions\/17653"}],"up":[{"embeddable":true,"href":"https:\/\/www.cetestgroup.com\/es\/wp-json\/wp\/v2\/pages\/17900"}],"wp:attachment":[{"href":"https:\/\/www.cetestgroup.com\/es\/wp-json\/wp\/v2\/media?parent=17651"}],"curies":[{"name":"wp","href":"https:\/\/api.w.org\/{rel}","templated":true}]}}