{"id":17648,"date":"2018-04-05T11:53:48","date_gmt":"2018-04-05T10:53:48","guid":{"rendered":"https:\/\/www.cetestgroup.com\/?page_id=17648"},"modified":"2018-04-05T11:53:48","modified_gmt":"2018-04-05T10:53:48","slug":"emi-emc","status":"publish","type":"page","link":"https:\/\/www.cetestgroup.com\/es\/ensayos-aeronauticos-y-otros\/emi-emc\/","title":{"rendered":"EMI\/EMC"},"content":{"rendered":"<div class=\"wpb-content-wrapper\"><p>[vc_row][vc_column]<div class=\"ult-spacer spacer-69dcb35c9cd68\" data-id=\"69dcb35c9cd68\" data-height=\"30\" data-height-mobile=\"20\" data-height-tab=\"20\" data-height-tab-portrait=\"\" data-height-mobile-landscape=\"\" style=\"clear:both;display:block;\"><\/div>[\/vc_column][\/vc_row][vc_row][vc_column width=\u00bb1\/2&#8243;][vc_column_text]<\/p>\n<ul>\n<li>Medici\u00f3n y monitorizaci\u00f3n de las emisiones electromagn\u00e9ticas (conducidas, inducidas o radiadas).<\/li>\n<li>Tanto estudios en el espectro de frecuencia como en el dominio del tiempo.<\/li>\n<\/ul>\n<p>[\/vc_column_text]<div class=\"ult-spacer spacer-69dcb35c9cdd7\" data-id=\"69dcb35c9cdd7\" data-height=\"30\" data-height-mobile=\"20\" data-height-tab=\"30\" data-height-tab-portrait=\"\" data-height-mobile-landscape=\"\" style=\"clear:both;display:block;\"><\/div>[vc_row_inner css=\u00bb.vc_custom_1503996241439{padding-top: 10% !important;padding-right: 10% !important;padding-bottom: 10% !important;padding-left: 10% !important;background-color: #f4f4f4 !important;}\u00bb][vc_column_inner]<div class=\"dfd-heading-shortcode\"><div class=\"dfd-heading-module-wrap  text-left style_01 dfd-heading-69dcb35c9cef0 dfd-disable-resposive-headings\" id=\"dfd-heading-69dcb35c9cef0\" ><div class=\"inline-block\"><div class=\"dfd-heading-module\"><h6 class=\"widget-title dfd-title \" style=\"font-size: 20px; color: #25bdd5 !important; \"><\/p>\n<p align=\"JUSTIFY\"><span lang=\"es-ES\">Las capacidades de instrumentaci\u00f3n incluyen antenas, sondas y sensores, como:<\/span><\/p>\n<p><\/h6><div class=\"dfd-heading-delimiter\"><\/div><\/div><\/div><\/div><script type=\"text\/javascript\">\r\n\t\t\t\t\t\t\t\t\t(function($) {\r\n\t\t\t\t\t\t\t\t\t\t$(\"head\").append(\"<style>.dfd-heading-69dcb35c9cef0.dfd-heading-module-wrap .dfd-heading-module .dfd-heading-delimiter {border-bottom-style:solid;border-bottom-width:1px;width:100px;border-bottom-color:#dddddd;}.dfd-heading-69dcb35c9cef0.dfd-heading-module-wrap .dfd-heading-module .dfd-heading-delimiter {margin-top:10px;margin-bottom:10px;}<\/style>\");\r\n\t\t\t\t\t\t\t\t\t})(jQuery);\r\n\t\t\t\t\t\t\t\t<\/script><\/div>[vc_column_text item_animation=\u00bbtransition.fadeIn\u00bb]<\/p>\n<ul>\n<li>Antenas de campo magn\u00e9tico.<\/li>\n<li>Antenas de campo el\u00e9ctrico.<\/li>\n<li>Sondas de campo cercano.<\/li>\n<li>Sondas de corriente.<\/li>\n<li>LISN (redes de estabilizaci\u00f3n de impedancia de l\u00ednea).<\/li>\n<li>Sensores de corriente y de tensi\u00f3n.<\/li>\n<\/ul>\n<p>[\/vc_column_text][\/vc_column_inner][\/vc_row_inner]<div class=\"ult-spacer spacer-69dcb35c9d034\" data-id=\"69dcb35c9d034\" data-height=\"30\" data-height-mobile=\"20\" data-height-tab=\"30\" data-height-tab-portrait=\"\" data-height-mobile-landscape=\"\" style=\"clear:both;display:block;\"><\/div>[vc_column_text]Otros ensayos que llevamos a cabo en esta \u00e1rea son los de la medici\u00f3n de la densidad de flujo magn\u00e9tico para la exposici\u00f3n humana, la inmunidad de los equipos embarcados frente a descargas electrost\u00e1ticas, transitorios el\u00e9ctricos r\u00e1pidos en r\u00e1fagas, ondas de choque, interferencias conducidas y radiadas provocadas por RF, etc.[\/vc_column_text]<div class=\"ult-spacer spacer-69dcb35c9d07a\" data-id=\"69dcb35c9d07a\" data-height=\"60\" data-height-mobile=\"20\" data-height-tab=\"30\" data-height-tab-portrait=\"\" data-height-mobile-landscape=\"\" style=\"clear:both;display:block;\"><\/div>[\/vc_column][vc_column width=\u00bb1\/2&#8243;][vc_single_image image=\u00bb16163&#8243; img_size=\u00bbfull\u00bb alignment=\u00bbcenter\u00bb]<div class=\"ult-spacer spacer-69dcb35c9d0b6\" data-id=\"69dcb35c9d0b6\" data-height=\"30\" data-height-mobile=\"20\" data-height-tab=\"30\" data-height-tab-portrait=\"\" data-height-mobile-landscape=\"\" style=\"clear:both;display:block;\"><\/div><div id=\"dfd-carousel-69dcb35c9d17b\" class=\"dfd-carousel-wrapper\"><div class=\"dfd-carousel-module-wrapper  dfd-carousel-horizontal dfd-arrows_aside2 dfdfillsquare dfd-arrows-style_4 dfd-arrows-enabled dfd-dots-enabled\" ><div class=\"dfd-carousel\">[vc_single_image image=\u00bb16166&#8243; img_size=\u00bbfull\u00bb alignment=\u00bbcenter\u00bb][vc_single_image image=\u00bb16165&#8243; img_size=\u00bbfull\u00bb alignment=\u00bbcenter\u00bb]<\/div><a href=\"#\" class=\"dfd-slider-control prev\" title=\"Previous slide\"><i class=\"dfd-added-font-icon-left-open2\"><\/i><\/a><a href=\"#\" class=\"dfd-slider-control next\" title=\"Next slide\"><i class=\"dfd-added-font-icon-right-open2\"><\/i><\/a><\/div>\t\t\t\t<script type=\"text\/javascript\">\r\n\t\t\t\t\t(function($) {\r\n\t\t\t\t\t\t\"use strict\";\r\n\t\t\t\t\t\tvar $carousel = $('#dfd-carousel-69dcb35c9d17b').find('.dfd-carousel');\r\n\t\t\t\t\t\t$(document).ready(function() {\r\n\t\t\t\t\t\t\tvar $initialized = ($('body').hasClass('page-template-tmp-side-by-side')) ? $carousel.not('.slick-initialized') : $carousel;\r\n\t\t\t\t\t\t\t\t\t\t\t\t\t\t$carousel.siblings('.dfd-slider-control.prev').click(function(e) {\r\n\t\t\t\t\t\t\t\te.preventDefault();\r\n\t\t\t\t\t\t\t\t$carousel.eq(0).slick('slickPrev');\r\n\t\t\t\t\t\t\t});\r\n\t\t\t\t\t\t\t$carousel.siblings('.dfd-slider-control.next').click(function(e) {\r\n\t\t\t\t\t\t\t\te.preventDefault();\r\n\t\t\t\t\t\t\t\t$carousel.eq(0).slick('slickNext');\r\n\t\t\t\t\t\t\t});\r\n\t\t\t\t\t\t\t$initialized.slick({arrows: false,dotsClass: 'dfd-slick-dots',slidesToScroll: 1,autoplay: true,autoplaySpeed: 5000,dots: true,customPaging: function(slider, i) {\r\n\t\t\t\t\t\t\t\t\treturn '<span data-role=\"none\" role=\"button\" aria-required=\"false\" tabindex=\"0\"><\/span>';\r\n\t\t\t\t\t\t\t\t},infinite: true,slidesToShow: 1,speed: 300,swipe: true,draggable: true,adaptiveHeight: true,responsive: [\r\n\t\t\t\t\t\t\t{\r\n\t\t\t\t\t\t\t\tbreakpoint: 1024,\r\n\t\t\t\t\t\t\t\tsettings: {\r\n\t\t\t\t\t\t\t\t\tslidesToShow: 1,\r\n\t\t\t\t\t\t\t\t\tslidesToScroll: 1,\r\n\t\t\t\t\t\t\t\t}\r\n\t\t\t\t\t\t\t},\r\n\t\t\t\t\t\t\t{\r\n\t\t\t\t\t\t\t\tbreakpoint: 800,\r\n\t\t\t\t\t\t\t\tsettings: {\r\n\t\t\t\t\t\t\t\t\tslidesToShow: 1,\r\n\t\t\t\t\t\t\t\t\tslidesToScroll: 1,\r\n\t\t\t\t\t\t\t\t}\r\n\t\t\t\t\t\t\t},\r\n\t\t\t\t\t\t\t{\r\n\t\t\t\t\t\t\t\tbreakpoint: 480,\r\n\t\t\t\t\t\t\t\tsettings: {\r\n\t\t\t\t\t\t\t\t\tslidesToShow: 1,\r\n\t\t\t\t\t\t\t\t\tslidesToScroll: 1,\r\n\t\t\t\t\t\t\t\t}\r\n\t\t\t\t\t\t\t},]});\r\n\t\t\t\t\t\t\t$(\"head\").append(\"<style>#dfd-carousel-69dcb35c9d17b > .dfd-carousel-module-wrapper > .dfd-carousel > .slick-list > .slick-track > .dfd-item-wrap > .cover {padding: 10px;}#dfd-carousel-69dcb35c9d17b {margin: -10px;}<\/style>\")\t\t\t\t\t\t});\r\n\t\t\t\t\t})(jQuery);\r\n\t\t\t\t<\/script>\r\n            <\/div>[\/vc_column][\/vc_row]<\/p>\n<\/div>","protected":false},"excerpt":{"rendered":"<p>[vc_row][vc_column][\/vc_column][\/vc_row][vc_row][vc_column width=\u00bb1\/2&#8243;][vc_column_text] Medici\u00f3n y monitorizaci\u00f3n de las emisiones electromagn\u00e9ticas (conducidas, inducidas o radiadas). Tanto estudios en el espectro de frecuencia como en el dominio del tiempo. [\/vc_column_text][vc_row_inner css=\u00bb.vc_custom_1503996241439{padding-top: 10% !important;padding-right:<\/p>\n","protected":false},"author":1,"featured_media":0,"parent":17900,"menu_order":0,"comment_status":"closed","ping_status":"closed","template":"tmp-page-right-sidebar.php","meta":{"_acf_changed":false,"footnotes":""},"class_list":["post-17648","page","type-page","status-publish","hentry"],"acf":[],"yoast_head":"<!-- This site is optimized with the Yoast SEO plugin v27.3 - https:\/\/yoast.com\/product\/yoast-seo-wordpress\/ -->\n<title>EMI\/EMC, Medici\u00f3n de Emisiones Electromagn\u00e9ticas | CETEST<\/title>\n<meta name=\"description\" content=\"Ensayos de Medici\u00f3n y Monitorizaci\u00f3n de las emisiones electromagn\u00e9ticas (conducidas, inducidas o radiadas). Otros ensayos como medici\u00f3n de la densidad de flujo magn\u00e9tico para la exposici\u00f3n humana, inmunidad de los equipos embarcados frente a descargas electrost\u00e1ticas, transitorios el\u00e9ctricos r\u00e1pidos en r\u00e1fagas, etc.\" \/>\n<meta name=\"robots\" content=\"index, follow, max-snippet:-1, max-image-preview:large, max-video-preview:-1\" \/>\n<link rel=\"canonical\" href=\"https:\/\/www.cetestgroup.com\/es\/ensayos-aeronauticos-y-otros\/emi-emc\/\" \/>\n<meta property=\"og:locale\" content=\"es_ES\" \/>\n<meta property=\"og:type\" content=\"article\" \/>\n<meta property=\"og:title\" content=\"EMI\/EMC, Medici\u00f3n de Emisiones Electromagn\u00e9ticas | CETEST\" \/>\n<meta property=\"og:description\" content=\"Ensayos de Medici\u00f3n y Monitorizaci\u00f3n de las emisiones electromagn\u00e9ticas (conducidas, inducidas o radiadas). Otros ensayos como medici\u00f3n de la densidad de flujo magn\u00e9tico para la exposici\u00f3n humana, inmunidad de los equipos embarcados frente a descargas electrost\u00e1ticas, transitorios el\u00e9ctricos r\u00e1pidos en r\u00e1fagas, etc.\" \/>\n<meta property=\"og:url\" content=\"https:\/\/www.cetestgroup.com\/es\/ensayos-aeronauticos-y-otros\/emi-emc\/\" \/>\n<meta property=\"og:site_name\" content=\"CETEST\" \/>\n<meta name=\"twitter:card\" content=\"summary_large_image\" \/>\n<meta name=\"twitter:label1\" content=\"Tiempo de lectura\" \/>\n\t<meta name=\"twitter:data1\" content=\"2 minutos\" \/>\n<script type=\"application\/ld+json\" class=\"yoast-schema-graph\">{\"@context\":\"https:\\\/\\\/schema.org\",\"@graph\":[{\"@type\":\"WebPage\",\"@id\":\"https:\\\/\\\/www.cetestgroup.com\\\/es\\\/ensayos-aeronauticos-y-otros\\\/emi-emc\\\/\",\"url\":\"https:\\\/\\\/www.cetestgroup.com\\\/es\\\/ensayos-aeronauticos-y-otros\\\/emi-emc\\\/\",\"name\":\"EMI\\\/EMC, Medici\u00f3n de Emisiones Electromagn\u00e9ticas | CETEST\",\"isPartOf\":{\"@id\":\"https:\\\/\\\/www.cetestgroup.com\\\/es\\\/#website\"},\"datePublished\":\"2018-04-05T10:53:48+00:00\",\"description\":\"Ensayos de Medici\u00f3n y Monitorizaci\u00f3n de las emisiones electromagn\u00e9ticas (conducidas, inducidas o radiadas). Otros ensayos como medici\u00f3n de la densidad de flujo magn\u00e9tico para la exposici\u00f3n humana, inmunidad de los equipos embarcados frente a descargas electrost\u00e1ticas, transitorios el\u00e9ctricos r\u00e1pidos en r\u00e1fagas, etc.\",\"breadcrumb\":{\"@id\":\"https:\\\/\\\/www.cetestgroup.com\\\/es\\\/ensayos-aeronauticos-y-otros\\\/emi-emc\\\/#breadcrumb\"},\"inLanguage\":\"es\",\"potentialAction\":[{\"@type\":\"ReadAction\",\"target\":[\"https:\\\/\\\/www.cetestgroup.com\\\/es\\\/ensayos-aeronauticos-y-otros\\\/emi-emc\\\/\"]}]},{\"@type\":\"BreadcrumbList\",\"@id\":\"https:\\\/\\\/www.cetestgroup.com\\\/es\\\/ensayos-aeronauticos-y-otros\\\/emi-emc\\\/#breadcrumb\",\"itemListElement\":[{\"@type\":\"ListItem\",\"position\":1,\"name\":\"Home\",\"item\":\"https:\\\/\\\/www.cetestgroup.com\\\/es\\\/\"},{\"@type\":\"ListItem\",\"position\":2,\"name\":\"Ensayos Aeron\u00e1uticos y Otros\",\"item\":\"https:\\\/\\\/www.cetestgroup.com\\\/es\\\/ensayos-aeronauticos-y-otros\\\/\"},{\"@type\":\"ListItem\",\"position\":3,\"name\":\"EMI\\\/EMC\"}]},{\"@type\":\"WebSite\",\"@id\":\"https:\\\/\\\/www.cetestgroup.com\\\/es\\\/#website\",\"url\":\"https:\\\/\\\/www.cetestgroup.com\\\/es\\\/\",\"name\":\"CETEST\",\"description\":\"CETEST is a fully accredited independent test laboratory offering services for design verification, model validation, developmental testing and\\\/or answers to help you identify failure root causes. We carry out tests in our facilities as well as on site as required by customer needs.\",\"potentialAction\":[{\"@type\":\"SearchAction\",\"target\":{\"@type\":\"EntryPoint\",\"urlTemplate\":\"https:\\\/\\\/www.cetestgroup.com\\\/es\\\/?s={search_term_string}\"},\"query-input\":{\"@type\":\"PropertyValueSpecification\",\"valueRequired\":true,\"valueName\":\"search_term_string\"}}],\"inLanguage\":\"es\"}]}<\/script>\n<!-- \/ Yoast SEO plugin. -->","yoast_head_json":{"title":"EMI\/EMC, Medici\u00f3n de Emisiones Electromagn\u00e9ticas | CETEST","description":"Ensayos de Medici\u00f3n y Monitorizaci\u00f3n de las emisiones electromagn\u00e9ticas (conducidas, inducidas o radiadas). Otros ensayos como medici\u00f3n de la densidad de flujo magn\u00e9tico para la exposici\u00f3n humana, inmunidad de los equipos embarcados frente a descargas electrost\u00e1ticas, transitorios el\u00e9ctricos r\u00e1pidos en r\u00e1fagas, etc.","robots":{"index":"index","follow":"follow","max-snippet":"max-snippet:-1","max-image-preview":"max-image-preview:large","max-video-preview":"max-video-preview:-1"},"canonical":"https:\/\/www.cetestgroup.com\/es\/ensayos-aeronauticos-y-otros\/emi-emc\/","og_locale":"es_ES","og_type":"article","og_title":"EMI\/EMC, Medici\u00f3n de Emisiones Electromagn\u00e9ticas | CETEST","og_description":"Ensayos de Medici\u00f3n y Monitorizaci\u00f3n de las emisiones electromagn\u00e9ticas (conducidas, inducidas o radiadas). Otros ensayos como medici\u00f3n de la densidad de flujo magn\u00e9tico para la exposici\u00f3n humana, inmunidad de los equipos embarcados frente a descargas electrost\u00e1ticas, transitorios el\u00e9ctricos r\u00e1pidos en r\u00e1fagas, etc.","og_url":"https:\/\/www.cetestgroup.com\/es\/ensayos-aeronauticos-y-otros\/emi-emc\/","og_site_name":"CETEST","twitter_card":"summary_large_image","twitter_misc":{"Tiempo de lectura":"2 minutos"},"schema":{"@context":"https:\/\/schema.org","@graph":[{"@type":"WebPage","@id":"https:\/\/www.cetestgroup.com\/es\/ensayos-aeronauticos-y-otros\/emi-emc\/","url":"https:\/\/www.cetestgroup.com\/es\/ensayos-aeronauticos-y-otros\/emi-emc\/","name":"EMI\/EMC, Medici\u00f3n de Emisiones Electromagn\u00e9ticas | CETEST","isPartOf":{"@id":"https:\/\/www.cetestgroup.com\/es\/#website"},"datePublished":"2018-04-05T10:53:48+00:00","description":"Ensayos de Medici\u00f3n y Monitorizaci\u00f3n de las emisiones electromagn\u00e9ticas (conducidas, inducidas o radiadas). Otros ensayos como medici\u00f3n de la densidad de flujo magn\u00e9tico para la exposici\u00f3n humana, inmunidad de los equipos embarcados frente a descargas electrost\u00e1ticas, transitorios el\u00e9ctricos r\u00e1pidos en r\u00e1fagas, etc.","breadcrumb":{"@id":"https:\/\/www.cetestgroup.com\/es\/ensayos-aeronauticos-y-otros\/emi-emc\/#breadcrumb"},"inLanguage":"es","potentialAction":[{"@type":"ReadAction","target":["https:\/\/www.cetestgroup.com\/es\/ensayos-aeronauticos-y-otros\/emi-emc\/"]}]},{"@type":"BreadcrumbList","@id":"https:\/\/www.cetestgroup.com\/es\/ensayos-aeronauticos-y-otros\/emi-emc\/#breadcrumb","itemListElement":[{"@type":"ListItem","position":1,"name":"Home","item":"https:\/\/www.cetestgroup.com\/es\/"},{"@type":"ListItem","position":2,"name":"Ensayos Aeron\u00e1uticos y Otros","item":"https:\/\/www.cetestgroup.com\/es\/ensayos-aeronauticos-y-otros\/"},{"@type":"ListItem","position":3,"name":"EMI\/EMC"}]},{"@type":"WebSite","@id":"https:\/\/www.cetestgroup.com\/es\/#website","url":"https:\/\/www.cetestgroup.com\/es\/","name":"CETEST","description":"CETEST is a fully accredited independent test laboratory offering services for design verification, model validation, developmental testing and\/or answers to help you identify failure root causes. We carry out tests in our facilities as well as on site as required by customer needs.","potentialAction":[{"@type":"SearchAction","target":{"@type":"EntryPoint","urlTemplate":"https:\/\/www.cetestgroup.com\/es\/?s={search_term_string}"},"query-input":{"@type":"PropertyValueSpecification","valueRequired":true,"valueName":"search_term_string"}}],"inLanguage":"es"}]}},"_links":{"self":[{"href":"https:\/\/www.cetestgroup.com\/es\/wp-json\/wp\/v2\/pages\/17648","targetHints":{"allow":["GET"]}}],"collection":[{"href":"https:\/\/www.cetestgroup.com\/es\/wp-json\/wp\/v2\/pages"}],"about":[{"href":"https:\/\/www.cetestgroup.com\/es\/wp-json\/wp\/v2\/types\/page"}],"author":[{"embeddable":true,"href":"https:\/\/www.cetestgroup.com\/es\/wp-json\/wp\/v2\/users\/1"}],"replies":[{"embeddable":true,"href":"https:\/\/www.cetestgroup.com\/es\/wp-json\/wp\/v2\/comments?post=17648"}],"version-history":[{"count":2,"href":"https:\/\/www.cetestgroup.com\/es\/wp-json\/wp\/v2\/pages\/17648\/revisions"}],"predecessor-version":[{"id":17650,"href":"https:\/\/www.cetestgroup.com\/es\/wp-json\/wp\/v2\/pages\/17648\/revisions\/17650"}],"up":[{"embeddable":true,"href":"https:\/\/www.cetestgroup.com\/es\/wp-json\/wp\/v2\/pages\/17900"}],"wp:attachment":[{"href":"https:\/\/www.cetestgroup.com\/es\/wp-json\/wp\/v2\/media?parent=17648"}],"curies":[{"name":"wp","href":"https:\/\/api.w.org\/{rel}","templated":true}]}}