{"id":17644,"date":"2018-04-05T11:33:15","date_gmt":"2018-04-05T10:33:15","guid":{"rendered":"https:\/\/www.cetestgroup.com\/?page_id=17644"},"modified":"2018-05-16T10:35:42","modified_gmt":"2018-05-16T09:35:42","slug":"ensayos-de-integridad-estructural-y-de-fatiga","status":"publish","type":"page","link":"https:\/\/www.cetestgroup.com\/es\/ensayos-aeronauticos-y-otros\/ensayos-de-integridad-estructural-y-de-fatiga\/","title":{"rendered":"Ensayos de Integridad Estructural y de Fatiga"},"content":{"rendered":"<div class=\"wpb-content-wrapper\"><p>[vc_row][vc_column]<div class=\"ult-spacer spacer-69dcb7db9a249\" data-id=\"69dcb7db9a249\" data-height=\"30\" data-height-mobile=\"20\" data-height-tab=\"20\" data-height-tab-portrait=\"\" data-height-mobile-landscape=\"\" style=\"clear:both;display:block;\"><\/div>[\/vc_column][\/vc_row][vc_row][vc_column][vc_column_text]Ensayos mec\u00e1nicos en aeroestructuras y subconjuntos (materiales met\u00e1licos y\/o compuestos) con aplicaci\u00f3n de cargas m\u00e1ximas de rotura o cargas de servicio de fatiga din\u00e1mica. Dise\u00f1o y ejecuci\u00f3n de ensayos para fines de I+D, verificaci\u00f3n del dise\u00f1o, validaci\u00f3n de la simulaci\u00f3n, as\u00ed como an\u00e1lisis de la causa ra\u00edz de los fallos.[\/vc_column_text]<div class=\"ult-spacer spacer-69dcb7db9a295\" data-id=\"69dcb7db9a295\" data-height=\"30\" data-height-mobile=\"30\" data-height-tab=\"30\" data-height-tab-portrait=\"\" data-height-mobile-landscape=\"\" style=\"clear:both;display:block;\"><\/div>[\/vc_column][\/vc_row][vc_row][vc_column width=\u00bb1\/2&#8243;][vc_single_image image=\u00bb16157&#8243; img_size=\u00bbfull\u00bb]<div class=\"ult-spacer spacer-69dcb7db9a2c1\" data-id=\"69dcb7db9a2c1\" data-height=\"20\" data-height-mobile=\"20\" data-height-tab=\"20\" data-height-tab-portrait=\"\" data-height-mobile-landscape=\"\" style=\"clear:both;display:block;\"><\/div><div class=\"dfd-heading-shortcode\"><div class=\"dfd-heading-module-wrap  text-center style_01 dfd-heading-69dcb7db9a351 dfd-disable-resposive-headings\" id=\"dfd-heading-69dcb7db9a351\" ><div class=\"inline-block\"><div class=\"dfd-heading-module\"><h6 class=\"widget-title dfd-title \" style=\"font-family:PT Sans; font-weight:400; font-style:normal; font-size: 20px; color: #25bdd5 !important; \"><span lang=\"es-ES\">Ensayos est\u00e1ticos a rotura<\/span><\/h6><\/div><\/div><\/div><script type=\"text\/javascript\">\r\n\t\t\t\t\t\t\t\t\t(function($) {\r\n\t\t\t\t\t\t\t\t\t\t$(\"head\").append(\"<style>.dfd-heading-69dcb7db9a351.dfd-heading-module-wrap .dfd-heading-module .dfd-heading-delimiter {margin-top:10px;margin-bottom:10px;}<\/style>\");\r\n\t\t\t\t\t\t\t\t\t})(jQuery);\r\n\t\t\t\t\t\t\t\t<\/script><\/div><div class=\"ult-spacer spacer-69dcb7db9a446\" data-id=\"69dcb7db9a446\" data-height=\"10\" data-height-mobile=\"10\" data-height-tab=\"10\" data-height-tab-portrait=\"\" data-height-mobile-landscape=\"\" style=\"clear:both;display:block;\"><\/div>[vc_column_text]<\/p>\n<ul>\n<li>Cargas m\u00e1ximas de compresi\u00f3n: 450 Ton.<\/li>\n<li>Carga m\u00e1xima de tracci\u00f3n: 250 Ton.<\/li>\n<\/ul>\n<p>[\/vc_column_text]<div class=\"ult-spacer spacer-69dcb7db9a474\" data-id=\"69dcb7db9a474\" data-height=\"20\" data-height-mobile=\"30\" data-height-tab=\"20\" data-height-tab-portrait=\"\" data-height-mobile-landscape=\"\" style=\"clear:both;display:block;\"><\/div>[\/vc_column][vc_column width=\u00bb1\/2&#8243;][vc_single_image image=\u00bb16161&#8243; img_size=\u00bbfull\u00bb]<div class=\"ult-spacer spacer-69dcb7db9a498\" data-id=\"69dcb7db9a498\" data-height=\"20\" data-height-mobile=\"20\" data-height-tab=\"20\" data-height-tab-portrait=\"\" data-height-mobile-landscape=\"\" style=\"clear:both;display:block;\"><\/div><div class=\"dfd-heading-shortcode\"><div class=\"dfd-heading-module-wrap  text-center style_01 dfd-heading-69dcb7db9a4f6 dfd-disable-resposive-headings\" id=\"dfd-heading-69dcb7db9a4f6\" ><div class=\"inline-block\"><div class=\"dfd-heading-module\"><h6 class=\"widget-title dfd-title \" style=\"font-family:PT Sans; font-weight:400; font-style:normal; font-size: 20px; color: #25bdd5 !important; \"><span lang=\"es-ES\">Ensayos din\u00e1micos, de fatiga y durabilidad<\/span><\/h6><\/div><\/div><\/div><script type=\"text\/javascript\">\r\n\t\t\t\t\t\t\t\t\t(function($) {\r\n\t\t\t\t\t\t\t\t\t\t$(\"head\").append(\"<style>.dfd-heading-69dcb7db9a4f6.dfd-heading-module-wrap .dfd-heading-module .dfd-heading-delimiter {margin-top:10px;margin-bottom:10px;}<\/style>\");\r\n\t\t\t\t\t\t\t\t\t})(jQuery);\r\n\t\t\t\t\t\t\t\t<\/script><\/div><div class=\"ult-spacer spacer-69dcb7db9a5b7\" data-id=\"69dcb7db9a5b7\" data-height=\"10\" data-height-mobile=\"10\" data-height-tab=\"10\" data-height-tab-portrait=\"\" data-height-mobile-landscape=\"\" style=\"clear:both;display:block;\"><\/div>[vc_column_text]<\/p>\n<ul>\n<li>Hasta 85 canales de actuaci\u00f3n independientes.<\/li>\n<li>Sistemas de control tipo aeroespacial (fuerza y\/o desplazamiento).<\/li>\n<\/ul>\n<p>[\/vc_column_text]<div class=\"ult-spacer spacer-69dcb7db9a5e0\" data-id=\"69dcb7db9a5e0\" data-height=\"20\" data-height-mobile=\"20\" data-height-tab=\"20\" data-height-tab-portrait=\"\" data-height-mobile-landscape=\"\" style=\"clear:both;display:block;\"><\/div>[\/vc_column][\/vc_row][vc_row][vc_column]<div class=\"ult-spacer spacer-69dcb7db9a601\" data-id=\"69dcb7db9a601\" data-height=\"30\" data-height-mobile=\"20\" data-height-tab=\"20\" data-height-tab-portrait=\"\" data-height-mobile-landscape=\"\" style=\"clear:both;display:block;\"><\/div>[vc_column_text el_class=\u00bbtextCita\u00bb]*Para m\u00e1s informaci\u00f3n, consultar secci\u00f3n m\u00e1s abajo sobre <a href=\"https:\/\/www.cetestgroup.com\/es\/ensayos-aeronauticos-y-otros\/instalaciones-instrumentacion-e-inspeccion\/\">Instalaciones y capacidades de instrumentaci\u00f3n e inspecci\u00f3n<\/a>.[\/vc_column_text]<div class=\"ult-spacer spacer-69dcb7db9a620\" data-id=\"69dcb7db9a620\" data-height=\"30\" data-height-mobile=\"30\" data-height-tab=\"20\" data-height-tab-portrait=\"\" data-height-mobile-landscape=\"\" style=\"clear:both;display:block;\"><\/div>[\/vc_column][\/vc_row]<\/p>\n<\/div>","protected":false},"excerpt":{"rendered":"<p>[vc_row][vc_column][\/vc_column][\/vc_row][vc_row][vc_column][vc_column_text]Ensayos mec\u00e1nicos en aeroestructuras y subconjuntos (materiales met\u00e1licos y\/o compuestos) con aplicaci\u00f3n de cargas m\u00e1ximas de rotura o cargas de servicio de fatiga din\u00e1mica. Dise\u00f1o y ejecuci\u00f3n de ensayos para<\/p>\n","protected":false},"author":1,"featured_media":0,"parent":17900,"menu_order":0,"comment_status":"closed","ping_status":"closed","template":"tmp-page-right-sidebar.php","meta":{"_acf_changed":false,"footnotes":""},"class_list":["post-17644","page","type-page","status-publish","hentry"],"acf":[],"yoast_head":"<!-- This site is optimized with the Yoast SEO plugin v27.3 - https:\/\/yoast.com\/product\/yoast-seo-wordpress\/ -->\n<title>Ensayos de Integridad Estructural y de Fatiga | CETEST<\/title>\n<meta name=\"description\" content=\"Ensayos mec\u00e1nicos en aeroestructuras y subconjuntos (materiales met\u00e1licos y\/o compuestos) con aplicaci\u00f3n de cargas m\u00e1ximas de rotura o cargas de servicio de fatiga din\u00e1mica. Dise\u00f1o y ejecuci\u00f3n de ensayos para fines de I+D, verificaci\u00f3n del dise\u00f1o, validaci\u00f3n de la simulaci\u00f3n, an\u00e1lisis de la causa ra\u00edz de los fallos.\" \/>\n<meta name=\"robots\" content=\"index, follow, max-snippet:-1, max-image-preview:large, max-video-preview:-1\" \/>\n<link rel=\"canonical\" href=\"https:\/\/www.cetestgroup.com\/es\/ensayos-aeronauticos-y-otros\/ensayos-de-integridad-estructural-y-de-fatiga\/\" \/>\n<meta property=\"og:locale\" content=\"es_ES\" \/>\n<meta property=\"og:type\" content=\"article\" \/>\n<meta property=\"og:title\" content=\"Ensayos de Integridad Estructural y de Fatiga | CETEST\" \/>\n<meta property=\"og:description\" content=\"Ensayos mec\u00e1nicos en aeroestructuras y subconjuntos (materiales met\u00e1licos y\/o compuestos) con aplicaci\u00f3n de cargas m\u00e1ximas de rotura o cargas de servicio de fatiga din\u00e1mica. Dise\u00f1o y ejecuci\u00f3n de ensayos para fines de I+D, verificaci\u00f3n del dise\u00f1o, validaci\u00f3n de la simulaci\u00f3n, an\u00e1lisis de la causa ra\u00edz de los fallos.\" \/>\n<meta property=\"og:url\" content=\"https:\/\/www.cetestgroup.com\/es\/ensayos-aeronauticos-y-otros\/ensayos-de-integridad-estructural-y-de-fatiga\/\" \/>\n<meta property=\"og:site_name\" content=\"CETEST\" \/>\n<meta property=\"article:modified_time\" content=\"2018-05-16T09:35:42+00:00\" \/>\n<meta name=\"twitter:card\" content=\"summary_large_image\" \/>\n<meta name=\"twitter:label1\" content=\"Tiempo de lectura\" \/>\n\t<meta name=\"twitter:data1\" content=\"2 minutos\" \/>\n<script type=\"application\/ld+json\" class=\"yoast-schema-graph\">{\"@context\":\"https:\\\/\\\/schema.org\",\"@graph\":[{\"@type\":\"WebPage\",\"@id\":\"https:\\\/\\\/www.cetestgroup.com\\\/es\\\/ensayos-aeronauticos-y-otros\\\/ensayos-de-integridad-estructural-y-de-fatiga\\\/\",\"url\":\"https:\\\/\\\/www.cetestgroup.com\\\/es\\\/ensayos-aeronauticos-y-otros\\\/ensayos-de-integridad-estructural-y-de-fatiga\\\/\",\"name\":\"Ensayos de Integridad Estructural y de Fatiga | CETEST\",\"isPartOf\":{\"@id\":\"https:\\\/\\\/www.cetestgroup.com\\\/es\\\/#website\"},\"datePublished\":\"2018-04-05T10:33:15+00:00\",\"dateModified\":\"2018-05-16T09:35:42+00:00\",\"description\":\"Ensayos mec\u00e1nicos en aeroestructuras y subconjuntos (materiales met\u00e1licos y\\\/o compuestos) con aplicaci\u00f3n de cargas m\u00e1ximas de rotura o cargas de servicio de fatiga din\u00e1mica. Dise\u00f1o y ejecuci\u00f3n de ensayos para fines de I+D, verificaci\u00f3n del dise\u00f1o, validaci\u00f3n de la simulaci\u00f3n, an\u00e1lisis de la causa ra\u00edz de los fallos.\",\"breadcrumb\":{\"@id\":\"https:\\\/\\\/www.cetestgroup.com\\\/es\\\/ensayos-aeronauticos-y-otros\\\/ensayos-de-integridad-estructural-y-de-fatiga\\\/#breadcrumb\"},\"inLanguage\":\"es\",\"potentialAction\":[{\"@type\":\"ReadAction\",\"target\":[\"https:\\\/\\\/www.cetestgroup.com\\\/es\\\/ensayos-aeronauticos-y-otros\\\/ensayos-de-integridad-estructural-y-de-fatiga\\\/\"]}]},{\"@type\":\"BreadcrumbList\",\"@id\":\"https:\\\/\\\/www.cetestgroup.com\\\/es\\\/ensayos-aeronauticos-y-otros\\\/ensayos-de-integridad-estructural-y-de-fatiga\\\/#breadcrumb\",\"itemListElement\":[{\"@type\":\"ListItem\",\"position\":1,\"name\":\"Home\",\"item\":\"https:\\\/\\\/www.cetestgroup.com\\\/es\\\/\"},{\"@type\":\"ListItem\",\"position\":2,\"name\":\"Ensayos Aeron\u00e1uticos y Otros\",\"item\":\"https:\\\/\\\/www.cetestgroup.com\\\/es\\\/ensayos-aeronauticos-y-otros\\\/\"},{\"@type\":\"ListItem\",\"position\":3,\"name\":\"Ensayos de Integridad Estructural y de Fatiga\"}]},{\"@type\":\"WebSite\",\"@id\":\"https:\\\/\\\/www.cetestgroup.com\\\/es\\\/#website\",\"url\":\"https:\\\/\\\/www.cetestgroup.com\\\/es\\\/\",\"name\":\"CETEST\",\"description\":\"CETEST is a fully accredited independent test laboratory offering services for design verification, model validation, developmental testing and\\\/or answers to help you identify failure root causes. We carry out tests in our facilities as well as on site as required by customer needs.\",\"potentialAction\":[{\"@type\":\"SearchAction\",\"target\":{\"@type\":\"EntryPoint\",\"urlTemplate\":\"https:\\\/\\\/www.cetestgroup.com\\\/es\\\/?s={search_term_string}\"},\"query-input\":{\"@type\":\"PropertyValueSpecification\",\"valueRequired\":true,\"valueName\":\"search_term_string\"}}],\"inLanguage\":\"es\"}]}<\/script>\n<!-- \/ Yoast SEO plugin. -->","yoast_head_json":{"title":"Ensayos de Integridad Estructural y de Fatiga | CETEST","description":"Ensayos mec\u00e1nicos en aeroestructuras y subconjuntos (materiales met\u00e1licos y\/o compuestos) con aplicaci\u00f3n de cargas m\u00e1ximas de rotura o cargas de servicio de fatiga din\u00e1mica. Dise\u00f1o y ejecuci\u00f3n de ensayos para fines de I+D, verificaci\u00f3n del dise\u00f1o, validaci\u00f3n de la simulaci\u00f3n, an\u00e1lisis de la causa ra\u00edz de los fallos.","robots":{"index":"index","follow":"follow","max-snippet":"max-snippet:-1","max-image-preview":"max-image-preview:large","max-video-preview":"max-video-preview:-1"},"canonical":"https:\/\/www.cetestgroup.com\/es\/ensayos-aeronauticos-y-otros\/ensayos-de-integridad-estructural-y-de-fatiga\/","og_locale":"es_ES","og_type":"article","og_title":"Ensayos de Integridad Estructural y de Fatiga | CETEST","og_description":"Ensayos mec\u00e1nicos en aeroestructuras y subconjuntos (materiales met\u00e1licos y\/o compuestos) con aplicaci\u00f3n de cargas m\u00e1ximas de rotura o cargas de servicio de fatiga din\u00e1mica. Dise\u00f1o y ejecuci\u00f3n de ensayos para fines de I+D, verificaci\u00f3n del dise\u00f1o, validaci\u00f3n de la simulaci\u00f3n, an\u00e1lisis de la causa ra\u00edz de los fallos.","og_url":"https:\/\/www.cetestgroup.com\/es\/ensayos-aeronauticos-y-otros\/ensayos-de-integridad-estructural-y-de-fatiga\/","og_site_name":"CETEST","article_modified_time":"2018-05-16T09:35:42+00:00","twitter_card":"summary_large_image","twitter_misc":{"Tiempo de lectura":"2 minutos"},"schema":{"@context":"https:\/\/schema.org","@graph":[{"@type":"WebPage","@id":"https:\/\/www.cetestgroup.com\/es\/ensayos-aeronauticos-y-otros\/ensayos-de-integridad-estructural-y-de-fatiga\/","url":"https:\/\/www.cetestgroup.com\/es\/ensayos-aeronauticos-y-otros\/ensayos-de-integridad-estructural-y-de-fatiga\/","name":"Ensayos de Integridad Estructural y de Fatiga | CETEST","isPartOf":{"@id":"https:\/\/www.cetestgroup.com\/es\/#website"},"datePublished":"2018-04-05T10:33:15+00:00","dateModified":"2018-05-16T09:35:42+00:00","description":"Ensayos mec\u00e1nicos en aeroestructuras y subconjuntos (materiales met\u00e1licos y\/o compuestos) con aplicaci\u00f3n de cargas m\u00e1ximas de rotura o cargas de servicio de fatiga din\u00e1mica. Dise\u00f1o y ejecuci\u00f3n de ensayos para fines de I+D, verificaci\u00f3n del dise\u00f1o, validaci\u00f3n de la simulaci\u00f3n, an\u00e1lisis de la causa ra\u00edz de los fallos.","breadcrumb":{"@id":"https:\/\/www.cetestgroup.com\/es\/ensayos-aeronauticos-y-otros\/ensayos-de-integridad-estructural-y-de-fatiga\/#breadcrumb"},"inLanguage":"es","potentialAction":[{"@type":"ReadAction","target":["https:\/\/www.cetestgroup.com\/es\/ensayos-aeronauticos-y-otros\/ensayos-de-integridad-estructural-y-de-fatiga\/"]}]},{"@type":"BreadcrumbList","@id":"https:\/\/www.cetestgroup.com\/es\/ensayos-aeronauticos-y-otros\/ensayos-de-integridad-estructural-y-de-fatiga\/#breadcrumb","itemListElement":[{"@type":"ListItem","position":1,"name":"Home","item":"https:\/\/www.cetestgroup.com\/es\/"},{"@type":"ListItem","position":2,"name":"Ensayos Aeron\u00e1uticos y Otros","item":"https:\/\/www.cetestgroup.com\/es\/ensayos-aeronauticos-y-otros\/"},{"@type":"ListItem","position":3,"name":"Ensayos de Integridad Estructural y de Fatiga"}]},{"@type":"WebSite","@id":"https:\/\/www.cetestgroup.com\/es\/#website","url":"https:\/\/www.cetestgroup.com\/es\/","name":"CETEST","description":"CETEST is a fully accredited independent test laboratory offering services for design verification, model validation, developmental testing and\/or answers to help you identify failure root causes. We carry out tests in our facilities as well as on site as required by customer needs.","potentialAction":[{"@type":"SearchAction","target":{"@type":"EntryPoint","urlTemplate":"https:\/\/www.cetestgroup.com\/es\/?s={search_term_string}"},"query-input":{"@type":"PropertyValueSpecification","valueRequired":true,"valueName":"search_term_string"}}],"inLanguage":"es"}]}},"_links":{"self":[{"href":"https:\/\/www.cetestgroup.com\/es\/wp-json\/wp\/v2\/pages\/17644","targetHints":{"allow":["GET"]}}],"collection":[{"href":"https:\/\/www.cetestgroup.com\/es\/wp-json\/wp\/v2\/pages"}],"about":[{"href":"https:\/\/www.cetestgroup.com\/es\/wp-json\/wp\/v2\/types\/page"}],"author":[{"embeddable":true,"href":"https:\/\/www.cetestgroup.com\/es\/wp-json\/wp\/v2\/users\/1"}],"replies":[{"embeddable":true,"href":"https:\/\/www.cetestgroup.com\/es\/wp-json\/wp\/v2\/comments?post=17644"}],"version-history":[{"count":3,"href":"https:\/\/www.cetestgroup.com\/es\/wp-json\/wp\/v2\/pages\/17644\/revisions"}],"predecessor-version":[{"id":18100,"href":"https:\/\/www.cetestgroup.com\/es\/wp-json\/wp\/v2\/pages\/17644\/revisions\/18100"}],"up":[{"embeddable":true,"href":"https:\/\/www.cetestgroup.com\/es\/wp-json\/wp\/v2\/pages\/17900"}],"wp:attachment":[{"href":"https:\/\/www.cetestgroup.com\/es\/wp-json\/wp\/v2\/media?parent=17644"}],"curies":[{"name":"wp","href":"https:\/\/api.w.org\/{rel}","templated":true}]}}