{"id":17609,"date":"2018-04-04T16:44:49","date_gmt":"2018-04-04T15:44:49","guid":{"rendered":"https:\/\/www.cetestgroup.com\/?page_id=17609"},"modified":"2025-02-10T08:20:45","modified_gmt":"2025-02-10T08:20:45","slug":"certificaciones","status":"publish","type":"page","link":"https:\/\/www.cetestgroup.com\/es\/certificaciones\/","title":{"rendered":"Certificaciones"},"content":{"rendered":"<div class=\"wpb-content-wrapper\"><p>[vc_row][vc_column]<div class=\"ult-spacer spacer-69dc8bdef3ce2\" data-id=\"69dc8bdef3ce2\" data-height=\"30\" data-height-mobile=\"20\" data-height-tab=\"20\" data-height-tab-portrait=\"\" data-height-mobile-landscape=\"\" style=\"clear:both;display:block;\"><\/div>[\/vc_column][\/vc_row][vc_row][vc_column width=\u00bb1\/4&#8243;]<div class=\"dfd-heading-shortcode\"><div class=\"dfd-heading-module-wrap  text-left style_01 dfd-heading-69dc8bdef3dc1 dfd-disable-resposive-headings\" id=\"dfd-heading-69dc8bdef3dc1\" ><div class=\"inline-block\"><div class=\"dfd-heading-module\"><h6 class=\"widget-title dfd-title \" style=\"font-family:PT Sans Narrow; font-weight:400; font-style:normal; font-size: 20px; color: #25bdd5 !important; line-height: 25px; \"><\/p>\n<p>En CETEST somos conscientes del valor que tiene hacer las cosas bien. Nos esforzamos por mejorar cada d\u00eda y ofrecer servicios de la m\u00e1xima calidad.<\/p>\n<p><\/h6><div class=\"dfd-heading-delimiter\"><\/div><\/div><\/div><\/div><script type=\"text\/javascript\">\r\n\t\t\t\t\t\t\t\t\t(function($) {\r\n\t\t\t\t\t\t\t\t\t\t$(\"head\").append(\"<style>.dfd-heading-69dc8bdef3dc1.dfd-heading-module-wrap .dfd-heading-module .dfd-heading-delimiter {border-bottom-style:solid;border-bottom-width:1px;width:100px;border-bottom-color:#dddddd;}.dfd-heading-69dc8bdef3dc1.dfd-heading-module-wrap .dfd-heading-module .dfd-heading-delimiter {margin-top:20px;margin-bottom:20px;}<\/style>\");\r\n\t\t\t\t\t\t\t\t\t})(jQuery);\r\n\t\t\t\t\t\t\t\t<\/script><\/div>[vc_column_text]El estar acreditados para ensayar seg\u00fan las principales normas internacionales, implica el reconocimiento de los m\u00e1s importantes organismos de acreditaci\u00f3n y garantiza un servicio de calidad.[\/vc_column_text]<div class=\"ult-spacer spacer-69dc8bdef3f57\" data-id=\"69dc8bdef3f57\" data-height=\"30\" data-height-mobile=\"20\" data-height-tab=\"20\" data-height-tab-portrait=\"\" data-height-mobile-landscape=\"\" style=\"clear:both;display:block;\"><\/div>[vc_column_text]Nuestras pol\u00edticas de calidad y medioambiente reflejan nuestro compromiso por prestar servicios de ensayo de alta calidad cuidando la protecci\u00f3n del medio ambiente. Nuestras pol\u00edticas de calidad y medioambiente estan a disposici\u00f3n de las partes interesadas previa solicitud.[\/vc_column_text]<div class=\"ult-spacer spacer-69dc8bdef3fa0\" data-id=\"69dc8bdef3fa0\" data-height=\"30\" data-height-mobile=\"20\" data-height-tab=\"20\" data-height-tab-portrait=\"\" data-height-mobile-landscape=\"\" style=\"clear:both;display:block;\"><\/div>[\/vc_column][vc_column width=\u00bb3\/4&#8243;][vc_row_inner][vc_column_inner width=\u00bb1\/3&#8243;][vc_single_image image=\u00bb17139&#8243; alignment=\u00bbcenter\u00bb css_animation=\u00bbbounceIn\u00bb css=\u00bb.vc_custom_1501661098055{padding-bottom: 15px !important;}\u00bb onclick=\u00bbcustom_link\u00bb link=\u00bbhttps:\/\/www.cetestgroup.com\/wp-content\/uploads\/2017\/08\/certificado_ISO17025.pdf\u00bb]<div id=\"ultimate-heading69dc8bdef400e\" class=\"uvc-heading dfd-delim-bottom   heading-config-top dfd-disable-resposive-headings\"  data-hspacer=\"line_only\"  data-halign=\"center\" style=\"text-align:center\"><h5 class=\"widget-title\">ISO 17025<\/h5><div class=\"uvc-heading-spacer line_only\" style=\"height:1px;\"><span class=\"uvc-headings-line\" style=\"border-style:dotted;border-bottom-width:1px;border-color:#4d6378;width:100px;\"><\/span><\/div><\/div>[vc_column_text]<\/p>\n<p style=\"text-align: center;\"><a href=\"https:\/\/www.cetestgroup.com\/wp-content\/uploads\/2017\/08\/certificado_ISO17025.pdf\" target=\"_blank\" rel=\"noopener noreferrer\">Descargar<\/a><\/p>\n<p>[\/vc_column_text][vc_column_text]<\/p>\n<p style=\"text-align: center;\"><a href=\"https:\/\/www.enac.es\/documents\/7020\/efe51324-5bcd-498c-9045-486bd105c3a7\" target=\"_blank\" rel=\"noopener noreferrer\">Descargar Anexo T\u00e9cnico 664\/LE1385 <\/a><\/p>\n<p>[\/vc_column_text]<div class=\"ult-spacer spacer-69dc8bdef405f\" data-id=\"69dc8bdef405f\" data-height=\"30\" data-height-mobile=\"20\" data-height-tab=\"20\" data-height-tab-portrait=\"\" data-height-mobile-landscape=\"\" style=\"clear:both;display:block;\"><\/div>[\/vc_column_inner][vc_column_inner width=\u00bb1\/3&#8243;][vc_single_image image=\u00bb17138&#8243; alignment=\u00bbcenter\u00bb css_animation=\u00bbbounceIn\u00bb css=\u00bb.vc_custom_1739175573519{padding-bottom: 15px !important;}\u00bb onclick=\u00bbcustom_link\u00bb link=\u00bbhttps:\/\/www.cetestgroup.com\/wp-content\/uploads\/2021\/12\/ISO_9001_ES.pdf\u00bb]<div id=\"ultimate-heading69dc8bdef40d7\" class=\"uvc-heading dfd-delim-bottom   heading-config-top dfd-disable-resposive-headings\"  data-hspacer=\"line_only\"  data-halign=\"center\" style=\"text-align:center\"><h5 class=\"widget-title\">ISO 9001<\/h5><div class=\"uvc-heading-spacer line_only\" style=\"height:1px;\"><span class=\"uvc-headings-line\" style=\"border-style:dotted;border-bottom-width:1px;border-color:#4d6378;width:100px;\"><\/span><\/div><\/div>[vc_column_text css=\u00bb\u00bb]<\/p>\n<p style=\"text-align: center;\"><a href=\"https:\/\/www.cetestgroup.com\/wp-content\/uploads\/2021\/12\/ISO_9001_ES.pdf\" target=\"_blank\" rel=\"noopener noreferrer\">Descargar<\/a><\/p>\n<p>[\/vc_column_text]<div class=\"ult-spacer spacer-69dc8bdef4123\" data-id=\"69dc8bdef4123\" data-height=\"30\" data-height-mobile=\"20\" data-height-tab=\"20\" data-height-tab-portrait=\"\" data-height-mobile-landscape=\"\" style=\"clear:both;display:block;\"><\/div>[\/vc_column_inner][vc_column_inner width=\u00bb1\/3&#8243;][vc_single_image image=\u00bb17140&#8243; alignment=\u00bbcenter\u00bb css_animation=\u00bbbounceIn\u00bb css=\u00bb.vc_custom_1739175597098{padding-bottom: 15px !important;}\u00bb onclick=\u00bbcustom_link\u00bb link=\u00bbhttps:\/\/www.cetestgroup.com\/wp-content\/uploads\/2021\/12\/ISO_14001_ES.pdf\u00bb]<div id=\"ultimate-heading69dc8bdef4181\" class=\"uvc-heading dfd-delim-bottom   heading-config-top dfd-disable-resposive-headings\"  data-hspacer=\"line_only\"  data-halign=\"center\" style=\"text-align:center\"><h5 class=\"widget-title\">ISO 14001<\/h5><div class=\"uvc-heading-spacer line_only\" style=\"height:1px;\"><span class=\"uvc-headings-line\" style=\"border-style:dotted;border-bottom-width:1px;border-color:#4d6378;width:100px;\"><\/span><\/div><\/div>[vc_column_text css=\u00bb\u00bb]<\/p>\n<p style=\"text-align: center;\"><a href=\"https:\/\/www.cetestgroup.com\/wp-content\/uploads\/2021\/12\/ISO_14001_ES.pdf\" target=\"_blank\" rel=\"noopener noreferrer\">Descargar<\/a><\/p>\n<p>[\/vc_column_text]<div class=\"ult-spacer spacer-69dc8bdef41c9\" data-id=\"69dc8bdef41c9\" data-height=\"30\" data-height-mobile=\"20\" data-height-tab=\"20\" data-height-tab-portrait=\"\" data-height-mobile-landscape=\"\" style=\"clear:both;display:block;\"><\/div>[\/vc_column_inner][\/vc_row_inner][vc_row_inner][vc_column_inner width=\u00bb1\/2&#8243; offset=\u00bbvc_col-lg-offset-2 vc_col-lg-4 vc_col-md-offset-2 vc_col-md-4&#8243;][vc_single_image image=\u00bb17136&#8243; alignment=\u00bbcenter\u00bb css_animation=\u00bbbounceIn\u00bb css=\u00bb.vc_custom_1739175624197{padding-bottom: 15px !important;}\u00bb onclick=\u00bbcustom_link\u00bb link=\u00bbhttps:\/\/www.cetestgroup.com\/wp-content\/uploads\/2021\/12\/EN_9100_ES.pdf\u00bb]<div id=\"ultimate-heading69dc8bdef4224\" class=\"uvc-heading dfd-delim-bottom   heading-config-top dfd-disable-resposive-headings\"  data-hspacer=\"line_only\"  data-halign=\"center\" style=\"text-align:center\"><h5 class=\"widget-title\">EN 9100<\/h5><div class=\"uvc-heading-spacer line_only\" style=\"height:1px;\"><span class=\"uvc-headings-line\" style=\"border-style:dotted;border-bottom-width:1px;border-color:#4d6378;width:100px;\"><\/span><\/div><\/div>[vc_column_text css=\u00bb\u00bb]<\/p>\n<p style=\"text-align: center;\"><a href=\"https:\/\/www.cetestgroup.com\/wp-content\/uploads\/2021\/12\/EN_9100_ES.pdf\" target=\"_blank\" rel=\"noopener noreferrer\">Descargar<\/a><\/p>\n<p>[\/vc_column_text]<div class=\"ult-spacer spacer-69dc8bdf00028\" data-id=\"69dc8bdf00028\" data-height=\"30\" data-height-mobile=\"20\" data-height-tab=\"20\" data-height-tab-portrait=\"\" data-height-mobile-landscape=\"\" style=\"clear:both;display:block;\"><\/div>[\/vc_column_inner][vc_column_inner width=\u00bb1\/2&#8243; offset=\u00bbvc_col-lg-4 vc_col-md-4&#8243;][vc_single_image image=\u00bb17137&#8243; alignment=\u00bbcenter\u00bb css_animation=\u00bbbounceIn\u00bb css=\u00bb.vc_custom_1501660817089{padding-bottom: 15px !important;}\u00bb onclick=\u00bbcustom_link\u00bb]<div id=\"ultimate-heading69dc8bdf00072\" class=\"uvc-heading dfd-delim-top   heading-config-top dfd-disable-resposive-headings\"  data-hspacer=\"no_spacer\"  data-halign=\"center\" style=\"text-align:center\"><div class=\"uvc-heading-spacer no_spacer\" style=\"\"><\/div><h5 class=\"widget-title\">ISO 9712<\/h5><\/div>[\/vc_column_inner][\/vc_row_inner][\/vc_column][\/vc_row][vc_row][vc_column]<div class=\"ult-spacer spacer-69dc8bdf000b3\" data-id=\"69dc8bdf000b3\" data-height=\"30\" data-height-mobile=\"20\" data-height-tab=\"20\" data-height-tab-portrait=\"\" data-height-mobile-landscape=\"\" style=\"clear:both;display:block;\"><\/div>[\/vc_column][\/vc_row]<\/p>\n<\/div>","protected":false},"excerpt":{"rendered":"<p>[vc_row][vc_column][\/vc_column][\/vc_row][vc_row][vc_column width=\u00bb1\/4&#8243;][vc_column_text]El estar acreditados para ensayar seg\u00fan las principales normas internacionales, implica el reconocimiento de los m\u00e1s importantes organismos de acreditaci\u00f3n y garantiza un servicio de calidad.[\/vc_column_text][vc_column_text]Nuestras pol\u00edticas de calidad<\/p>\n","protected":false},"author":1,"featured_media":0,"parent":0,"menu_order":0,"comment_status":"closed","ping_status":"closed","template":"tmp-page-no-sidebar.php","meta":{"_acf_changed":false,"footnotes":""},"class_list":["post-17609","page","type-page","status-publish","hentry"],"acf":[],"yoast_head":"<!-- This site is optimized with the Yoast SEO plugin v27.3 - https:\/\/yoast.com\/product\/yoast-seo-wordpress\/ -->\n<title>Certificaciones | CETEST<\/title>\n<meta name=\"robots\" content=\"index, follow, max-snippet:-1, max-image-preview:large, max-video-preview:-1\" \/>\n<link rel=\"canonical\" href=\"https:\/\/www.cetestgroup.com\/es\/certificaciones\/\" \/>\n<meta property=\"og:locale\" content=\"es_ES\" \/>\n<meta property=\"og:type\" content=\"article\" \/>\n<meta property=\"og:title\" content=\"Certificaciones | CETEST\" \/>\n<meta property=\"og:description\" content=\"[vc_row][vc_column][\/vc_column][\/vc_row][vc_row][vc_column width=\u00bb1\/4&#8243;][vc_column_text]El estar acreditados para ensayar seg\u00fan las principales normas internacionales, implica el reconocimiento de los m\u00e1s importantes organismos de acreditaci\u00f3n y garantiza un servicio de calidad.[\/vc_column_text][vc_column_text]Nuestras pol\u00edticas de calidad\" \/>\n<meta property=\"og:url\" content=\"https:\/\/www.cetestgroup.com\/es\/certificaciones\/\" \/>\n<meta property=\"og:site_name\" content=\"CETEST\" \/>\n<meta property=\"article:modified_time\" content=\"2025-02-10T08:20:45+00:00\" \/>\n<meta name=\"twitter:card\" content=\"summary_large_image\" \/>\n<meta name=\"twitter:label1\" content=\"Tiempo de lectura\" \/>\n\t<meta name=\"twitter:data1\" content=\"2 minutos\" \/>\n<script type=\"application\/ld+json\" class=\"yoast-schema-graph\">{\"@context\":\"https:\\\/\\\/schema.org\",\"@graph\":[{\"@type\":\"WebPage\",\"@id\":\"https:\\\/\\\/www.cetestgroup.com\\\/es\\\/certificaciones\\\/\",\"url\":\"https:\\\/\\\/www.cetestgroup.com\\\/es\\\/certificaciones\\\/\",\"name\":\"Certificaciones | CETEST\",\"isPartOf\":{\"@id\":\"https:\\\/\\\/www.cetestgroup.com\\\/es\\\/#website\"},\"datePublished\":\"2018-04-04T15:44:49+00:00\",\"dateModified\":\"2025-02-10T08:20:45+00:00\",\"breadcrumb\":{\"@id\":\"https:\\\/\\\/www.cetestgroup.com\\\/es\\\/certificaciones\\\/#breadcrumb\"},\"inLanguage\":\"es\",\"potentialAction\":[{\"@type\":\"ReadAction\",\"target\":[\"https:\\\/\\\/www.cetestgroup.com\\\/es\\\/certificaciones\\\/\"]}]},{\"@type\":\"BreadcrumbList\",\"@id\":\"https:\\\/\\\/www.cetestgroup.com\\\/es\\\/certificaciones\\\/#breadcrumb\",\"itemListElement\":[{\"@type\":\"ListItem\",\"position\":1,\"name\":\"Home\",\"item\":\"https:\\\/\\\/www.cetestgroup.com\\\/es\\\/\"},{\"@type\":\"ListItem\",\"position\":2,\"name\":\"Certificaciones\"}]},{\"@type\":\"WebSite\",\"@id\":\"https:\\\/\\\/www.cetestgroup.com\\\/es\\\/#website\",\"url\":\"https:\\\/\\\/www.cetestgroup.com\\\/es\\\/\",\"name\":\"CETEST\",\"description\":\"CETEST is a fully accredited independent test laboratory offering services for design verification, model validation, developmental testing and\\\/or answers to help you identify failure root causes. We carry out tests in our facilities as well as on site as required by customer needs.\",\"potentialAction\":[{\"@type\":\"SearchAction\",\"target\":{\"@type\":\"EntryPoint\",\"urlTemplate\":\"https:\\\/\\\/www.cetestgroup.com\\\/es\\\/?s={search_term_string}\"},\"query-input\":{\"@type\":\"PropertyValueSpecification\",\"valueRequired\":true,\"valueName\":\"search_term_string\"}}],\"inLanguage\":\"es\"}]}<\/script>\n<!-- \/ Yoast SEO plugin. -->","yoast_head_json":{"title":"Certificaciones | CETEST","robots":{"index":"index","follow":"follow","max-snippet":"max-snippet:-1","max-image-preview":"max-image-preview:large","max-video-preview":"max-video-preview:-1"},"canonical":"https:\/\/www.cetestgroup.com\/es\/certificaciones\/","og_locale":"es_ES","og_type":"article","og_title":"Certificaciones | CETEST","og_description":"[vc_row][vc_column][\/vc_column][\/vc_row][vc_row][vc_column width=\u00bb1\/4&#8243;][vc_column_text]El estar acreditados para ensayar seg\u00fan las principales normas internacionales, implica el reconocimiento de los m\u00e1s importantes organismos de acreditaci\u00f3n y garantiza un servicio de calidad.[\/vc_column_text][vc_column_text]Nuestras pol\u00edticas de calidad","og_url":"https:\/\/www.cetestgroup.com\/es\/certificaciones\/","og_site_name":"CETEST","article_modified_time":"2025-02-10T08:20:45+00:00","twitter_card":"summary_large_image","twitter_misc":{"Tiempo de lectura":"2 minutos"},"schema":{"@context":"https:\/\/schema.org","@graph":[{"@type":"WebPage","@id":"https:\/\/www.cetestgroup.com\/es\/certificaciones\/","url":"https:\/\/www.cetestgroup.com\/es\/certificaciones\/","name":"Certificaciones | CETEST","isPartOf":{"@id":"https:\/\/www.cetestgroup.com\/es\/#website"},"datePublished":"2018-04-04T15:44:49+00:00","dateModified":"2025-02-10T08:20:45+00:00","breadcrumb":{"@id":"https:\/\/www.cetestgroup.com\/es\/certificaciones\/#breadcrumb"},"inLanguage":"es","potentialAction":[{"@type":"ReadAction","target":["https:\/\/www.cetestgroup.com\/es\/certificaciones\/"]}]},{"@type":"BreadcrumbList","@id":"https:\/\/www.cetestgroup.com\/es\/certificaciones\/#breadcrumb","itemListElement":[{"@type":"ListItem","position":1,"name":"Home","item":"https:\/\/www.cetestgroup.com\/es\/"},{"@type":"ListItem","position":2,"name":"Certificaciones"}]},{"@type":"WebSite","@id":"https:\/\/www.cetestgroup.com\/es\/#website","url":"https:\/\/www.cetestgroup.com\/es\/","name":"CETEST","description":"CETEST is a fully accredited independent test laboratory offering services for design verification, model validation, developmental testing and\/or answers to help you identify failure root causes. We carry out tests in our facilities as well as on site as required by customer needs.","potentialAction":[{"@type":"SearchAction","target":{"@type":"EntryPoint","urlTemplate":"https:\/\/www.cetestgroup.com\/es\/?s={search_term_string}"},"query-input":{"@type":"PropertyValueSpecification","valueRequired":true,"valueName":"search_term_string"}}],"inLanguage":"es"}]}},"_links":{"self":[{"href":"https:\/\/www.cetestgroup.com\/es\/wp-json\/wp\/v2\/pages\/17609","targetHints":{"allow":["GET"]}}],"collection":[{"href":"https:\/\/www.cetestgroup.com\/es\/wp-json\/wp\/v2\/pages"}],"about":[{"href":"https:\/\/www.cetestgroup.com\/es\/wp-json\/wp\/v2\/types\/page"}],"author":[{"embeddable":true,"href":"https:\/\/www.cetestgroup.com\/es\/wp-json\/wp\/v2\/users\/1"}],"replies":[{"embeddable":true,"href":"https:\/\/www.cetestgroup.com\/es\/wp-json\/wp\/v2\/comments?post=17609"}],"version-history":[{"count":3,"href":"https:\/\/www.cetestgroup.com\/es\/wp-json\/wp\/v2\/pages\/17609\/revisions"}],"predecessor-version":[{"id":20029,"href":"https:\/\/www.cetestgroup.com\/es\/wp-json\/wp\/v2\/pages\/17609\/revisions\/20029"}],"wp:attachment":[{"href":"https:\/\/www.cetestgroup.com\/es\/wp-json\/wp\/v2\/media?parent=17609"}],"curies":[{"name":"wp","href":"https:\/\/api.w.org\/{rel}","templated":true}]}}